{"id":108316,"date":"2025-02-19T07:43:37","date_gmt":"2025-02-19T05:43:37","guid":{"rendered":"https:\/\/basseinimeistrid.ee\/pood\/Ei-luokiteltu\/allasletku-poolhose-38mm\/"},"modified":"2025-03-11T00:58:33","modified_gmt":"2025-03-10T22:58:33","slug":"allasletku-poolhose-38mm","status":"publish","type":"product","link":"https:\/\/basseinimeistrid.ee\/fi\/pood\/allasletku-poolhose-38mm\/","title":{"rendered":"Allasletku Poolhose 38mm"},"content":{"rendered":"<h4>Astralpool Poolhose 38mm allasletku<\/h4>\n<p>Kelluvat letkut sinisest\u00e4 UV-kest\u00e4v\u00e4st\u00e4 polyeteenist\u00e4. \u00d838 mm (1\u00bd&#8221;) suuttimet on hitsattu letkuun. Suuttimet ovat hieman kartiomaisia, jotta ne voidaan liitt\u00e4\u00e4 k\u00e4tev\u00e4sti skimmereihin, sein\u00e4pistorasioihin, uima-altaan imuriin, puhdistusv\u00e4lineisiin jne.<\/p>\n<p>Saatavilla olevat pituudet:<\/p>\n<ul>\n<li>6m (55940)<\/li>\n<li>8 m (1378)<\/li>\n<li>10 m (1377)<\/li>\n<li>12 m (1376)<\/li>\n<li>15 m (1375)<\/li>\n<\/ul>\n","protected":false},"excerpt":{"rendered":"<p>Astralpool Poolhose 38mm allasletku Kelluvat letkut sinisest\u00e4 UV-kest\u00e4v\u00e4st\u00e4 polyeteenist\u00e4. \u00d838 mm (1\u00bd&#8221;) suuttimet on hitsattu letkuun. Suuttimet ovat hieman kartiomaisia, jotta ne voidaan liitt\u00e4\u00e4 k\u00e4tev\u00e4sti skimmereihin, sein\u00e4pistorasioihin, uima-altaan imuriin, puhdistusv\u00e4lineisiin jne. Saatavilla olevat pituudet: 6m (55940) 8 m (1378) 10 m (1377) 12 m (1376) 15 m (1375)<\/p>\n","protected":false},"featured_media":106487,"template":"","meta":{"_et_pb_use_builder":"","_et_pb_old_content":"","_et_gb_content_width":""},"product_brand":[],"product_cat":[169,118],"product_tag":[],"class_list":{"0":"post-108316","1":"product","2":"type-product","3":"status-publish","4":"has-post-thumbnail","6":"product_cat-letkut","7":"product_cat-uima-altaan-tarvikkeet","8":"product_shipping_class-kuller-fi","10":"first","11":"instock","12":"taxable","13":"shipping-taxable","14":"purchasable","15":"product-type-simple"},"jetpack_sharing_enabled":true,"_links":{"self":[{"href":"https:\/\/basseinimeistrid.ee\/fi\/wp-json\/wp\/v2\/product\/108316","targetHints":{"allow":["GET"]}}],"collection":[{"href":"https:\/\/basseinimeistrid.ee\/fi\/wp-json\/wp\/v2\/product"}],"about":[{"href":"https:\/\/basseinimeistrid.ee\/fi\/wp-json\/wp\/v2\/types\/product"}],"wp:featuredmedia":[{"embeddable":true,"href":"https:\/\/basseinimeistrid.ee\/fi\/wp-json\/wp\/v2\/media\/106487"}],"wp:attachment":[{"href":"https:\/\/basseinimeistrid.ee\/fi\/wp-json\/wp\/v2\/media?parent=108316"}],"wp:term":[{"taxonomy":"product_brand","embeddable":true,"href":"https:\/\/basseinimeistrid.ee\/fi\/wp-json\/wp\/v2\/product_brand?post=108316"},{"taxonomy":"product_cat","embeddable":true,"href":"https:\/\/basseinimeistrid.ee\/fi\/wp-json\/wp\/v2\/product_cat?post=108316"},{"taxonomy":"product_tag","embeddable":true,"href":"https:\/\/basseinimeistrid.ee\/fi\/wp-json\/wp\/v2\/product_tag?post=108316"}],"curies":[{"name":"wp","href":"https:\/\/api.w.org\/{rel}","templated":true}]}}