{"id":108318,"date":"2025-02-18T22:17:09","date_gmt":"2025-02-18T20:17:09","guid":{"rendered":"https:\/\/basseinimeistrid.ee\/pood\/Ei-luokiteltu\/letkunkiristin-ruostumatonta-terasta-orbit-w4\/"},"modified":"2025-03-11T01:08:57","modified_gmt":"2025-03-10T23:08:57","slug":"letkunkiristin-ruostumatonta-terasta-orbit-w4","status":"publish","type":"product","link":"https:\/\/basseinimeistrid.ee\/fi\/pood\/letkunkiristin-ruostumatonta-terasta-orbit-w4\/","title":{"rendered":"Letkunkiristin ruostumatonta ter\u00e4st\u00e4 Orbit W4"},"content":{"rendered":"<p>ORBIT W4 Laadukkaat letkunkiristimet. Letkunkiristimet on valmistettu kokonaan 304 ruostumattomasta ter\u00e4ksest\u00e4.<\/p>\n<ul>\n<li>9,5 mm leve\u00e4t, halkaisija 12-20 mm<\/li>\n<li>12 mm leve\u00e4t puristimet, halkaisija 22-380 mm<\/li>\n<li>Jopa 70 mm, 10 kpl per pakkaus<\/li>\n<li>70-159mm pakkaus 5 kpl<\/li>\n<li>Hinta koko paketille<\/li>\n<\/ul>\n","protected":false},"excerpt":{"rendered":"<p>ORBIT W4 Laadukkaat letkunkiristimet. Letkunkiristimet on valmistettu kokonaan 304 ruostumattomasta ter\u00e4ksest\u00e4. 9,5 mm leve\u00e4t, halkaisija 12-20 mm 12 mm leve\u00e4t puristimet, halkaisija 22-380 mm Jopa 70 mm, 10 kpl per pakkaus 70-159mm pakkaus 5 kpl Hinta koko paketille<\/p>\n","protected":false},"featured_media":106451,"template":"","meta":{"_et_pb_use_builder":"","_et_pb_old_content":"","_et_gb_content_width":""},"product_brand":[],"product_cat":[169],"product_tag":[],"class_list":{"0":"post-108318","1":"product","2":"type-product","3":"status-publish","4":"has-post-thumbnail","6":"product_cat-letkut","7":"product_shipping_class-pakiautomaat-fi","9":"first","10":"instock","11":"taxable","12":"shipping-taxable","13":"purchasable","14":"product-type-simple"},"jetpack_sharing_enabled":true,"_links":{"self":[{"href":"https:\/\/basseinimeistrid.ee\/fi\/wp-json\/wp\/v2\/product\/108318","targetHints":{"allow":["GET"]}}],"collection":[{"href":"https:\/\/basseinimeistrid.ee\/fi\/wp-json\/wp\/v2\/product"}],"about":[{"href":"https:\/\/basseinimeistrid.ee\/fi\/wp-json\/wp\/v2\/types\/product"}],"wp:featuredmedia":[{"embeddable":true,"href":"https:\/\/basseinimeistrid.ee\/fi\/wp-json\/wp\/v2\/media\/106451"}],"wp:attachment":[{"href":"https:\/\/basseinimeistrid.ee\/fi\/wp-json\/wp\/v2\/media?parent=108318"}],"wp:term":[{"taxonomy":"product_brand","embeddable":true,"href":"https:\/\/basseinimeistrid.ee\/fi\/wp-json\/wp\/v2\/product_brand?post=108318"},{"taxonomy":"product_cat","embeddable":true,"href":"https:\/\/basseinimeistrid.ee\/fi\/wp-json\/wp\/v2\/product_cat?post=108318"},{"taxonomy":"product_tag","embeddable":true,"href":"https:\/\/basseinimeistrid.ee\/fi\/wp-json\/wp\/v2\/product_tag?post=108318"}],"curies":[{"name":"wp","href":"https:\/\/api.w.org\/{rel}","templated":true}]}}