{"id":108324,"date":"2025-02-18T18:06:51","date_gmt":"2025-02-18T16:06:51","guid":{"rendered":"https:\/\/basseinimeistrid.ee\/pood\/Ei-luokiteltu\/joustavasta-putkesta-jaykkaan-avattava-siirtyma\/"},"modified":"2025-03-13T06:43:16","modified_gmt":"2025-03-13T04:43:16","slug":"joustavasta-putkesta-jaykkaan-avattava-siirtyma","status":"publish","type":"product","link":"https:\/\/basseinimeistrid.ee\/fi\/pood\/joustavasta-putkesta-jaykkaan-avattava-siirtyma\/","title":{"rendered":"Joustavasta putkesta j\u00e4ykk\u00e4\u00e4n avattava siirtym\u00e4"},"content":{"rendered":"<p>Liitoskappale 50 ja 63 mm joustaville putkille oikean ja laadukkaan liitoksen aikaansaamiseksi j\u00e4ykill\u00e4 liitoksilla. Tiiviste ja puristusrengas joustavan putken liitt\u00e4miseen liittimeen. Toinen p\u00e4\u00e4 on liimattavaa PVC:t\u00e4. Paine 4, 4bar max. max 60\u00b0C.<\/p>\n<ul>\n<li>50mm AG380<\/li>\n<li>63mm AG382<\/li>\n<\/ul>\n","protected":false},"excerpt":{"rendered":"<p>Liitoskappale 50 ja 63 mm joustaville putkille oikean ja laadukkaan liitoksen aikaansaamiseksi j\u00e4ykill\u00e4 liitoksilla. Tiiviste ja puristusrengas joustavan putken liitt\u00e4miseen liittimeen. Toinen p\u00e4\u00e4 on liimattavaa PVC:t\u00e4. Paine 4, 4bar max. max 60\u00b0C. 50mm AG380 63mm AG382<\/p>\n","protected":false},"featured_media":106371,"template":"","meta":{"_et_pb_use_builder":"","_et_pb_old_content":"","_et_gb_content_width":""},"product_brand":[],"product_cat":[178],"product_tag":[],"class_list":{"0":"post-108324","1":"product","2":"type-product","3":"status-publish","4":"has-post-thumbnail","6":"product_cat-joustavat-putket","7":"product_shipping_class-pakiautomaat-fi","9":"first","10":"instock","11":"taxable","12":"shipping-taxable","13":"purchasable","14":"product-type-simple"},"jetpack_sharing_enabled":true,"_links":{"self":[{"href":"https:\/\/basseinimeistrid.ee\/fi\/wp-json\/wp\/v2\/product\/108324","targetHints":{"allow":["GET"]}}],"collection":[{"href":"https:\/\/basseinimeistrid.ee\/fi\/wp-json\/wp\/v2\/product"}],"about":[{"href":"https:\/\/basseinimeistrid.ee\/fi\/wp-json\/wp\/v2\/types\/product"}],"wp:featuredmedia":[{"embeddable":true,"href":"https:\/\/basseinimeistrid.ee\/fi\/wp-json\/wp\/v2\/media\/106371"}],"wp:attachment":[{"href":"https:\/\/basseinimeistrid.ee\/fi\/wp-json\/wp\/v2\/media?parent=108324"}],"wp:term":[{"taxonomy":"product_brand","embeddable":true,"href":"https:\/\/basseinimeistrid.ee\/fi\/wp-json\/wp\/v2\/product_brand?post=108324"},{"taxonomy":"product_cat","embeddable":true,"href":"https:\/\/basseinimeistrid.ee\/fi\/wp-json\/wp\/v2\/product_cat?post=108324"},{"taxonomy":"product_tag","embeddable":true,"href":"https:\/\/basseinimeistrid.ee\/fi\/wp-json\/wp\/v2\/product_tag?post=108324"}],"curies":[{"name":"wp","href":"https:\/\/api.w.org\/{rel}","templated":true}]}}