{"id":108325,"date":"2025-02-18T18:03:43","date_gmt":"2025-02-18T16:03:43","guid":{"rendered":"https:\/\/basseinimeistrid.ee\/pood\/Ei-luokiteltu\/siirtyma-liima-sisakierre\/"},"modified":"2025-03-13T06:50:07","modified_gmt":"2025-03-13T04:50:07","slug":"siirtyma-liima-sisakierre","status":"publish","type":"product","link":"https:\/\/basseinimeistrid.ee\/fi\/pood\/siirtyma-liima-sisakierre\/","title":{"rendered":"Siirtym\u00e4 liima &gt; sis\u00e4kierre"},"content":{"rendered":"<p>Cepex PVC-helat ovat korkeimpia laatustandardeja ja niill\u00e4 on erilaisia \u200b\u200bsertifikaatteja &#8211; AENOR, AFNOR, Kiwa jne. Suurin valikoima Cepex-osia takaa yhdistelm\u00e4mahdollisuuden monilla eri alueilla: juomavesi- ja kasteluj\u00e4rjestelm\u00e4t, uima-allas- ja lampiputket jne. Max 16 bar, ellei tuotteessa ole toisin mainittu.<\/p>\n<p><a href=\"https:\/\/www.cepex.com\/wp-content\/uploads\/2024\/04\/2-cepexpvcfittings50.pdf\" target=\"_blank\" rel=\"noopener\">Linkki valmistajan englanninkieliseen luetteloon<\/a><\/p>\n","protected":false},"excerpt":{"rendered":"<p>Cepex PVC-helat ovat korkeimpia laatustandardeja ja niill\u00e4 on erilaisia \u200b\u200bsertifikaatteja &#8211; AENOR, AFNOR, Kiwa jne. Suurin valikoima Cepex-osia takaa yhdistelm\u00e4mahdollisuuden monilla eri alueilla: juomavesi- ja kasteluj\u00e4rjestelm\u00e4t, uima-allas- ja lampiputket jne. Max 16 bar, ellei tuotteessa ole toisin mainittu. Linkki valmistajan englanninkieliseen luetteloon<\/p>\n","protected":false},"featured_media":106414,"template":"","meta":{"_et_pb_use_builder":"","_et_pb_old_content":"","_et_gb_content_width":""},"product_brand":[],"product_cat":[229],"product_tag":[],"class_list":{"0":"post-108325","1":"product","2":"type-product","3":"status-publish","4":"has-post-thumbnail","6":"product_cat-cepex-sarjan-liittimet","7":"product_shipping_class-pakiautomaat-fi","9":"first","10":"instock","11":"taxable","12":"shipping-taxable","13":"purchasable","14":"product-type-simple"},"jetpack_sharing_enabled":true,"_links":{"self":[{"href":"https:\/\/basseinimeistrid.ee\/fi\/wp-json\/wp\/v2\/product\/108325","targetHints":{"allow":["GET"]}}],"collection":[{"href":"https:\/\/basseinimeistrid.ee\/fi\/wp-json\/wp\/v2\/product"}],"about":[{"href":"https:\/\/basseinimeistrid.ee\/fi\/wp-json\/wp\/v2\/types\/product"}],"wp:featuredmedia":[{"embeddable":true,"href":"https:\/\/basseinimeistrid.ee\/fi\/wp-json\/wp\/v2\/media\/106414"}],"wp:attachment":[{"href":"https:\/\/basseinimeistrid.ee\/fi\/wp-json\/wp\/v2\/media?parent=108325"}],"wp:term":[{"taxonomy":"product_brand","embeddable":true,"href":"https:\/\/basseinimeistrid.ee\/fi\/wp-json\/wp\/v2\/product_brand?post=108325"},{"taxonomy":"product_cat","embeddable":true,"href":"https:\/\/basseinimeistrid.ee\/fi\/wp-json\/wp\/v2\/product_cat?post=108325"},{"taxonomy":"product_tag","embeddable":true,"href":"https:\/\/basseinimeistrid.ee\/fi\/wp-json\/wp\/v2\/product_tag?post=108325"}],"curies":[{"name":"wp","href":"https:\/\/api.w.org\/{rel}","templated":true}]}}