{"id":108328,"date":"2025-02-18T17:35:02","date_gmt":"2025-02-18T15:35:02","guid":{"rendered":"https:\/\/basseinimeistrid.ee\/pood\/Ei-luokiteltu\/siirtyminen-joustavasta-putkesta-jaykkaan-putkeen\/"},"modified":"2025-03-13T20:04:49","modified_gmt":"2025-03-13T18:04:49","slug":"siirtyminen-joustavasta-putkesta-jaykkaan-putkeen","status":"publish","type":"product","link":"https:\/\/basseinimeistrid.ee\/fi\/pood\/siirtyminen-joustavasta-putkesta-jaykkaan-putkeen\/","title":{"rendered":"Siirtyminen joustavasta putkesta j\u00e4ykk\u00e4\u00e4n putkeen"},"content":{"rendered":"<p>Liitoskappale 50 ja 63 mm joustaville putkille oikean ja laadukkaan liitoksen aikaansaamiseksi j\u00e4ykill\u00e4 liitoksilla. Liittimess\u00e4 on l\u00e4hes 2x pidempi kosketuspinta joustavan putken liimaamiseen verrattuna tavanomaiseen samanhalkaisijaiseen PVC-liittimeen.<\/p>\n<ul>\n<li>50mm AF146<\/li>\n<li>63mm AF147<\/li>\n<\/ul>\n","protected":false},"excerpt":{"rendered":"<p>Liitoskappale 50 ja 63 mm joustaville putkille oikean ja laadukkaan liitoksen aikaansaamiseksi j\u00e4ykill\u00e4 liitoksilla. Liittimess\u00e4 on l\u00e4hes 2x pidempi kosketuspinta joustavan putken liimaamiseen verrattuna tavanomaiseen samanhalkaisijaiseen PVC-liittimeen. 50mm AF146 63mm AF147<\/p>\n","protected":false},"featured_media":106368,"template":"","meta":{"_et_pb_use_builder":"","_et_pb_old_content":"","_et_gb_content_width":""},"product_brand":[],"product_cat":[178],"product_tag":[],"class_list":{"0":"post-108328","1":"product","2":"type-product","3":"status-publish","4":"has-post-thumbnail","6":"product_cat-joustavat-putket","7":"product_shipping_class-pakiautomaat-fi","9":"first","10":"instock","11":"taxable","12":"shipping-taxable","13":"purchasable","14":"product-type-simple"},"jetpack_sharing_enabled":true,"_links":{"self":[{"href":"https:\/\/basseinimeistrid.ee\/fi\/wp-json\/wp\/v2\/product\/108328","targetHints":{"allow":["GET"]}}],"collection":[{"href":"https:\/\/basseinimeistrid.ee\/fi\/wp-json\/wp\/v2\/product"}],"about":[{"href":"https:\/\/basseinimeistrid.ee\/fi\/wp-json\/wp\/v2\/types\/product"}],"wp:featuredmedia":[{"embeddable":true,"href":"https:\/\/basseinimeistrid.ee\/fi\/wp-json\/wp\/v2\/media\/106368"}],"wp:attachment":[{"href":"https:\/\/basseinimeistrid.ee\/fi\/wp-json\/wp\/v2\/media?parent=108328"}],"wp:term":[{"taxonomy":"product_brand","embeddable":true,"href":"https:\/\/basseinimeistrid.ee\/fi\/wp-json\/wp\/v2\/product_brand?post=108328"},{"taxonomy":"product_cat","embeddable":true,"href":"https:\/\/basseinimeistrid.ee\/fi\/wp-json\/wp\/v2\/product_cat?post=108328"},{"taxonomy":"product_tag","embeddable":true,"href":"https:\/\/basseinimeistrid.ee\/fi\/wp-json\/wp\/v2\/product_tag?post=108328"}],"curies":[{"name":"wp","href":"https:\/\/api.w.org\/{rel}","templated":true}]}}