{"id":108329,"date":"2025-02-18T16:18:19","date_gmt":"2025-02-18T14:18:19","guid":{"rendered":"https:\/\/basseinimeistrid.ee\/pood\/Ei-luokiteltu\/letku-amazone-50m\/"},"modified":"2025-03-13T20:08:13","modified_gmt":"2025-03-13T18:08:13","slug":"letku-amazone-50m","status":"publish","type":"product","link":"https:\/\/basseinimeistrid.ee\/fi\/pood\/letku-amazone-50m\/","title":{"rendered":"Letku Amazone 50m"},"content":{"rendered":"<p>Alfaflex Amazone SE (super elastiset) letkut, joiden halkaisija on 25-110mm. Paine- ja tyhji\u00f6sovelluksiin. Soveltuu pumppaamiseen ja imemiseen. Letkujen mitat mitataan letkun sis\u00e4puolelta.<\/p>\n<p>Paineet:<\/p>\n<ul>\n<li>25-38mm 6 bar @20\u00baC<\/li>\n<li>50mm 5 bar @20\u00baC<\/li>\n<li>63-75mm 4,5 bar @20\u00baC<\/li>\n<li>90mm 4 bar @20\u00baC<\/li>\n<li>110mm 3,5 bar @20\u00baC<\/li>\n<li>Turvallisuuskerroin kolminkertaisella marginaalilla testitulokseen verrattuna.<\/li>\n<\/ul>\n<p>Tyhji\u00f6 m\/ <sub>H2O<\/sub> :<\/p>\n<ul>\n<li>25-50mm 10m\/ <sub>H2O<\/sub><\/li>\n<li>63-90mm 9m\/ <sub>H2O<\/sub><\/li>\n<li>110mm 8m\/ <sub>H2O<\/sub><\/li>\n<\/ul>\n<p>K\u00e4ytt\u00f6l\u00e4mp\u00f6tila -20\u00baC &#8230; +60\u00baC<\/p>\n<p>50m per rulla (paitsi 30m 110mm letkulle)<\/p>\n<p>Letkujen sis\u00e4-\/ulkohalkaisijat:<\/p>\n<ul>\n<li>25 x 32,4 mm (ka126)<\/li>\n<li>32 x 40 mm (ka128)<\/li>\n<li>38 x 46,6 mm (ka130)<\/li>\n<li>50 x 59,2 mm (ka133)<\/li>\n<li>63 x 73,4 mm (ka136)<\/li>\n<li>75 x 84 mm (ka138)<\/li>\n<li>90 x 102,6 mm (ka140)<\/li>\n<li>110 x 123,8 mm (ka142)<\/li>\n<\/ul>\n<p>&nbsp;<\/p>\n<p>Tuotteen esittely ja tiedot <a href=\"https:\/\/basseinimeistrid.ee\/wp-content\/uploads\/2025\/02\/Alfaflex_-_Amazone_SE.pdf\" target=\"_blank\" rel=\"noopener\">T\u00c4\u00c4LT\u00c4<\/a><\/p>\n","protected":false},"excerpt":{"rendered":"<p>Alfaflex Amazone SE (super elastiset) letkut, joiden halkaisija on 25-110mm. Paine- ja tyhji\u00f6sovelluksiin. Soveltuu pumppaamiseen ja imemiseen. Letkujen mitat mitataan letkun sis\u00e4puolelta. Paineet: 25-38mm 6 bar @20\u00baC 50mm 5 bar @20\u00baC 63-75mm 4,5 bar @20\u00baC 90mm 4 bar @20\u00baC 110mm 3,5 bar @20\u00baC Turvallisuuskerroin kolminkertaisella marginaalilla testitulokseen verrattuna. Tyhji\u00f6 m\/ H2O : 25-50mm 10m\/ H2O [&hellip;]<\/p>\n","protected":false},"featured_media":106362,"template":"","meta":{"_et_pb_use_builder":"","_et_pb_old_content":"","_et_gb_content_width":""},"product_brand":[],"product_cat":[169],"product_tag":[],"class_list":{"0":"post-108329","1":"product","2":"type-product","3":"status-publish","4":"has-post-thumbnail","6":"product_cat-letkut","7":"product_shipping_class-kuller-fi","9":"first","10":"instock","11":"taxable","12":"shipping-taxable","13":"purchasable","14":"product-type-simple"},"jetpack_sharing_enabled":true,"_links":{"self":[{"href":"https:\/\/basseinimeistrid.ee\/fi\/wp-json\/wp\/v2\/product\/108329","targetHints":{"allow":["GET"]}}],"collection":[{"href":"https:\/\/basseinimeistrid.ee\/fi\/wp-json\/wp\/v2\/product"}],"about":[{"href":"https:\/\/basseinimeistrid.ee\/fi\/wp-json\/wp\/v2\/types\/product"}],"wp:featuredmedia":[{"embeddable":true,"href":"https:\/\/basseinimeistrid.ee\/fi\/wp-json\/wp\/v2\/media\/106362"}],"wp:attachment":[{"href":"https:\/\/basseinimeistrid.ee\/fi\/wp-json\/wp\/v2\/media?parent=108329"}],"wp:term":[{"taxonomy":"product_brand","embeddable":true,"href":"https:\/\/basseinimeistrid.ee\/fi\/wp-json\/wp\/v2\/product_brand?post=108329"},{"taxonomy":"product_cat","embeddable":true,"href":"https:\/\/basseinimeistrid.ee\/fi\/wp-json\/wp\/v2\/product_cat?post=108329"},{"taxonomy":"product_tag","embeddable":true,"href":"https:\/\/basseinimeistrid.ee\/fi\/wp-json\/wp\/v2\/product_tag?post=108329"}],"curies":[{"name":"wp","href":"https:\/\/api.w.org\/{rel}","templated":true}]}}