{"id":108330,"date":"2025-02-18T16:17:51","date_gmt":"2025-02-18T14:17:51","guid":{"rendered":"https:\/\/basseinimeistrid.ee\/pood\/Ei-luokiteltu\/letku-light-duty-50m\/"},"modified":"2025-03-13T20:12:19","modified_gmt":"2025-03-13T18:12:19","slug":"letku-light-duty-50m","status":"publish","type":"product","link":"https:\/\/basseinimeistrid.ee\/fi\/pood\/letku-light-duty-50m\/","title":{"rendered":"Letku Light Duty 50m"},"content":{"rendered":"<p>Letkut, joiden halkaisija on 19-50 mm. Kohtalaisen paineen ja tyhji\u00f6n sovelluksiin. Soveltuu pumppaamiseen ja imemiseen.<\/p>\n<p>4 bar @23\u00baC<\/p>\n<p>Tyhji\u00f6 6m\/ <sub>H2O<\/sub><\/p>\n<p>K\u00e4ytt\u00f6l\u00e4mp\u00f6tila -5\u00baC &#8230; +60\u00baC<\/p>\n<p>50m rulla<\/p>\n<p>Letkujen sis\u00e4-\/ulkohalkaisijat:<\/p>\n<ul>\n<li>19 x 25,4mm (ka101)<\/li>\n<li>25 x 31,8mm (ka102)<\/li>\n<li>32 x 39,2mm (ka103)<\/li>\n<li>38 x 45,6mm (ka104)<\/li>\n<li>50 x 58,2mm (ka105)<\/li>\n<\/ul>\n<p>&nbsp;<\/p>\n","protected":false},"excerpt":{"rendered":"<p>Letkut, joiden halkaisija on 19-50 mm. Kohtalaisen paineen ja tyhji\u00f6n sovelluksiin. Soveltuu pumppaamiseen ja imemiseen. 4 bar @23\u00baC Tyhji\u00f6 6m\/ H2O K\u00e4ytt\u00f6l\u00e4mp\u00f6tila -5\u00baC &#8230; +60\u00baC 50m rulla Letkujen sis\u00e4-\/ulkohalkaisijat: 19 x 25,4mm (ka101) 25 x 31,8mm (ka102) 32 x 39,2mm (ka103) 38 x 45,6mm (ka104) 50 x 58,2mm (ka105) &nbsp;<\/p>\n","protected":false},"featured_media":106391,"template":"","meta":{"_et_pb_use_builder":"","_et_pb_old_content":"","_et_gb_content_width":""},"product_brand":[],"product_cat":[169],"product_tag":[],"class_list":{"0":"post-108330","1":"product","2":"type-product","3":"status-publish","4":"has-post-thumbnail","6":"product_cat-letkut","7":"product_shipping_class-kuller-fi","9":"first","10":"instock","11":"taxable","12":"shipping-taxable","13":"purchasable","14":"product-type-simple"},"jetpack_sharing_enabled":true,"_links":{"self":[{"href":"https:\/\/basseinimeistrid.ee\/fi\/wp-json\/wp\/v2\/product\/108330","targetHints":{"allow":["GET"]}}],"collection":[{"href":"https:\/\/basseinimeistrid.ee\/fi\/wp-json\/wp\/v2\/product"}],"about":[{"href":"https:\/\/basseinimeistrid.ee\/fi\/wp-json\/wp\/v2\/types\/product"}],"wp:featuredmedia":[{"embeddable":true,"href":"https:\/\/basseinimeistrid.ee\/fi\/wp-json\/wp\/v2\/media\/106391"}],"wp:attachment":[{"href":"https:\/\/basseinimeistrid.ee\/fi\/wp-json\/wp\/v2\/media?parent=108330"}],"wp:term":[{"taxonomy":"product_brand","embeddable":true,"href":"https:\/\/basseinimeistrid.ee\/fi\/wp-json\/wp\/v2\/product_brand?post=108330"},{"taxonomy":"product_cat","embeddable":true,"href":"https:\/\/basseinimeistrid.ee\/fi\/wp-json\/wp\/v2\/product_cat?post=108330"},{"taxonomy":"product_tag","embeddable":true,"href":"https:\/\/basseinimeistrid.ee\/fi\/wp-json\/wp\/v2\/product_tag?post=108330"}],"curies":[{"name":"wp","href":"https:\/\/api.w.org\/{rel}","templated":true}]}}