{"id":108346,"date":"2025-02-18T01:13:02","date_gmt":"2025-02-17T23:13:02","guid":{"rendered":"https:\/\/basseinimeistrid.ee\/pood\/Ei-luokiteltu\/skimmer-unik\/"},"modified":"2025-03-13T19:59:49","modified_gmt":"2025-03-13T17:59:49","slug":"skimmer-unik","status":"publish","type":"product","link":"https:\/\/basseinimeistrid.ee\/fi\/pood\/skimmer-unik\/","title":{"rendered":"Skimmer UNIK"},"content":{"rendered":"<h4>Astralpool UNIK -skimmeri<\/h4>\n<p>UNIK-sarjan skimmerit leve\u00e4ll\u00e4 suulla ja eri v\u00e4rivaihtoehdoilla. Skimmeriss\u00e4 on my\u00f6s paikka veden virtausanturille\/automaattiselle t\u00e4ytt\u00f6hanalle. Skimmerin osat ja runko on valmistettu ABS-muovista (iskunkest\u00e4v\u00e4 kestomuovi). Skimmerikotelot uima-altaille, joissa on keskener\u00e4iset betonisein\u00e4t, uima-altaat allasvuorauksella, lasikuitualtaat (laminointikauluksilla) ja j\u00e4ykk\u00e4runkoisiin altaisiin. Skimmerin tilavuus n. 25L.<\/p>\n<p>Liit\u00e4nn\u00e4t (2 kpl) alla, yksi 2&#8243; sis\u00e4kierre ja toinen 63mm liimattavissa.<\/p>\n<p>UNIK-ker\u00e4imen optimaalinen virtausnopeus on noin 10m\u00b3\/h.<\/p>\n<p>Skimmerin kotelo sis\u00e4ll\u00f6ll\u00e4:<\/p>\n<ul>\n<li>Betonisein\u00e4\u00e4n 74831<\/li>\n<li>Uima-altaan kalvolle 74833<\/li>\n<li>Kovakuoriseen uima-altaalle 74835<\/li>\n<li>Uima-altaan lasikuitu (laminointikaulus) 74833<\/li>\n<\/ul>\n<p>Skimmerin suu suojakauluksella:<\/p>\n<ul>\n<li>Valkoinen 74839<\/li>\n<li>Beige 74839CL090<\/li>\n<li>Harmaa 74839CL129<\/li>\n<li>Tummanharmaa (antrasiitti) 74839CL144<\/li>\n<li>Ruostumaton 74806<\/li>\n<\/ul>\n<p>Skimmerin kansi:<\/p>\n<ul>\n<li>Valkoinen 74838<\/li>\n<li>Beige 74838CL090<\/li>\n<li>Harmaa 74838CL129<\/li>\n<li>Tummanharmaa (antrasiitti) 74838CL144<\/li>\n<li>Kannen iso keskimm\u00e4inen yksityiskohta on irrotettava ja se voidaan korvata keraamisella levyll\u00e4 tai vastaavalla. Kannattaa kuitenkin valita sopiva v\u00e4ri, jotta kannen muovireuna sopii mahdollisimman hyvin muuhun viimeistelyyn.<\/li>\n<\/ul>\n<p>Suun jatkoelementti 74842 (lasikuitu uima-altaalle 74844) ja kannen korkeusrengas (0-30mm) 74845. Altaan t\u00e4ytt\u00f6venttiili soveltuu skimmeriin 75973<\/p>\n<p>Pyynn\u00f6st\u00e4 on saatavilla my\u00f6s kaikkia UNIK-ker\u00e4imell\u00e4 varustettuja lis\u00e4varusteita altaille, joiden sein\u00e4n kaltevuus on 6\u00b0.<\/p>\n<p>Astralpool UNIK -valmistajan verkkosivusto <a href=\"https:\/\/www.astralpool.com\/en\/en\/pool-shell-equipment\/skimmers\/skimmer-unik.html\" target=\"_blank\" rel=\"noopener\">T\u00c4ST\u00c4<\/a><\/p>\n<p>UNIK skimmerin englanninkielinen ohje valmistajan verkkosivuilla <a href=\"https:\/\/asset.productmarketingcloud.com\/api\/assetstorage\/3096_c4fe91ee-2ec5-488b-8dd9-63f90e8cc5dc\" target=\"_blank\" rel=\"noopener\">T\u00c4\u00c4LT\u00c4<\/a><\/p>\n<p>&nbsp;<\/p>\n","protected":false},"excerpt":{"rendered":"<p>Astralpool UNIK -skimmeri UNIK-sarjan skimmerit leve\u00e4ll\u00e4 suulla ja eri v\u00e4rivaihtoehdoilla. Skimmeriss\u00e4 on my\u00f6s paikka veden virtausanturille\/automaattiselle t\u00e4ytt\u00f6hanalle. Skimmerin osat ja runko on valmistettu ABS-muovista (iskunkest\u00e4v\u00e4 kestomuovi). Skimmerikotelot uima-altaille, joissa on keskener\u00e4iset betonisein\u00e4t, uima-altaat allasvuorauksella, lasikuitualtaat (laminointikauluksilla) ja j\u00e4ykk\u00e4runkoisiin altaisiin. Skimmerin tilavuus n. 25L. Liit\u00e4nn\u00e4t (2 kpl) alla, yksi 2&#8243; sis\u00e4kierre ja toinen 63mm liimattavissa. UNIK-ker\u00e4imen [&hellip;]<\/p>\n","protected":false},"featured_media":106151,"template":"","meta":{"_et_pb_use_builder":"","_et_pb_old_content":"","_et_gb_content_width":""},"product_brand":[],"product_cat":[126],"product_tag":[],"class_list":{"0":"post-108346","1":"product","2":"type-product","3":"status-publish","4":"has-post-thumbnail","6":"product_cat-pintakaivot","7":"product_shipping_class-pakiautomaat-fi","9":"first","10":"instock","11":"taxable","12":"shipping-taxable","13":"purchasable","14":"product-type-simple"},"jetpack_sharing_enabled":true,"_links":{"self":[{"href":"https:\/\/basseinimeistrid.ee\/fi\/wp-json\/wp\/v2\/product\/108346","targetHints":{"allow":["GET"]}}],"collection":[{"href":"https:\/\/basseinimeistrid.ee\/fi\/wp-json\/wp\/v2\/product"}],"about":[{"href":"https:\/\/basseinimeistrid.ee\/fi\/wp-json\/wp\/v2\/types\/product"}],"wp:featuredmedia":[{"embeddable":true,"href":"https:\/\/basseinimeistrid.ee\/fi\/wp-json\/wp\/v2\/media\/106151"}],"wp:attachment":[{"href":"https:\/\/basseinimeistrid.ee\/fi\/wp-json\/wp\/v2\/media?parent=108346"}],"wp:term":[{"taxonomy":"product_brand","embeddable":true,"href":"https:\/\/basseinimeistrid.ee\/fi\/wp-json\/wp\/v2\/product_brand?post=108346"},{"taxonomy":"product_cat","embeddable":true,"href":"https:\/\/basseinimeistrid.ee\/fi\/wp-json\/wp\/v2\/product_cat?post=108346"},{"taxonomy":"product_tag","embeddable":true,"href":"https:\/\/basseinimeistrid.ee\/fi\/wp-json\/wp\/v2\/product_tag?post=108346"}],"curies":[{"name":"wp","href":"https:\/\/api.w.org\/{rel}","templated":true}]}}