{"id":108349,"date":"2025-02-17T20:39:54","date_gmt":"2025-02-17T18:39:54","guid":{"rendered":"https:\/\/basseinimeistrid.ee\/pood\/Ei-luokiteltu\/skimmer-rvs316-500mm-slim\/"},"modified":"2025-03-14T20:04:04","modified_gmt":"2025-03-14T18:04:04","slug":"skimmer-rvs316-500mm-slim","status":"publish","type":"product","link":"https:\/\/basseinimeistrid.ee\/fi\/pood\/skimmer-rvs316-500mm-slim\/","title":{"rendered":"Skimmer RVS316 500mm SLIM"},"content":{"rendered":"<h4 class=\"text-xl mb-1 md:text-3xl text-primary title-font\">Astralpool RVS316 SLIM-skimmeri 500mm<\/h4>\n<p>T\u00e4m\u00e4 t\u00e4ysin haponkest\u00e4v\u00e4st\u00e4 ruostumattomasta ter\u00e4ksest\u00e4 valmistettu skimmer mahdollistaa altaan vedenpinnan tuomisen melko l\u00e4helle pintaa\/viimeistelypintaa (vesivirtaus on vain 41mm skimmerin pinnan alapuolella!)<\/p>\n<ul>\n<li>Skimmerin sis\u00e4\u00e4ntulo 500mm (kokonaisleveys 560mm)<\/li>\n<li>Suositeltu virtausnopeus 7,5m\u00b3\/h<\/li>\n<li>Korin tyhjennys ylh\u00e4\u00e4lt\u00e4<\/li>\n<li>Roskakori 1,2L<\/li>\n<li>Liit\u00e4nt\u00e4 2&#8243; sis\u00e4kierre<\/li>\n<li>Ylivuoto 50 mm<\/li>\n<li>Sis\u00e4lt\u00e4\u00e4 laipan ja tiivisteen liitt\u00e4mist\u00e4 varten altaan kalvoon\/runkoon<\/li>\n<li>Skimmerin sis\u00e4ll\u00e4 kammio uima-altaan vedenkorkeusanturia varten. Sopiva anturi 73453<\/li>\n<\/ul>\n<p>&nbsp;<\/p>\n<p>Kaikki ruostumattomat ter\u00e4kset voivat ruostua joutuessaan alttiiksi kemikaaleille. T\u00e4m\u00e4 voidaan v\u00e4ltt\u00e4\u00e4 puhdistamalla ja huoltamalla materiaalia s\u00e4\u00e4nn\u00f6llisesti.<\/p>\n","protected":false},"excerpt":{"rendered":"<p>Astralpool RVS316 SLIM-skimmeri 500mm T\u00e4m\u00e4 t\u00e4ysin haponkest\u00e4v\u00e4st\u00e4 ruostumattomasta ter\u00e4ksest\u00e4 valmistettu skimmer mahdollistaa altaan vedenpinnan tuomisen melko l\u00e4helle pintaa\/viimeistelypintaa (vesivirtaus on vain 41mm skimmerin pinnan alapuolella!) Skimmerin sis\u00e4\u00e4ntulo 500mm (kokonaisleveys 560mm) Suositeltu virtausnopeus 7,5m\u00b3\/h Korin tyhjennys ylh\u00e4\u00e4lt\u00e4 Roskakori 1,2L Liit\u00e4nt\u00e4 2&#8243; sis\u00e4kierre Ylivuoto 50 mm Sis\u00e4lt\u00e4\u00e4 laipan ja tiivisteen liitt\u00e4mist\u00e4 varten altaan kalvoon\/runkoon Skimmerin sis\u00e4ll\u00e4 kammio [&hellip;]<\/p>\n","protected":false},"featured_media":105930,"template":"","meta":{"_et_pb_use_builder":"","_et_pb_old_content":"","_et_gb_content_width":""},"product_brand":[],"product_cat":[126],"product_tag":[],"class_list":{"0":"post-108349","1":"product","2":"type-product","3":"status-publish","4":"has-post-thumbnail","6":"product_cat-pintakaivot","7":"product_shipping_class-pakiautomaat-fi","9":"first","10":"instock","11":"taxable","12":"shipping-taxable","13":"purchasable","14":"product-type-simple"},"jetpack_sharing_enabled":true,"_links":{"self":[{"href":"https:\/\/basseinimeistrid.ee\/fi\/wp-json\/wp\/v2\/product\/108349","targetHints":{"allow":["GET"]}}],"collection":[{"href":"https:\/\/basseinimeistrid.ee\/fi\/wp-json\/wp\/v2\/product"}],"about":[{"href":"https:\/\/basseinimeistrid.ee\/fi\/wp-json\/wp\/v2\/types\/product"}],"wp:featuredmedia":[{"embeddable":true,"href":"https:\/\/basseinimeistrid.ee\/fi\/wp-json\/wp\/v2\/media\/105930"}],"wp:attachment":[{"href":"https:\/\/basseinimeistrid.ee\/fi\/wp-json\/wp\/v2\/media?parent=108349"}],"wp:term":[{"taxonomy":"product_brand","embeddable":true,"href":"https:\/\/basseinimeistrid.ee\/fi\/wp-json\/wp\/v2\/product_brand?post=108349"},{"taxonomy":"product_cat","embeddable":true,"href":"https:\/\/basseinimeistrid.ee\/fi\/wp-json\/wp\/v2\/product_cat?post=108349"},{"taxonomy":"product_tag","embeddable":true,"href":"https:\/\/basseinimeistrid.ee\/fi\/wp-json\/wp\/v2\/product_tag?post=108349"}],"curies":[{"name":"wp","href":"https:\/\/api.w.org\/{rel}","templated":true}]}}