{"id":108361,"date":"2025-02-17T17:08:03","date_gmt":"2025-02-17T15:08:03","guid":{"rendered":"https:\/\/basseinimeistrid.ee\/pood\/Ei-luokiteltu\/pohjakaivo-astralpool-170-x-170-mm\/"},"modified":"2025-03-15T15:21:45","modified_gmt":"2025-03-15T13:21:45","slug":"pohjakaivo-astralpool-170-x-170-mm","status":"publish","type":"product","link":"https:\/\/basseinimeistrid.ee\/fi\/pood\/pohjakaivo-astralpool-170-x-170-mm\/","title":{"rendered":"Pohjakaivo Astralpool 170 x 170 mm"},"content":{"rendered":"<p>2&#8243; sivupoistoaukko. Valmistettu ruostumattomasta ter\u00e4ksest\u00e4 316. Antivortex kansi. Voidaan k\u00e4ytt\u00e4\u00e4 betonissa ja esivalmistetuissa altaissa 00276 adapterilla. Suurin virtausnopeus: 5,5 m3\/h.    <\/p>\n","protected":false},"excerpt":{"rendered":"<p>2&#8243; sivupoistoaukko. Valmistettu ruostumattomasta ter\u00e4ksest\u00e4 316. Antivortex kansi. Voidaan k\u00e4ytt\u00e4\u00e4 betonissa ja esivalmistetuissa altaissa 00276 adapterilla. Suurin virtausnopeus: 5,5 m3\/h.<\/p>\n","protected":false},"featured_media":105993,"template":"","meta":{"_et_pb_use_builder":"","_et_pb_old_content":"","_et_gb_content_width":""},"product_brand":[],"product_cat":[136],"product_tag":[],"class_list":{"0":"post-108361","1":"product","2":"type-product","3":"status-publish","4":"has-post-thumbnail","6":"product_cat-pohjakaivot","7":"product_shipping_class-pakiautomaat-fi","9":"first","10":"outofstock","11":"taxable","12":"shipping-taxable","13":"purchasable","14":"product-type-simple"},"jetpack_sharing_enabled":true,"_links":{"self":[{"href":"https:\/\/basseinimeistrid.ee\/fi\/wp-json\/wp\/v2\/product\/108361","targetHints":{"allow":["GET"]}}],"collection":[{"href":"https:\/\/basseinimeistrid.ee\/fi\/wp-json\/wp\/v2\/product"}],"about":[{"href":"https:\/\/basseinimeistrid.ee\/fi\/wp-json\/wp\/v2\/types\/product"}],"wp:featuredmedia":[{"embeddable":true,"href":"https:\/\/basseinimeistrid.ee\/fi\/wp-json\/wp\/v2\/media\/105993"}],"wp:attachment":[{"href":"https:\/\/basseinimeistrid.ee\/fi\/wp-json\/wp\/v2\/media?parent=108361"}],"wp:term":[{"taxonomy":"product_brand","embeddable":true,"href":"https:\/\/basseinimeistrid.ee\/fi\/wp-json\/wp\/v2\/product_brand?post=108361"},{"taxonomy":"product_cat","embeddable":true,"href":"https:\/\/basseinimeistrid.ee\/fi\/wp-json\/wp\/v2\/product_cat?post=108361"},{"taxonomy":"product_tag","embeddable":true,"href":"https:\/\/basseinimeistrid.ee\/fi\/wp-json\/wp\/v2\/product_tag?post=108361"}],"curies":[{"name":"wp","href":"https:\/\/api.w.org\/{rel}","templated":true}]}}