{"id":108362,"date":"2025-02-17T16:56:35","date_gmt":"2025-02-17T14:56:35","guid":{"rendered":"https:\/\/basseinimeistrid.ee\/pood\/Ei-luokiteltu\/pohjakaivo-astralpool-pyorea-o238-mm\/"},"modified":"2025-03-15T15:21:42","modified_gmt":"2025-03-15T13:21:42","slug":"pohjakaivo-astralpool-pyorea-o238-mm","status":"publish","type":"product","link":"https:\/\/basseinimeistrid.ee\/fi\/pood\/pohjakaivo-astralpool-pyorea-o238-mm\/","title":{"rendered":"Pohjakaivo Astralpool py\u00f6re\u00e4 \u00d8238 mm"},"content":{"rendered":"<p>Astral py\u00f6re\u00e4 pohjakaivo<\/p>\n<ul>\n<li>AISI 316L kiillotettua haponkest\u00e4v\u00e4\u00e4 ruostumatonta ter\u00e4st\u00e4.<\/li>\n<li>L\u00e4ht\u00f6 2&#8243; sis\u00e4kierre<\/li>\n<li>Halkaisija 238mm<\/li>\n<li>Max virtausnopeus 13m3\/h<\/li>\n<\/ul>\n","protected":false},"excerpt":{"rendered":"<p>Astral py\u00f6re\u00e4 pohjakaivo AISI 316L kiillotettua haponkest\u00e4v\u00e4\u00e4 ruostumatonta ter\u00e4st\u00e4. L\u00e4ht\u00f6 2&#8243; sis\u00e4kierre Halkaisija 238mm Max virtausnopeus 13m3\/h<\/p>\n","protected":false},"featured_media":105987,"template":"","meta":{"_et_pb_use_builder":"","_et_pb_old_content":"","_et_gb_content_width":""},"product_brand":[],"product_cat":[136],"product_tag":[],"class_list":{"0":"post-108362","1":"product","2":"type-product","3":"status-publish","4":"has-post-thumbnail","6":"product_cat-pohjakaivot","7":"product_shipping_class-pakiautomaat-fi","9":"first","10":"outofstock","11":"taxable","12":"shipping-taxable","13":"purchasable","14":"product-type-simple"},"jetpack_sharing_enabled":true,"_links":{"self":[{"href":"https:\/\/basseinimeistrid.ee\/fi\/wp-json\/wp\/v2\/product\/108362","targetHints":{"allow":["GET"]}}],"collection":[{"href":"https:\/\/basseinimeistrid.ee\/fi\/wp-json\/wp\/v2\/product"}],"about":[{"href":"https:\/\/basseinimeistrid.ee\/fi\/wp-json\/wp\/v2\/types\/product"}],"wp:featuredmedia":[{"embeddable":true,"href":"https:\/\/basseinimeistrid.ee\/fi\/wp-json\/wp\/v2\/media\/105987"}],"wp:attachment":[{"href":"https:\/\/basseinimeistrid.ee\/fi\/wp-json\/wp\/v2\/media?parent=108362"}],"wp:term":[{"taxonomy":"product_brand","embeddable":true,"href":"https:\/\/basseinimeistrid.ee\/fi\/wp-json\/wp\/v2\/product_brand?post=108362"},{"taxonomy":"product_cat","embeddable":true,"href":"https:\/\/basseinimeistrid.ee\/fi\/wp-json\/wp\/v2\/product_cat?post=108362"},{"taxonomy":"product_tag","embeddable":true,"href":"https:\/\/basseinimeistrid.ee\/fi\/wp-json\/wp\/v2\/product_tag?post=108362"}],"curies":[{"name":"wp","href":"https:\/\/api.w.org\/{rel}","templated":true}]}}