{"id":108363,"date":"2025-02-17T16:40:59","date_gmt":"2025-02-17T14:40:59","guid":{"rendered":"https:\/\/basseinimeistrid.ee\/pood\/Ei-luokiteltu\/pohjakaivo-astralpool-style-258-x-258-mm\/"},"modified":"2025-03-14T21:00:25","modified_gmt":"2025-03-14T19:00:25","slug":"pohjakaivo-astralpool-style-258-x-258-mm","status":"publish","type":"product","link":"https:\/\/basseinimeistrid.ee\/fi\/pood\/pohjakaivo-astralpool-style-258-x-258-mm\/","title":{"rendered":"Pohjakaivo Astralpool Style 258 x 258 mm"},"content":{"rendered":"<p>Astralpool Style -sarjan neli\u00f6pohjainen pohjakaivo<\/p>\n<ul>\n<li>Helppo asentaa<\/li>\n<li>Helppo huoltaa<\/li>\n<li>Neli\u00f6nmuotoiset pohjaviem\u00e4rit uima-altaisiin<\/li>\n<li>AISI 316L kiillotettua haponkest\u00e4v\u00e4\u00e4 ruostumatonta ter\u00e4st\u00e4.<\/li>\n<li>L\u00e4ht\u00f6 2&#8243; sis\u00e4kierre<\/li>\n<li>Koko 258x258mm<\/li>\n<li>Mukana l\u00e4pivientitiivisteet<\/li>\n<li>Max virtausnopeus 13m3\/h<\/li>\n<\/ul>\n","protected":false},"excerpt":{"rendered":"<p>Astralpool Style -sarjan neli\u00f6pohjainen pohjakaivo Helppo asentaa Helppo huoltaa Neli\u00f6nmuotoiset pohjaviem\u00e4rit uima-altaisiin AISI 316L kiillotettua haponkest\u00e4v\u00e4\u00e4 ruostumatonta ter\u00e4st\u00e4. L\u00e4ht\u00f6 2&#8243; sis\u00e4kierre Koko 258x258mm Mukana l\u00e4pivientitiivisteet Max virtausnopeus 13m3\/h<\/p>\n","protected":false},"featured_media":105972,"template":"","meta":{"_et_pb_use_builder":"","_et_pb_old_content":"","_et_gb_content_width":""},"product_brand":[],"product_cat":[136],"product_tag":[],"class_list":{"0":"post-108363","1":"product","2":"type-product","3":"status-publish","4":"has-post-thumbnail","6":"product_cat-pohjakaivot","7":"product_shipping_class-pakiautomaat-fi","9":"first","10":"instock","11":"taxable","12":"shipping-taxable","13":"purchasable","14":"product-type-simple"},"jetpack_sharing_enabled":true,"_links":{"self":[{"href":"https:\/\/basseinimeistrid.ee\/fi\/wp-json\/wp\/v2\/product\/108363","targetHints":{"allow":["GET"]}}],"collection":[{"href":"https:\/\/basseinimeistrid.ee\/fi\/wp-json\/wp\/v2\/product"}],"about":[{"href":"https:\/\/basseinimeistrid.ee\/fi\/wp-json\/wp\/v2\/types\/product"}],"wp:featuredmedia":[{"embeddable":true,"href":"https:\/\/basseinimeistrid.ee\/fi\/wp-json\/wp\/v2\/media\/105972"}],"wp:attachment":[{"href":"https:\/\/basseinimeistrid.ee\/fi\/wp-json\/wp\/v2\/media?parent=108363"}],"wp:term":[{"taxonomy":"product_brand","embeddable":true,"href":"https:\/\/basseinimeistrid.ee\/fi\/wp-json\/wp\/v2\/product_brand?post=108363"},{"taxonomy":"product_cat","embeddable":true,"href":"https:\/\/basseinimeistrid.ee\/fi\/wp-json\/wp\/v2\/product_cat?post=108363"},{"taxonomy":"product_tag","embeddable":true,"href":"https:\/\/basseinimeistrid.ee\/fi\/wp-json\/wp\/v2\/product_tag?post=108363"}],"curies":[{"name":"wp","href":"https:\/\/api.w.org\/{rel}","templated":true}]}}