{"id":108364,"date":"2025-02-17T16:33:36","date_gmt":"2025-02-17T14:33:36","guid":{"rendered":"https:\/\/basseinimeistrid.ee\/pood\/Ei-luokiteltu\/pohjaviemari-astralpool-style-o258-mm\/"},"modified":"2025-03-14T21:04:22","modified_gmt":"2025-03-14T19:04:22","slug":"pohjaviemari-astralpool-style-o258-mm","status":"publish","type":"product","link":"https:\/\/basseinimeistrid.ee\/fi\/pood\/pohjaviemari-astralpool-style-o258-mm\/","title":{"rendered":"Pohjaviem\u00e4ri Astralpool Style \u00d8258 mm"},"content":{"rendered":"<p>Astralpool Style -sarjan py\u00f6re\u00e4 pohjaviem\u00e4ri<\/p>\n<ul>\n<li>Helppo asentaa<\/li>\n<li>Helppo huoltaa<\/li>\n<li>Py\u00f6re\u00e4t pohjaviem\u00e4rit uima-altaisiin<\/li>\n<li>AISI 316L kiillotettua haponkest\u00e4v\u00e4\u00e4 ruostumatonta ter\u00e4st\u00e4.<\/li>\n<li>L\u00e4ht\u00f6 2&#8243; sis\u00e4kierre<\/li>\n<li>Halkaisija 258 mm<\/li>\n<li>Mukana l\u00e4pivientitiivisteet<\/li>\n<li>Max virtausnopeus 13m3\/h<\/li>\n<\/ul>\n","protected":false},"excerpt":{"rendered":"<p>Astralpool Style -sarjan py\u00f6re\u00e4 pohjaviem\u00e4ri Helppo asentaa Helppo huoltaa Py\u00f6re\u00e4t pohjaviem\u00e4rit uima-altaisiin AISI 316L kiillotettua haponkest\u00e4v\u00e4\u00e4 ruostumatonta ter\u00e4st\u00e4. L\u00e4ht\u00f6 2&#8243; sis\u00e4kierre Halkaisija 258 mm Mukana l\u00e4pivientitiivisteet Max virtausnopeus 13m3\/h<\/p>\n","protected":false},"featured_media":105913,"template":"","meta":{"_et_pb_use_builder":"","_et_pb_old_content":"","_et_gb_content_width":""},"product_brand":[],"product_cat":[136],"product_tag":[],"class_list":{"0":"post-108364","1":"product","2":"type-product","3":"status-publish","4":"has-post-thumbnail","6":"product_cat-pohjakaivot","7":"product_shipping_class-pakiautomaat-fi","9":"first","10":"instock","11":"taxable","12":"shipping-taxable","13":"purchasable","14":"product-type-simple"},"jetpack_sharing_enabled":true,"_links":{"self":[{"href":"https:\/\/basseinimeistrid.ee\/fi\/wp-json\/wp\/v2\/product\/108364","targetHints":{"allow":["GET"]}}],"collection":[{"href":"https:\/\/basseinimeistrid.ee\/fi\/wp-json\/wp\/v2\/product"}],"about":[{"href":"https:\/\/basseinimeistrid.ee\/fi\/wp-json\/wp\/v2\/types\/product"}],"wp:featuredmedia":[{"embeddable":true,"href":"https:\/\/basseinimeistrid.ee\/fi\/wp-json\/wp\/v2\/media\/105913"}],"wp:attachment":[{"href":"https:\/\/basseinimeistrid.ee\/fi\/wp-json\/wp\/v2\/media?parent=108364"}],"wp:term":[{"taxonomy":"product_brand","embeddable":true,"href":"https:\/\/basseinimeistrid.ee\/fi\/wp-json\/wp\/v2\/product_brand?post=108364"},{"taxonomy":"product_cat","embeddable":true,"href":"https:\/\/basseinimeistrid.ee\/fi\/wp-json\/wp\/v2\/product_cat?post=108364"},{"taxonomy":"product_tag","embeddable":true,"href":"https:\/\/basseinimeistrid.ee\/fi\/wp-json\/wp\/v2\/product_tag?post=108364"}],"curies":[{"name":"wp","href":"https:\/\/api.w.org\/{rel}","templated":true}]}}