{"id":108365,"date":"2025-02-17T15:47:52","date_gmt":"2025-02-17T13:47:52","guid":{"rendered":"https:\/\/basseinimeistrid.ee\/pood\/Ei-luokiteltu\/pohjakaivo-astralpool-o230-mm\/"},"modified":"2025-03-14T21:26:25","modified_gmt":"2025-03-14T19:26:25","slug":"pohjakaivo-astralpool-o230-mm","status":"publish","type":"product","link":"https:\/\/basseinimeistrid.ee\/fi\/pood\/pohjakaivo-astralpool-o230-mm\/","title":{"rendered":"Pohjakaivo Astralpool \u00d8230 mm"},"content":{"rendered":"<p>2&#8243; sivul\u00e4ht\u00f6, ABS-muovia. Sis\u00e4lt\u00e4\u00e4 tiivisteet ja laipan l\u00e4piviennin tiivist\u00e4miseksi.<\/p>\n<p>Suurin virtausnopeus 13m\u00b3\/h<\/p>\n","protected":false},"excerpt":{"rendered":"<p>2&#8243; sivul\u00e4ht\u00f6, ABS-muovia. Sis\u00e4lt\u00e4\u00e4 tiivisteet ja laipan l\u00e4piviennin tiivist\u00e4miseksi. Suurin virtausnopeus 13m\u00b3\/h<\/p>\n","protected":false},"featured_media":105953,"template":"","meta":{"_et_pb_use_builder":"","_et_pb_old_content":"","_et_gb_content_width":""},"product_brand":[],"product_cat":[136],"product_tag":[],"class_list":{"0":"post-108365","1":"product","2":"type-product","3":"status-publish","4":"has-post-thumbnail","6":"product_cat-pohjakaivot","7":"product_shipping_class-pakiautomaat-fi","9":"first","10":"instock","11":"taxable","12":"shipping-taxable","13":"purchasable","14":"product-type-simple"},"jetpack_sharing_enabled":true,"_links":{"self":[{"href":"https:\/\/basseinimeistrid.ee\/fi\/wp-json\/wp\/v2\/product\/108365","targetHints":{"allow":["GET"]}}],"collection":[{"href":"https:\/\/basseinimeistrid.ee\/fi\/wp-json\/wp\/v2\/product"}],"about":[{"href":"https:\/\/basseinimeistrid.ee\/fi\/wp-json\/wp\/v2\/types\/product"}],"wp:featuredmedia":[{"embeddable":true,"href":"https:\/\/basseinimeistrid.ee\/fi\/wp-json\/wp\/v2\/media\/105953"}],"wp:attachment":[{"href":"https:\/\/basseinimeistrid.ee\/fi\/wp-json\/wp\/v2\/media?parent=108365"}],"wp:term":[{"taxonomy":"product_brand","embeddable":true,"href":"https:\/\/basseinimeistrid.ee\/fi\/wp-json\/wp\/v2\/product_brand?post=108365"},{"taxonomy":"product_cat","embeddable":true,"href":"https:\/\/basseinimeistrid.ee\/fi\/wp-json\/wp\/v2\/product_cat?post=108365"},{"taxonomy":"product_tag","embeddable":true,"href":"https:\/\/basseinimeistrid.ee\/fi\/wp-json\/wp\/v2\/product_tag?post=108365"}],"curies":[{"name":"wp","href":"https:\/\/api.w.org\/{rel}","templated":true}]}}