{"id":108366,"date":"2025-02-17T15:44:21","date_gmt":"2025-02-17T13:44:21","guid":{"rendered":"https:\/\/basseinimeistrid.ee\/pood\/Ei-luokiteltu\/skimmer-a400-ruostumatonta\/"},"modified":"2025-03-14T21:38:30","modified_gmt":"2025-03-14T19:38:30","slug":"skimmer-a400-ruostumatonta","status":"publish","type":"product","link":"https:\/\/basseinimeistrid.ee\/fi\/pood\/skimmer-a400-ruostumatonta\/","title":{"rendered":"Skimmer A400 ruostumatonta"},"content":{"rendered":"<h4>Astralpool A400 haponkest\u00e4v\u00e4 ruostumattomasta ter\u00e4ksest\u00e4 valmistettu allasker\u00e4in<\/h4>\n<p>Korin voi irrottaa laatikon etuosasta. Liitin 63mm. Ylivuoto 50 mm. Roskakori, jonka tilavuus on 4,6 litraa. Tuote koostuu skimmerin rungosta A202 (7523) ja roskakorista kansirenkaalla (7522). Lis\u00e4liit\u00e4nt\u00e4 3\/8&#8243; naaraskierteell\u00e4 kotelon yl\u00e4osassa (esim. automaattiseen t\u00e4ytt\u00f6\u00f6n).     <\/p>\n<p>Skimmeriss\u00e4 on mekaaninen ohjausventtiili (00256), jossa on sis\u00e4\u00e4nrakennettu vedenpinnan uimuri. Tilaa uimurille ja 3\/8&#8243; kierteen liitt\u00e4mist\u00e4 varten. <\/p>\n<p>Tarvittaessa se voidaan my\u00f6s muuntaa ylh\u00e4\u00e4lt\u00e4 k\u00e4siksi p\u00e4\u00e4st\u00e4v\u00e4ksi roskakoriin. Tarvitaan lis\u00e4osa 7524 (ruostumattomasta ter\u00e4ksest\u00e4 valmistettu teleskooppiker\u00e4imen huoltoluukku 180x180mm, s\u00e4\u00e4dett\u00e4v\u00e4 korkeus 60-110mm). (7524)  <\/p>\n<p>Toimitetaan vakiona ilman laippaa ja tiivistett\u00e4. Jos kyseess\u00e4 on allaskalvo tai koteloitu altaan sein\u00e4, valitse laippa- ja tiivistesarja (7526). Ilman tiivisteit\u00e4 ja laippoja skimmeri\u00e4 voidaan k\u00e4ytt\u00e4\u00e4 esimerkiksi betonialtaalla ilman viimeistely\u00e4.  <\/p>\n<p>Kaikki ruostumattomat ter\u00e4kset voivat ruostua joutuessaan alttiiksi kemikaaleille. T\u00e4m\u00e4 voidaan v\u00e4ltt\u00e4\u00e4 puhdistamalla ja huoltamalla materiaalia s\u00e4\u00e4nn\u00f6llisesti. <\/p>\n","protected":false},"excerpt":{"rendered":"<p>Astralpool A400 haponkest\u00e4v\u00e4 ruostumattomasta ter\u00e4ksest\u00e4 valmistettu allasker\u00e4in Korin voi irrottaa laatikon etuosasta. Liitin 63mm. Ylivuoto 50 mm. Roskakori, jonka tilavuus on 4,6 litraa. Tuote koostuu skimmerin rungosta A202 (7523) ja roskakorista kansirenkaalla (7522). Lis\u00e4liit\u00e4nt\u00e4 3\/8&#8243; naaraskierteell\u00e4 kotelon yl\u00e4osassa (esim. automaattiseen t\u00e4ytt\u00f6\u00f6n). Skimmeriss\u00e4 on mekaaninen ohjausventtiili (00256), jossa on sis\u00e4\u00e4nrakennettu vedenpinnan uimuri. Tilaa uimurille ja 3\/8&#8243; [&hellip;]<\/p>\n","protected":false},"featured_media":105941,"template":"","meta":{"_et_pb_use_builder":"","_et_pb_old_content":"","_et_gb_content_width":""},"product_brand":[],"product_cat":[126],"product_tag":[],"class_list":{"0":"post-108366","1":"product","2":"type-product","3":"status-publish","4":"has-post-thumbnail","6":"product_cat-pintakaivot","7":"product_shipping_class-pakiautomaat-fi","9":"first","10":"instock","11":"taxable","12":"shipping-taxable","13":"purchasable","14":"product-type-simple"},"jetpack_sharing_enabled":true,"_links":{"self":[{"href":"https:\/\/basseinimeistrid.ee\/fi\/wp-json\/wp\/v2\/product\/108366","targetHints":{"allow":["GET"]}}],"collection":[{"href":"https:\/\/basseinimeistrid.ee\/fi\/wp-json\/wp\/v2\/product"}],"about":[{"href":"https:\/\/basseinimeistrid.ee\/fi\/wp-json\/wp\/v2\/types\/product"}],"wp:featuredmedia":[{"embeddable":true,"href":"https:\/\/basseinimeistrid.ee\/fi\/wp-json\/wp\/v2\/media\/105941"}],"wp:attachment":[{"href":"https:\/\/basseinimeistrid.ee\/fi\/wp-json\/wp\/v2\/media?parent=108366"}],"wp:term":[{"taxonomy":"product_brand","embeddable":true,"href":"https:\/\/basseinimeistrid.ee\/fi\/wp-json\/wp\/v2\/product_brand?post=108366"},{"taxonomy":"product_cat","embeddable":true,"href":"https:\/\/basseinimeistrid.ee\/fi\/wp-json\/wp\/v2\/product_cat?post=108366"},{"taxonomy":"product_tag","embeddable":true,"href":"https:\/\/basseinimeistrid.ee\/fi\/wp-json\/wp\/v2\/product_tag?post=108366"}],"curies":[{"name":"wp","href":"https:\/\/api.w.org\/{rel}","templated":true}]}}