{"id":108369,"date":"2025-02-17T14:22:19","date_gmt":"2025-02-17T12:22:19","guid":{"rendered":"https:\/\/basseinimeistrid.ee\/pood\/Ei-luokiteltu\/pohjakaivo-astralpool-o180-mm\/"},"modified":"2025-03-12T22:14:25","modified_gmt":"2025-03-12T20:14:25","slug":"pohjakaivo-astralpool-o180-mm","status":"publish","type":"product","link":"https:\/\/basseinimeistrid.ee\/fi\/pood\/pohjakaivo-astralpool-o180-mm\/","title":{"rendered":"Pohjakaivo Astralpool \u00d8180 mm"},"content":{"rendered":"<p>Yksinkertaiset ja edulliset betonit\u00e4ytteiset pohjakaivot keskener\u00e4isiin uima-altaisiin. 2&#8243; sis\u00e4kierre. Runko ja arina ABS. Kansi kiinnitetty ruuveilla. Suurin virtausnopeus 13 m\u00b3\/h. Ei ole laippoja tai tiivisteit\u00e4 kanavan tiivist\u00e4miseksi. Vain betonialtaaille.<\/p>\n","protected":false},"excerpt":{"rendered":"<p>Yksinkertaiset ja edulliset betonit\u00e4ytteiset pohjakaivot keskener\u00e4isiin uima-altaisiin. 2&#8243; sis\u00e4kierre. Runko ja arina ABS. Kansi kiinnitetty ruuveilla. Suurin virtausnopeus 13 m\u00b3\/h. Ei ole laippoja tai tiivisteit\u00e4 kanavan tiivist\u00e4miseksi. Vain betonialtaaille.<\/p>\n","protected":false},"featured_media":105886,"template":"","meta":{"_et_pb_use_builder":"","_et_pb_old_content":"","_et_gb_content_width":""},"product_brand":[],"product_cat":[136],"product_tag":[],"class_list":{"0":"post-108369","1":"product","2":"type-product","3":"status-publish","4":"has-post-thumbnail","6":"product_cat-pohjakaivot","7":"product_shipping_class-pakiautomaat-fi","9":"first","10":"instock","11":"taxable","12":"shipping-taxable","13":"purchasable","14":"product-type-simple"},"jetpack_sharing_enabled":true,"_links":{"self":[{"href":"https:\/\/basseinimeistrid.ee\/fi\/wp-json\/wp\/v2\/product\/108369","targetHints":{"allow":["GET"]}}],"collection":[{"href":"https:\/\/basseinimeistrid.ee\/fi\/wp-json\/wp\/v2\/product"}],"about":[{"href":"https:\/\/basseinimeistrid.ee\/fi\/wp-json\/wp\/v2\/types\/product"}],"wp:featuredmedia":[{"embeddable":true,"href":"https:\/\/basseinimeistrid.ee\/fi\/wp-json\/wp\/v2\/media\/105886"}],"wp:attachment":[{"href":"https:\/\/basseinimeistrid.ee\/fi\/wp-json\/wp\/v2\/media?parent=108369"}],"wp:term":[{"taxonomy":"product_brand","embeddable":true,"href":"https:\/\/basseinimeistrid.ee\/fi\/wp-json\/wp\/v2\/product_brand?post=108369"},{"taxonomy":"product_cat","embeddable":true,"href":"https:\/\/basseinimeistrid.ee\/fi\/wp-json\/wp\/v2\/product_cat?post=108369"},{"taxonomy":"product_tag","embeddable":true,"href":"https:\/\/basseinimeistrid.ee\/fi\/wp-json\/wp\/v2\/product_tag?post=108369"}],"curies":[{"name":"wp","href":"https:\/\/api.w.org\/{rel}","templated":true}]}}