{"id":108370,"date":"2025-02-17T13:53:39","date_gmt":"2025-02-17T11:53:39","guid":{"rendered":"https:\/\/basseinimeistrid.ee\/pood\/Ei-luokiteltu\/pohjakaivo-astralpool-mini-o175-mm\/"},"modified":"2025-03-15T15:21:41","modified_gmt":"2025-03-15T13:21:41","slug":"pohjakaivo-astralpool-mini-o175-mm","status":"publish","type":"product","link":"https:\/\/basseinimeistrid.ee\/fi\/pood\/pohjakaivo-astralpool-mini-o175-mm\/","title":{"rendered":"Pohjakaivo Astralpool Mini \u00d8175 mm"},"content":{"rendered":"<p id=\"tw-target-text\" class=\"tw-data-text tw-text-large tw-ta\" dir=\"ltr\" data-placeholder=\"T\u00f5lge\" data-ved=\"2ahUKEwjUg5rS17mLAxXyi8MKHXPtBPcQ3ewLegQIBxAV\" aria-label=\"T\u00f5lgitud tekst: K\u00fclgmise v\u00e4ljalaskega 2\" sisekeermega. Valmistatud valgest ABS-st, \u00e4\u00e4riku restiga. Aspiratsioonikiirus v\u00f5re juures 0,5 m\/s ja voolukiirus: 11 m\u00b3\/h. M5 keermega kruvid ja messingist keermestatud varrukad \u00e4\u00e4riku ja v\u00f5re kinnitamiseks. V\u00f5ib kasutada mullivannides ja v\u00e4ikestes basseinides.\"><span class=\"Y2IQFc\" lang=\"et\">Sivuulostulolla 2&#8243; naaraskierre. Valmistettu valkoisesta ABS-muovista, laipalla, tiivisteill\u00e4 ja kansiarinalla. Virtaus jopa 11 m\u00b3\/h. Ruostumattomasta ter\u00e4ksest\u00e4 valmistetut kiinnikkeet M5-kierteell\u00e4 ja messinkikierreholkit laipan ja arinan kiinnitt\u00e4miseen. Voidaan k\u00e4ytt\u00e4\u00e4 porealtaissa, kylpytynnyreiss\u00e4, pieniss\u00e4 uima-altaissa ja minialtaissa. Valkoinen.    <\/span><\/p>\n","protected":false},"excerpt":{"rendered":"","protected":false},"featured_media":105880,"template":"","meta":{"_et_pb_use_builder":"","_et_pb_old_content":"","_et_gb_content_width":""},"product_brand":[],"product_cat":[136,129],"product_tag":[],"class_list":{"0":"post-108370","1":"product","2":"type-product","3":"status-publish","4":"has-post-thumbnail","6":"product_cat-pohjakaivot","7":"product_cat-tynnyreille-ja-ammeille","8":"product_shipping_class-pakiautomaat-fi","10":"first","11":"instock","12":"taxable","13":"shipping-taxable","14":"purchasable","15":"product-type-simple"},"jetpack_sharing_enabled":true,"_links":{"self":[{"href":"https:\/\/basseinimeistrid.ee\/fi\/wp-json\/wp\/v2\/product\/108370","targetHints":{"allow":["GET"]}}],"collection":[{"href":"https:\/\/basseinimeistrid.ee\/fi\/wp-json\/wp\/v2\/product"}],"about":[{"href":"https:\/\/basseinimeistrid.ee\/fi\/wp-json\/wp\/v2\/types\/product"}],"wp:featuredmedia":[{"embeddable":true,"href":"https:\/\/basseinimeistrid.ee\/fi\/wp-json\/wp\/v2\/media\/105880"}],"wp:attachment":[{"href":"https:\/\/basseinimeistrid.ee\/fi\/wp-json\/wp\/v2\/media?parent=108370"}],"wp:term":[{"taxonomy":"product_brand","embeddable":true,"href":"https:\/\/basseinimeistrid.ee\/fi\/wp-json\/wp\/v2\/product_brand?post=108370"},{"taxonomy":"product_cat","embeddable":true,"href":"https:\/\/basseinimeistrid.ee\/fi\/wp-json\/wp\/v2\/product_cat?post=108370"},{"taxonomy":"product_tag","embeddable":true,"href":"https:\/\/basseinimeistrid.ee\/fi\/wp-json\/wp\/v2\/product_tag?post=108370"}],"curies":[{"name":"wp","href":"https:\/\/api.w.org\/{rel}","templated":true}]}}