{"id":108371,"date":"2025-02-17T13:22:38","date_gmt":"2025-02-17T11:22:38","guid":{"rendered":"https:\/\/basseinimeistrid.ee\/pood\/Ei-luokiteltu\/pvc-puhdistusneste-griffon-cleaner\/"},"modified":"2025-03-12T22:09:25","modified_gmt":"2025-03-12T20:09:25","slug":"pvc-puhdistusneste-griffon-cleaner","status":"publish","type":"product","link":"https:\/\/basseinimeistrid.ee\/fi\/pood\/pvc-puhdistusneste-griffon-cleaner\/","title":{"rendered":"PVC puhdistusneste Griffon Cleaner"},"content":{"rendered":"<p>Puhdistusaine PVC-putkien liimapinnoille. Puhdista liimattavat pinnat ennen liiman levitt\u00e4mist\u00e4. Puhdistus on v\u00e4ltt\u00e4m\u00e4t\u00f6nt\u00e4 optimaalisen tarttuvuuden saavuttamiseksi.<\/p>\n","protected":false},"excerpt":{"rendered":"<p>Griffon-puhdistusaineet ja PVC- ja PVC-U-putkiliimat.<\/p>\n","protected":false},"featured_media":105875,"template":"","meta":{"_et_pb_use_builder":"","_et_pb_old_content":"","_et_gb_content_width":""},"product_brand":[],"product_cat":[133],"product_tag":[],"class_list":{"0":"post-108371","1":"product","2":"type-product","3":"status-publish","4":"has-post-thumbnail","6":"product_cat-liimat-ja-puhdistusaineet","7":"product_shipping_class-pakiautomaat-fi","9":"first","10":"instock","11":"taxable","12":"shipping-taxable","13":"purchasable","14":"product-type-simple"},"jetpack_sharing_enabled":true,"_links":{"self":[{"href":"https:\/\/basseinimeistrid.ee\/fi\/wp-json\/wp\/v2\/product\/108371","targetHints":{"allow":["GET"]}}],"collection":[{"href":"https:\/\/basseinimeistrid.ee\/fi\/wp-json\/wp\/v2\/product"}],"about":[{"href":"https:\/\/basseinimeistrid.ee\/fi\/wp-json\/wp\/v2\/types\/product"}],"wp:featuredmedia":[{"embeddable":true,"href":"https:\/\/basseinimeistrid.ee\/fi\/wp-json\/wp\/v2\/media\/105875"}],"wp:attachment":[{"href":"https:\/\/basseinimeistrid.ee\/fi\/wp-json\/wp\/v2\/media?parent=108371"}],"wp:term":[{"taxonomy":"product_brand","embeddable":true,"href":"https:\/\/basseinimeistrid.ee\/fi\/wp-json\/wp\/v2\/product_brand?post=108371"},{"taxonomy":"product_cat","embeddable":true,"href":"https:\/\/basseinimeistrid.ee\/fi\/wp-json\/wp\/v2\/product_cat?post=108371"},{"taxonomy":"product_tag","embeddable":true,"href":"https:\/\/basseinimeistrid.ee\/fi\/wp-json\/wp\/v2\/product_tag?post=108371"}],"curies":[{"name":"wp","href":"https:\/\/api.w.org\/{rel}","templated":true}]}}