{"id":108372,"date":"2025-02-17T13:15:18","date_gmt":"2025-02-17T11:15:18","guid":{"rendered":"https:\/\/basseinimeistrid.ee\/pood\/Ei-luokiteltu\/pvc-liim-griffon-cement-wdf-05\/"},"modified":"2025-03-12T22:07:24","modified_gmt":"2025-03-12T20:07:24","slug":"pvc-liim-griffon-cement-wdf-05","status":"publish","type":"product","link":"https:\/\/basseinimeistrid.ee\/fi\/pood\/pvc-liim-griffon-cement-wdf-05\/","title":{"rendered":"PVC liima Griffon cement WDF-05"},"content":{"rendered":"<p id=\"tw-target-text\" class=\"tw-data-text tw-text-large tw-ta\" dir=\"ltr\" data-placeholder=\"T\u00f5lge\" data-ved=\"2ahUKEwjUg5rS17mLAxXyi8MKHXPtBPcQ3ewLegQIBxAV\" aria-label=\"T\u00f5lgitud tekst: Lahustitsement PVC ja ABS (painduvate) torude, \u00fchendusmuhvide ja liitmike \u00fchendamiseks surve- ja drenaa\u017eiga kuni 160 mm l\u00e4bim\u00f5\u00f5duga. Maksimaalne r\u00f5hk 16 baari PVC (PN16) ja 5 baari ABS (PN5) puhul. Sobib niisketesse ja kuivadesse tingimustesse (mitte vee all). \u00c4\u00e4rmiselt kiiresti kuivav. Pilude t\u00e4itmine (max 0,8mm). Painduvate torude (voolikute) ja basseinipaigaldiste jaoks. Pintsel kaasas. Vastavalt Euroopa standardile EN 14814.\"><span class=\"Y2IQFc\" lang=\"et\">Liima PVC- ja ABS-putkien (my\u00f6s joustavat putket), liittimien liimaamiseen halkaisijaltaan enint\u00e4\u00e4n 160 mm. Maksimipaine 16 bar PVC:lle (PN16) ja 5 bar ABS:lle (PN5). Soveltuu ty\u00f6skentelyyn m\u00e4riss\u00e4 ja kuivissa olosuhteissa (ei t\u00e4ysin upotettuna). Eritt\u00e4in nopea kuivuva. T\u00e4ytt\u00f6aukot (max 0,8 mm). Joustaville putkille (letkuille) ja allasasennuksille. Mukana harja (kannessa). T\u00e4ytt\u00e4\u00e4 eurooppalaisen standardin EN 14814. <\/span><\/p>\n","protected":false},"excerpt":{"rendered":"<p>Griffon-puhdistusaineet ja PVC- ja PVC-U-putkiliimat.<\/p>\n","protected":false},"featured_media":105865,"template":"","meta":{"_et_pb_use_builder":"","_et_pb_old_content":"","_et_gb_content_width":""},"product_brand":[],"product_cat":[133],"product_tag":[],"class_list":{"0":"post-108372","1":"product","2":"type-product","3":"status-publish","4":"has-post-thumbnail","6":"product_cat-liimat-ja-puhdistusaineet","7":"product_shipping_class-pakiautomaat-fi","9":"first","10":"instock","11":"taxable","12":"shipping-taxable","13":"purchasable","14":"product-type-simple"},"jetpack_sharing_enabled":true,"_links":{"self":[{"href":"https:\/\/basseinimeistrid.ee\/fi\/wp-json\/wp\/v2\/product\/108372","targetHints":{"allow":["GET"]}}],"collection":[{"href":"https:\/\/basseinimeistrid.ee\/fi\/wp-json\/wp\/v2\/product"}],"about":[{"href":"https:\/\/basseinimeistrid.ee\/fi\/wp-json\/wp\/v2\/types\/product"}],"wp:featuredmedia":[{"embeddable":true,"href":"https:\/\/basseinimeistrid.ee\/fi\/wp-json\/wp\/v2\/media\/105865"}],"wp:attachment":[{"href":"https:\/\/basseinimeistrid.ee\/fi\/wp-json\/wp\/v2\/media?parent=108372"}],"wp:term":[{"taxonomy":"product_brand","embeddable":true,"href":"https:\/\/basseinimeistrid.ee\/fi\/wp-json\/wp\/v2\/product_brand?post=108372"},{"taxonomy":"product_cat","embeddable":true,"href":"https:\/\/basseinimeistrid.ee\/fi\/wp-json\/wp\/v2\/product_cat?post=108372"},{"taxonomy":"product_tag","embeddable":true,"href":"https:\/\/basseinimeistrid.ee\/fi\/wp-json\/wp\/v2\/product_tag?post=108372"}],"curies":[{"name":"wp","href":"https:\/\/api.w.org\/{rel}","templated":true}]}}