{"id":108373,"date":"2025-02-17T13:10:26","date_gmt":"2025-02-17T11:10:26","guid":{"rendered":"https:\/\/basseinimeistrid.ee\/pood\/Ei-luokiteltu\/pvc-liima-griffon-m-385-250ml\/"},"modified":"2025-03-15T15:21:42","modified_gmt":"2025-03-15T13:21:42","slug":"pvc-liima-griffon-m-385-250ml","status":"publish","type":"product","link":"https:\/\/basseinimeistrid.ee\/fi\/pood\/pvc-liima-griffon-m-385-250ml\/","title":{"rendered":"PVC-liima Griffon M-385 250ml"},"content":{"rendered":"<p><span class=\"Y2IQFc\" lang=\"et\">Erikoisliima pehmeiden PVC-materiaalien liimaamiseen, esim lammen pvc vuorauksille. Liima soveltuu my\u00f6s joustaville PVC-putkille ja j\u00e4ykille PVC-putkille\/liittimille. On suositeltavaa testata ennen k\u00e4ytt\u00f6\u00e4, koska PVC-letkuja on monia erilaisia, esimerkiksi erilaatuisia. Soveltuu hyvin PVC-kalvojen, kumin, puun jne. Esimerkiksi PVC-materiaali uima-altaisiin, lampiin ja kattoihin.    <\/span><\/p>\n","protected":false},"excerpt":{"rendered":"<p>Griffon-puhdistusaineet ja PVC- ja PVC-U-putkiliimat.<\/p>\n","protected":false},"featured_media":105853,"template":"","meta":{"_et_pb_use_builder":"","_et_pb_old_content":"","_et_gb_content_width":""},"product_brand":[],"product_cat":[133],"product_tag":[],"class_list":{"0":"post-108373","1":"product","2":"type-product","3":"status-publish","4":"has-post-thumbnail","6":"product_cat-liimat-ja-puhdistusaineet","7":"product_shipping_class-pakiautomaat-fi","9":"first","10":"instock","11":"taxable","12":"shipping-taxable","13":"purchasable","14":"product-type-simple"},"jetpack_sharing_enabled":true,"_links":{"self":[{"href":"https:\/\/basseinimeistrid.ee\/fi\/wp-json\/wp\/v2\/product\/108373","targetHints":{"allow":["GET"]}}],"collection":[{"href":"https:\/\/basseinimeistrid.ee\/fi\/wp-json\/wp\/v2\/product"}],"about":[{"href":"https:\/\/basseinimeistrid.ee\/fi\/wp-json\/wp\/v2\/types\/product"}],"wp:featuredmedia":[{"embeddable":true,"href":"https:\/\/basseinimeistrid.ee\/fi\/wp-json\/wp\/v2\/media\/105853"}],"wp:attachment":[{"href":"https:\/\/basseinimeistrid.ee\/fi\/wp-json\/wp\/v2\/media?parent=108373"}],"wp:term":[{"taxonomy":"product_brand","embeddable":true,"href":"https:\/\/basseinimeistrid.ee\/fi\/wp-json\/wp\/v2\/product_brand?post=108373"},{"taxonomy":"product_cat","embeddable":true,"href":"https:\/\/basseinimeistrid.ee\/fi\/wp-json\/wp\/v2\/product_cat?post=108373"},{"taxonomy":"product_tag","embeddable":true,"href":"https:\/\/basseinimeistrid.ee\/fi\/wp-json\/wp\/v2\/product_tag?post=108373"}],"curies":[{"name":"wp","href":"https:\/\/api.w.org\/{rel}","templated":true}]}}