{"id":108374,"date":"2025-02-17T13:02:26","date_gmt":"2025-02-17T11:02:26","guid":{"rendered":"https:\/\/basseinimeistrid.ee\/pood\/Ei-luokiteltu\/pvc-liima-griffon-t-88\/"},"modified":"2025-03-12T22:00:40","modified_gmt":"2025-03-12T20:00:40","slug":"pvc-liima-griffon-t-88","status":"publish","type":"product","link":"https:\/\/basseinimeistrid.ee\/fi\/pood\/pvc-liima-griffon-t-88\/","title":{"rendered":"PVC-liima Griffon T-88"},"content":{"rendered":"<p>Erityinen nestem\u00e4inen PVC-liima j\u00e4ykkien ja tiiviiden liitososien liimaamiseen. Painej\u00e4rjestelmiss\u00e4 enimm\u00e4israko on 0,2 mm ja matalapaineliitoksissa sit\u00e4 saa k\u00e4ytt\u00e4\u00e4 enint\u00e4\u00e4n 0,3 mm:n raolla.<\/p>\n","protected":false},"excerpt":{"rendered":"<p>Griffon-puhdistusaineet ja PVC- ja PVC-U-putkiliimat.<\/p>\n","protected":false},"featured_media":105841,"template":"","meta":{"_et_pb_use_builder":"","_et_pb_old_content":"","_et_gb_content_width":""},"product_brand":[],"product_cat":[133],"product_tag":[],"class_list":{"0":"post-108374","1":"product","2":"type-product","3":"status-publish","4":"has-post-thumbnail","6":"product_cat-liimat-ja-puhdistusaineet","7":"product_shipping_class-pakiautomaat-fi","9":"first","10":"instock","11":"taxable","12":"shipping-taxable","13":"purchasable","14":"product-type-simple"},"jetpack_sharing_enabled":true,"_links":{"self":[{"href":"https:\/\/basseinimeistrid.ee\/fi\/wp-json\/wp\/v2\/product\/108374","targetHints":{"allow":["GET"]}}],"collection":[{"href":"https:\/\/basseinimeistrid.ee\/fi\/wp-json\/wp\/v2\/product"}],"about":[{"href":"https:\/\/basseinimeistrid.ee\/fi\/wp-json\/wp\/v2\/types\/product"}],"wp:featuredmedia":[{"embeddable":true,"href":"https:\/\/basseinimeistrid.ee\/fi\/wp-json\/wp\/v2\/media\/105841"}],"wp:attachment":[{"href":"https:\/\/basseinimeistrid.ee\/fi\/wp-json\/wp\/v2\/media?parent=108374"}],"wp:term":[{"taxonomy":"product_brand","embeddable":true,"href":"https:\/\/basseinimeistrid.ee\/fi\/wp-json\/wp\/v2\/product_brand?post=108374"},{"taxonomy":"product_cat","embeddable":true,"href":"https:\/\/basseinimeistrid.ee\/fi\/wp-json\/wp\/v2\/product_cat?post=108374"},{"taxonomy":"product_tag","embeddable":true,"href":"https:\/\/basseinimeistrid.ee\/fi\/wp-json\/wp\/v2\/product_tag?post=108374"}],"curies":[{"name":"wp","href":"https:\/\/api.w.org\/{rel}","templated":true}]}}