{"id":108376,"date":"2025-02-16T19:30:56","date_gmt":"2025-02-16T17:30:56","guid":{"rendered":"https:\/\/basseinimeistrid.ee\/pood\/Ei-luokiteltu\/muuntaja-230vac-12vac\/"},"modified":"2025-03-12T21:51:53","modified_gmt":"2025-03-12T19:51:53","slug":"muuntaja-230vac-12vac","status":"publish","type":"product","link":"https:\/\/basseinimeistrid.ee\/fi\/pood\/muuntaja-230vac-12vac\/","title":{"rendered":"Muuntaja 230VAC-12VAC"},"content":{"rendered":"<h4>ELTRA EVGS 230 VAC &#8211; 12 VAC muuntajat<\/h4>\n<p>Sopivat Lumiplus- ja muihin 12V allasvaloihin. Muuntajan tehon tulee ylitt\u00e4\u00e4 valaisimien kokonaistehotarve. Yksivaiheiset kosteudenkest\u00e4v\u00e4t muuntajat.<\/p>\n<ul>\n<li id=\"tw-target-text\" class=\"tw-data-text tw-text-large tw-ta\" dir=\"ltr\" data-placeholder=\"T\u00f5lge\" data-ved=\"2ahUKEwjUg5rS17mLAxXyi8MKHXPtBPcQ3ewLegQIBxAV\" aria-label=\"T\u00f5lgitud tekst: maksimaalne \u00fcmbritseva \u00f5hu temperatuur 40\u00b0C, isolatsiooniklass E, kapseldatud-ed-m\u00e4hised, isolatsioonikarp, kaitses\u00fcsteem IP 65, kaitseklass II, eraldatud m\u00e4hised, kaabli eelkruviga terminali \u00fchendusruum, kaitse l\u00fchise ja \u00fclekoormuse eest primaarvarustusega kaitsme ja temperatuuril\u00fcliti kaudu, sagedus 50-60 Hz\"><span class=\"Y2IQFc\" lang=\"et\">suurin ymp\u00e4rist\u00f6n l\u00e4mp\u00f6tila 40\u00b0C<\/span><\/li>\n<li class=\"tw-data-text tw-text-large tw-ta\" dir=\"ltr\" data-placeholder=\"T\u00f5lge\" data-ved=\"2ahUKEwjUg5rS17mLAxXyi8MKHXPtBPcQ3ewLegQIBxAV\" aria-label=\"T\u00f5lgitud tekst: maksimaalne \u00fcmbritseva \u00f5hu temperatuur 40\u00b0C, isolatsiooniklass E, kapseldatud-ed-m\u00e4hised, isolatsioonikarp, kaitses\u00fcsteem IP 65, kaitseklass II, eraldatud m\u00e4hised, kaabli eelkruviga terminali \u00fchendusruum, kaitse l\u00fchise ja \u00fclekoormuse eest primaarvarustusega kaitsme ja temperatuuril\u00fcliti kaudu, sagedus 50-60 Hz\"><span class=\"Y2IQFc\" lang=\"et\">eristysluokka E<\/span><\/li>\n<li class=\"tw-data-text tw-text-large tw-ta\" dir=\"ltr\" data-placeholder=\"T\u00f5lge\" data-ved=\"2ahUKEwjUg5rS17mLAxXyi8MKHXPtBPcQ3ewLegQIBxAV\" aria-label=\"T\u00f5lgitud tekst: maksimaalne \u00fcmbritseva \u00f5hu temperatuur 40\u00b0C, isolatsiooniklass E, kapseldatud-ed-m\u00e4hised, isolatsioonikarp, kaitses\u00fcsteem IP 65, kaitseklass II, eraldatud m\u00e4hised, kaabli eelkruviga terminali \u00fchendusruum, kaitse l\u00fchise ja \u00fclekoormuse eest primaarvarustusega kaitsme ja temperatuuril\u00fcliti kaudu, sagedus 50-60 Hz\"><span class=\"Y2IQFc\" lang=\"et\">kapseloidut kelat<\/span><\/li>\n<li class=\"tw-data-text tw-text-large tw-ta\" dir=\"ltr\" data-placeholder=\"T\u00f5lge\" data-ved=\"2ahUKEwjUg5rS17mLAxXyi8MKHXPtBPcQ3ewLegQIBxAV\" aria-label=\"T\u00f5lgitud tekst: maksimaalne \u00fcmbritseva \u00f5hu temperatuur 40\u00b0C, isolatsiooniklass E, kapseldatud-ed-m\u00e4hised, isolatsioonikarp, kaitses\u00fcsteem IP 65, kaitseklass II, eraldatud m\u00e4hised, kaabli eelkruviga terminali \u00fchendusruum, kaitse l\u00fchise ja \u00fclekoormuse eest primaarvarustusega kaitsme ja temperatuuril\u00fcliti kaudu, sagedus 50-60 Hz\"><span class=\"Y2IQFc\" lang=\"et\">eristetty kotelo<\/span><\/li>\n<li class=\"tw-data-text tw-text-large tw-ta\" dir=\"ltr\" data-placeholder=\"T\u00f5lge\" data-ved=\"2ahUKEwjUg5rS17mLAxXyi8MKHXPtBPcQ3ewLegQIBxAV\" aria-label=\"T\u00f5lgitud tekst: maksimaalne \u00fcmbritseva \u00f5hu temperatuur 40\u00b0C, isolatsiooniklass E, kapseldatud-ed-m\u00e4hised, isolatsioonikarp, kaitses\u00fcsteem IP 65, kaitseklass II, eraldatud m\u00e4hised, kaabli eelkruviga terminali \u00fchendusruum, kaitse l\u00fchise ja \u00fclekoormuse eest primaarvarustusega kaitsme ja temperatuuril\u00fcliti kaudu, sagedus 50-60 Hz\"><span class=\"Y2IQFc\" lang=\"et\">suojausluokka IP65<\/span><\/li>\n<li class=\"tw-data-text tw-text-large tw-ta\" dir=\"ltr\" data-placeholder=\"T\u00f5lge\" data-ved=\"2ahUKEwjUg5rS17mLAxXyi8MKHXPtBPcQ3ewLegQIBxAV\" aria-label=\"T\u00f5lgitud tekst: maksimaalne \u00fcmbritseva \u00f5hu temperatuur 40\u00b0C, isolatsiooniklass E, kapseldatud-ed-m\u00e4hised, isolatsioonikarp, kaitses\u00fcsteem IP 65, kaitseklass II, eraldatud m\u00e4hised, kaabli eelkruviga terminali \u00fchendusruum, kaitse l\u00fchise ja \u00fclekoormuse eest primaarvarustusega kaitsme ja temperatuuril\u00fcliti kaudu, sagedus 50-60 Hz\"><span class=\"Y2IQFc\" lang=\"et\">suojaluokka II<\/span><\/li>\n<li class=\"tw-data-text tw-text-large tw-ta\" dir=\"ltr\" data-placeholder=\"T\u00f5lge\" data-ved=\"2ahUKEwjUg5rS17mLAxXyi8MKHXPtBPcQ3ewLegQIBxAV\" aria-label=\"T\u00f5lgitud tekst: maksimaalne \u00fcmbritseva \u00f5hu temperatuur 40\u00b0C, isolatsiooniklass E, kapseldatud-ed-m\u00e4hised, isolatsioonikarp, kaitses\u00fcsteem IP 65, kaitseklass II, eraldatud m\u00e4hised, kaabli eelkruviga terminali \u00fchendusruum, kaitse l\u00fchise ja \u00fclekoormuse eest primaarvarustusega kaitsme ja temperatuuril\u00fcliti kaudu, sagedus 50-60 Hz\"><span class=\"Y2IQFc\" lang=\"et\">erotetut k\u00e4\u00e4mit<\/span><\/li>\n<li class=\"tw-data-text tw-text-large tw-ta\" dir=\"ltr\" data-placeholder=\"T\u00f5lge\" data-ved=\"2ahUKEwjUg5rS17mLAxXyi8MKHXPtBPcQ3ewLegQIBxAV\" aria-label=\"T\u00f5lgitud tekst: maksimaalne \u00fcmbritseva \u00f5hu temperatuur 40\u00b0C, isolatsiooniklass E, kapseldatud-ed-m\u00e4hised, isolatsioonikarp, kaitses\u00fcsteem IP 65, kaitseklass II, eraldatud m\u00e4hised, kaabli eelkruviga terminali \u00fchendusruum, kaitse l\u00fchise ja \u00fclekoormuse eest primaarvarustusega kaitsme ja temperatuuril\u00fcliti kaudu, sagedus 50-60 Hz\"><span class=\"Y2IQFc\" lang=\"et\">suoja oikosulkua ja ylikuormitusta vastaan \u200b\u200bensi\u00f6j\u00e4nnitteess\u00e4 sulakkeella ja l\u00e4mp\u00f6tilakytkimell\u00e4<\/span><\/li>\n<li class=\"tw-data-text tw-text-large tw-ta\" dir=\"ltr\" data-placeholder=\"T\u00f5lge\" data-ved=\"2ahUKEwjUg5rS17mLAxXyi8MKHXPtBPcQ3ewLegQIBxAV\" aria-label=\"T\u00f5lgitud tekst: maksimaalne \u00fcmbritseva \u00f5hu temperatuur 40\u00b0C, isolatsiooniklass E, kapseldatud-ed-m\u00e4hised, isolatsioonikarp, kaitses\u00fcsteem IP 65, kaitseklass II, eraldatud m\u00e4hised, kaabli eelkruviga terminali \u00fchendusruum, kaitse l\u00fchise ja \u00fclekoormuse eest primaarvarustusega kaitsme ja temperatuuril\u00fcliti kaudu, sagedus 50-60 Hz\"><span class=\"Y2IQFc\" lang=\"et\">taajuus 50-60 Hz<\/span><\/li>\n<\/ul>\n<p>Valikoima sakkoja:<\/p>\n<ul>\n<li>EVGS 50: 230 VAC&gt; 12VAC 1x50W<\/li>\n<li>EVGS 100: 230 VAC&gt; 12VAC 2x50W<\/li>\n<li>EVGS 150: 230 VAC&gt; 12VAC 2x75W<\/li>\n<li>EVGS 200: 230VAC&gt; 12VAC 2x100W<\/li>\n<li>EVGS 300: 230 VAC&gt; 12VAC 1x300W<\/li>\n<li>EVGS 600: 230 VAC&gt; 12VAC 2x300W<\/li>\n<\/ul>\n<p>Sakkojen mitat ja painot l\u00f6yd\u00e4t <a href=\"https:\/\/basseinimeistrid.ee\/wp-content\/uploads\/2025\/02\/EVGS-Single-phase-stationary-safety-isolating-transformer-for-swimming-pool-spot-lights-_-ELTRA-Transformatoren.pdf\" target=\"_blank\" rel=\"noopener\">T\u00c4\u00c4LT\u00c4<\/a><\/p>\n","protected":false},"excerpt":{"rendered":"<p>ELTRA EVGS 230 VAC &#8211; 12 VAC muuntajat Sopivat Lumiplus- ja muihin 12V allasvaloihin. Muuntajan tehon tulee ylitt\u00e4\u00e4 valaisimien kokonaistehotarve. Yksivaiheiset kosteudenkest\u00e4v\u00e4t muuntajat. suurin ymp\u00e4rist\u00f6n l\u00e4mp\u00f6tila 40\u00b0C eristysluokka E kapseloidut kelat eristetty kotelo suojausluokka IP65 suojaluokka II erotetut k\u00e4\u00e4mit suoja oikosulkua ja ylikuormitusta vastaan \u200b\u200bensi\u00f6j\u00e4nnitteess\u00e4 sulakkeella ja l\u00e4mp\u00f6tilakytkimell\u00e4 taajuus 50-60 Hz Valikoima sakkoja: EVGS 50: [&hellip;]<\/p>\n","protected":false},"featured_media":105773,"template":"","meta":{"_et_pb_use_builder":"","_et_pb_old_content":"","_et_gb_content_width":""},"product_brand":[],"product_cat":[214,114],"product_tag":[],"class_list":{"0":"post-108376","1":"product","2":"type-product","3":"status-publish","4":"has-post-thumbnail","6":"product_cat-allasvalojen-tarvikkeet","7":"product_cat-valaisimet","8":"product_shipping_class-pakiautomaat-fi","10":"first","11":"instock","12":"taxable","13":"shipping-taxable","14":"purchasable","15":"product-type-simple"},"jetpack_sharing_enabled":true,"_links":{"self":[{"href":"https:\/\/basseinimeistrid.ee\/fi\/wp-json\/wp\/v2\/product\/108376","targetHints":{"allow":["GET"]}}],"collection":[{"href":"https:\/\/basseinimeistrid.ee\/fi\/wp-json\/wp\/v2\/product"}],"about":[{"href":"https:\/\/basseinimeistrid.ee\/fi\/wp-json\/wp\/v2\/types\/product"}],"wp:featuredmedia":[{"embeddable":true,"href":"https:\/\/basseinimeistrid.ee\/fi\/wp-json\/wp\/v2\/media\/105773"}],"wp:attachment":[{"href":"https:\/\/basseinimeistrid.ee\/fi\/wp-json\/wp\/v2\/media?parent=108376"}],"wp:term":[{"taxonomy":"product_brand","embeddable":true,"href":"https:\/\/basseinimeistrid.ee\/fi\/wp-json\/wp\/v2\/product_brand?post=108376"},{"taxonomy":"product_cat","embeddable":true,"href":"https:\/\/basseinimeistrid.ee\/fi\/wp-json\/wp\/v2\/product_cat?post=108376"},{"taxonomy":"product_tag","embeddable":true,"href":"https:\/\/basseinimeistrid.ee\/fi\/wp-json\/wp\/v2\/product_tag?post=108376"}],"curies":[{"name":"wp","href":"https:\/\/api.w.org\/{rel}","templated":true}]}}