{"id":108377,"date":"2025-02-16T13:03:59","date_gmt":"2025-02-16T11:03:59","guid":{"rendered":"https:\/\/basseinimeistrid.ee\/pood\/Ei-luokiteltu\/kaapelikanava\/"},"modified":"2025-03-12T21:48:33","modified_gmt":"2025-03-12T19:48:33","slug":"kaapelikanava","status":"publish","type":"product","link":"https:\/\/basseinimeistrid.ee\/fi\/pood\/kaapelikanava\/","title":{"rendered":"Kaapelikanava"},"content":{"rendered":"<p>Astralpool kaapelikanava valaistusrakojen ja kytkent\u00e4rasioiden helppoon liitt\u00e4miseen.<\/p>\n<p>M25 ulkokierre toisessa p\u00e4\u00e4ss\u00e4 ja \u00be&#8221; ulkokierre toisessa p\u00e4\u00e4ss\u00e4.<\/p>\n<p>Pituudet:<\/p>\n<ul>\n<li>1m 28138<\/li>\n<li>1,5 m 28138-150<\/li>\n<\/ul>\n","protected":false},"excerpt":{"rendered":"<p>Astralpool kaapelikanava valaistusrakojen ja kytkent\u00e4rasioiden helppoon liitt\u00e4miseen. M25 ulkokierre toisessa p\u00e4\u00e4ss\u00e4 ja \u00be&#8221; ulkokierre toisessa p\u00e4\u00e4ss\u00e4. Pituudet: 1m 28138 1,5 m 28138-150<\/p>\n","protected":false},"featured_media":105763,"template":"","meta":{"_et_pb_use_builder":"","_et_pb_old_content":"","_et_gb_content_width":""},"product_brand":[],"product_cat":[214],"product_tag":[],"class_list":{"0":"post-108377","1":"product","2":"type-product","3":"status-publish","4":"has-post-thumbnail","6":"product_cat-allasvalojen-tarvikkeet","7":"product_shipping_class-pakiautomaat-fi","9":"first","10":"instock","11":"taxable","12":"shipping-taxable","13":"purchasable","14":"product-type-simple"},"jetpack_sharing_enabled":true,"_links":{"self":[{"href":"https:\/\/basseinimeistrid.ee\/fi\/wp-json\/wp\/v2\/product\/108377","targetHints":{"allow":["GET"]}}],"collection":[{"href":"https:\/\/basseinimeistrid.ee\/fi\/wp-json\/wp\/v2\/product"}],"about":[{"href":"https:\/\/basseinimeistrid.ee\/fi\/wp-json\/wp\/v2\/types\/product"}],"wp:featuredmedia":[{"embeddable":true,"href":"https:\/\/basseinimeistrid.ee\/fi\/wp-json\/wp\/v2\/media\/105763"}],"wp:attachment":[{"href":"https:\/\/basseinimeistrid.ee\/fi\/wp-json\/wp\/v2\/media?parent=108377"}],"wp:term":[{"taxonomy":"product_brand","embeddable":true,"href":"https:\/\/basseinimeistrid.ee\/fi\/wp-json\/wp\/v2\/product_brand?post=108377"},{"taxonomy":"product_cat","embeddable":true,"href":"https:\/\/basseinimeistrid.ee\/fi\/wp-json\/wp\/v2\/product_cat?post=108377"},{"taxonomy":"product_tag","embeddable":true,"href":"https:\/\/basseinimeistrid.ee\/fi\/wp-json\/wp\/v2\/product_tag?post=108377"}],"curies":[{"name":"wp","href":"https:\/\/api.w.org\/{rel}","templated":true}]}}