{"id":108378,"date":"2025-02-14T17:31:20","date_gmt":"2025-02-14T15:31:20","guid":{"rendered":"https:\/\/basseinimeistrid.ee\/pood\/Ei-luokiteltu\/pvc-liima-griffon-uni-100\/"},"modified":"2025-03-12T20:59:32","modified_gmt":"2025-03-12T18:59:32","slug":"pvc-liima-griffon-uni-100","status":"publish","type":"product","link":"https:\/\/basseinimeistrid.ee\/fi\/pood\/pvc-liima-griffon-uni-100\/","title":{"rendered":"PVC-liima Griffon UNI-100"},"content":{"rendered":"<p id=\"tw-target-text\" class=\"tw-data-text tw-text-large tw-ta\" dir=\"ltr\" data-placeholder=\"T\u00f5lge\" data-ved=\"2ahUKEwjUg5rS17mLAxXyi8MKHXPtBPcQ3ewLegQIBxAV\" aria-label=\"T\u00f5lgitud tekst: Tiksotroopne k\u00f5va PVC liim, sobib k\u00f5vade PVC torude ja ventiilide jaoks nii surves kui ka \u00e4ravoolus. Griffon Uni 100-l on t\u00fchimike t\u00e4itmise v\u00f5imalus ja see sobib ka katuserennidele. T\u00e4ielik tooteteave on saadaval n\u00f5udmisel. Survega t\u00e4itmise maht max 0,2 mm. Pilude t\u00e4itmisv\u00f5ime max 0,8 mm\"><span class=\"Y2IQFc\" lang=\"et\">Tiksotrooppinen PVC muoviliima, sopii j\u00e4ykille putkille<\/span><span class=\"Y2IQFc\" lang=\"et\"> PVC-putkille ja venttiileille sek\u00e4 paine- ett\u00e4 vapaavirtausj\u00e4rjestelmiss\u00e4. Griffon Uni 100:n maksimit\u00e4ytt\u00f6 paineistetuissa j\u00e4rjestelmiss\u00e4 on 0,2 mm. Matalapaineisissa ja itsevirtaavissa putkissa raon t\u00e4ytt\u00f6kapasiteetti on max 0,8 mm. THF ilmainen. <\/span><\/p>\n","protected":false},"excerpt":{"rendered":"<p>Griffon-puhdistusaineet ja PVC- ja PVC-U-putkiliimat.<\/p>\n","protected":false},"featured_media":105597,"template":"","meta":{"_et_pb_use_builder":"","_et_pb_old_content":"","_et_gb_content_width":""},"product_brand":[],"product_cat":[133],"product_tag":[],"class_list":{"0":"post-108378","1":"product","2":"type-product","3":"status-publish","4":"has-post-thumbnail","6":"product_cat-liimat-ja-puhdistusaineet","7":"product_shipping_class-pakiautomaat-fi","9":"first","10":"instock","11":"taxable","12":"shipping-taxable","13":"purchasable","14":"product-type-simple"},"jetpack_sharing_enabled":true,"_links":{"self":[{"href":"https:\/\/basseinimeistrid.ee\/fi\/wp-json\/wp\/v2\/product\/108378","targetHints":{"allow":["GET"]}}],"collection":[{"href":"https:\/\/basseinimeistrid.ee\/fi\/wp-json\/wp\/v2\/product"}],"about":[{"href":"https:\/\/basseinimeistrid.ee\/fi\/wp-json\/wp\/v2\/types\/product"}],"wp:featuredmedia":[{"embeddable":true,"href":"https:\/\/basseinimeistrid.ee\/fi\/wp-json\/wp\/v2\/media\/105597"}],"wp:attachment":[{"href":"https:\/\/basseinimeistrid.ee\/fi\/wp-json\/wp\/v2\/media?parent=108378"}],"wp:term":[{"taxonomy":"product_brand","embeddable":true,"href":"https:\/\/basseinimeistrid.ee\/fi\/wp-json\/wp\/v2\/product_brand?post=108378"},{"taxonomy":"product_cat","embeddable":true,"href":"https:\/\/basseinimeistrid.ee\/fi\/wp-json\/wp\/v2\/product_cat?post=108378"},{"taxonomy":"product_tag","embeddable":true,"href":"https:\/\/basseinimeistrid.ee\/fi\/wp-json\/wp\/v2\/product_tag?post=108378"}],"curies":[{"name":"wp","href":"https:\/\/api.w.org\/{rel}","templated":true}]}}