{"id":108379,"date":"2025-02-16T12:26:03","date_gmt":"2025-02-16T10:26:03","guid":{"rendered":"https:\/\/basseinimeistrid.ee\/pood\/Ei-luokiteltu\/ruostumattomasta-teraksesta-valmistettu-lattialiitantarasia\/"},"modified":"2025-03-15T15:21:41","modified_gmt":"2025-03-15T13:21:41","slug":"ruostumattomasta-teraksesta-valmistettu-lattialiitantarasia","status":"publish","type":"product","link":"https:\/\/basseinimeistrid.ee\/fi\/pood\/ruostumattomasta-teraksesta-valmistettu-lattialiitantarasia\/","title":{"rendered":"Ruostumattomasta ter\u00e4ksest\u00e4 valmistettu lattialiit\u00e4nt\u00e4rasia"},"content":{"rendered":"<p>Astralpoolin k\u00e4yt\u00e4nn\u00f6lliset kytkent\u00e4rasiat valojen, pumppujen ja muun allaselektroniikan kaapeliliit\u00e4nt\u00f6jen piilottamiseen lattialle, terassille ja p\u00e4\u00e4llysteille. Kest\u00e4v\u00e4t ja tukevat laatikot ruostumattomasta AISI 304 ter\u00e4ksest\u00e4. Kannen kiinnitys ruuveilla. Mahdollisuus liitt\u00e4\u00e4 2x M25 sis\u00e4kierteet sivuille. Mahdollisuus kiinnitt\u00e4\u00e4 \u00be&#8221; sis\u00e4kierteell\u00e4 pohjassa.    <\/p>\n","protected":false},"excerpt":{"rendered":"<p>Astralpoolin k\u00e4yt\u00e4nn\u00f6lliset kytkent\u00e4rasiat valojen, pumppujen ja muun allaselektroniikan kaapeliliit\u00e4nt\u00f6jen piilottamiseen lattialle, terassille ja p\u00e4\u00e4llysteille. Kest\u00e4v\u00e4t ja tukevat laatikot ruostumattomasta AISI 304 ter\u00e4ksest\u00e4. Kannen kiinnitys ruuveilla. Mahdollisuus liitt\u00e4\u00e4 2x M25 sis\u00e4kierteet sivuille. Mahdollisuus kiinnitt\u00e4\u00e4 \u00be&#8221; sis\u00e4kierteell\u00e4 pohjassa.<\/p>\n","protected":false},"featured_media":105034,"template":"","meta":{"_et_pb_use_builder":"","_et_pb_old_content":"","_et_gb_content_width":""},"product_brand":[],"product_cat":[214,114],"product_tag":[],"class_list":{"0":"post-108379","1":"product","2":"type-product","3":"status-publish","4":"has-post-thumbnail","6":"product_cat-allasvalojen-tarvikkeet","7":"product_cat-valaisimet","8":"product_shipping_class-pakiautomaat-fi","10":"first","11":"instock","12":"taxable","13":"shipping-taxable","14":"purchasable","15":"product-type-simple"},"jetpack_sharing_enabled":true,"_links":{"self":[{"href":"https:\/\/basseinimeistrid.ee\/fi\/wp-json\/wp\/v2\/product\/108379","targetHints":{"allow":["GET"]}}],"collection":[{"href":"https:\/\/basseinimeistrid.ee\/fi\/wp-json\/wp\/v2\/product"}],"about":[{"href":"https:\/\/basseinimeistrid.ee\/fi\/wp-json\/wp\/v2\/types\/product"}],"wp:featuredmedia":[{"embeddable":true,"href":"https:\/\/basseinimeistrid.ee\/fi\/wp-json\/wp\/v2\/media\/105034"}],"wp:attachment":[{"href":"https:\/\/basseinimeistrid.ee\/fi\/wp-json\/wp\/v2\/media?parent=108379"}],"wp:term":[{"taxonomy":"product_brand","embeddable":true,"href":"https:\/\/basseinimeistrid.ee\/fi\/wp-json\/wp\/v2\/product_brand?post=108379"},{"taxonomy":"product_cat","embeddable":true,"href":"https:\/\/basseinimeistrid.ee\/fi\/wp-json\/wp\/v2\/product_cat?post=108379"},{"taxonomy":"product_tag","embeddable":true,"href":"https:\/\/basseinimeistrid.ee\/fi\/wp-json\/wp\/v2\/product_tag?post=108379"}],"curies":[{"name":"wp","href":"https:\/\/api.w.org\/{rel}","templated":true}]}}