{"id":108380,"date":"2025-02-16T11:50:20","date_gmt":"2025-02-16T09:50:20","guid":{"rendered":"https:\/\/basseinimeistrid.ee\/pood\/Ei-luokiteltu\/lattian-kytkentarasiat\/"},"modified":"2025-03-12T21:44:35","modified_gmt":"2025-03-12T19:44:35","slug":"lattian-kytkentarasiat","status":"publish","type":"product","link":"https:\/\/basseinimeistrid.ee\/fi\/pood\/lattian-kytkentarasiat\/","title":{"rendered":"Lattian kytkent\u00e4rasiat"},"content":{"rendered":"<h4>Astralpool UNIK kytkent\u00e4rasiat<\/h4>\n<p>K\u00e4yt\u00e4nn\u00f6lliset kytkent\u00e4rasiat valojen, pumppujen ja muun allaselektroniikan kaapeliliit\u00e4nt\u00f6jen piilottamiseen lattialle, terassille ja p\u00e4\u00e4llysteelle. Kest\u00e4v\u00e4t ja kiinte\u00e4t ABS-muovilaatikot eriv\u00e4risill\u00e4 kansilla. Laatikon sis\u00e4lt\u00f6 ja yl\u00e4reuna vastaavat kannen v\u00e4ri\u00e4. \u00f840mm sivuilla ja M25-kierreliit\u00e4nt\u00e4mahdollisuus. Mahdollisuus liitt\u00e4\u00e4 \u00f850mm ja M25 kierteell\u00e4 pohjassa.<\/p>\n<p>V\u00e4rit:<\/p>\n<ul>\n<li>Valkoinen 75971<\/li>\n<li>Beige 75971CL090<\/li>\n<li>Harmaa 75971CL129<\/li>\n<li>Tummanharmaa (antrasiitti) 75971CL144<\/li>\n<\/ul>\n<p>&nbsp;<\/p>\n<p>Astralpool UNIK Englanti tuoteesittely <a href=\"https:\/\/basseinimeistrid.ee\/wp-content\/uploads\/2025\/02\/unik-harutoos-tootetutvustus.pdf\" target=\"_blank\" rel=\"noopener\">T\u00c4ST\u00c4<\/a><\/p>\n<p>Astralpool UNIK -laatikon tekninen piirustus <a href=\"https:\/\/basseinimeistrid.ee\/wp-content\/uploads\/2025\/02\/unik.pdf\" target=\"_blank\" rel=\"noopener\">T\u00c4ST\u00c4<\/a><\/p>\n","protected":false},"excerpt":{"rendered":"<p>Astralpool UNIK kytkent\u00e4rasiat K\u00e4yt\u00e4nn\u00f6lliset kytkent\u00e4rasiat valojen, pumppujen ja muun allaselektroniikan kaapeliliit\u00e4nt\u00f6jen piilottamiseen lattialle, terassille ja p\u00e4\u00e4llysteelle. Kest\u00e4v\u00e4t ja kiinte\u00e4t ABS-muovilaatikot eriv\u00e4risill\u00e4 kansilla. Laatikon sis\u00e4lt\u00f6 ja yl\u00e4reuna vastaavat kannen v\u00e4ri\u00e4. \u00f840mm sivuilla ja M25-kierreliit\u00e4nt\u00e4mahdollisuus. Mahdollisuus liitt\u00e4\u00e4 \u00f850mm ja M25 kierteell\u00e4 pohjassa. V\u00e4rit: Valkoinen 75971 Beige 75971CL090 Harmaa 75971CL129 Tummanharmaa (antrasiitti) 75971CL144 &nbsp; Astralpool UNIK Englanti tuoteesittely [&hellip;]<\/p>\n","protected":false},"featured_media":105745,"template":"","meta":{"_et_pb_use_builder":"","_et_pb_old_content":"","_et_gb_content_width":""},"product_brand":[],"product_cat":[214,114],"product_tag":[],"class_list":{"0":"post-108380","1":"product","2":"type-product","3":"status-publish","4":"has-post-thumbnail","6":"product_cat-allasvalojen-tarvikkeet","7":"product_cat-valaisimet","8":"product_shipping_class-pakiautomaat-fi","10":"first","11":"instock","12":"taxable","13":"shipping-taxable","14":"purchasable","15":"product-type-simple"},"jetpack_sharing_enabled":true,"_links":{"self":[{"href":"https:\/\/basseinimeistrid.ee\/fi\/wp-json\/wp\/v2\/product\/108380","targetHints":{"allow":["GET"]}}],"collection":[{"href":"https:\/\/basseinimeistrid.ee\/fi\/wp-json\/wp\/v2\/product"}],"about":[{"href":"https:\/\/basseinimeistrid.ee\/fi\/wp-json\/wp\/v2\/types\/product"}],"wp:featuredmedia":[{"embeddable":true,"href":"https:\/\/basseinimeistrid.ee\/fi\/wp-json\/wp\/v2\/media\/105745"}],"wp:attachment":[{"href":"https:\/\/basseinimeistrid.ee\/fi\/wp-json\/wp\/v2\/media?parent=108380"}],"wp:term":[{"taxonomy":"product_brand","embeddable":true,"href":"https:\/\/basseinimeistrid.ee\/fi\/wp-json\/wp\/v2\/product_brand?post=108380"},{"taxonomy":"product_cat","embeddable":true,"href":"https:\/\/basseinimeistrid.ee\/fi\/wp-json\/wp\/v2\/product_cat?post=108380"},{"taxonomy":"product_tag","embeddable":true,"href":"https:\/\/basseinimeistrid.ee\/fi\/wp-json\/wp\/v2\/product_tag?post=108380"}],"curies":[{"name":"wp","href":"https:\/\/api.w.org\/{rel}","templated":true}]}}