{"id":108381,"date":"2025-02-15T07:41:59","date_gmt":"2025-02-15T05:41:59","guid":{"rendered":"https:\/\/basseinimeistrid.ee\/pood\/Ei-luokiteltu\/lappaventtiili-cepex-classic\/"},"modified":"2025-03-15T15:21:40","modified_gmt":"2025-03-15T13:21:40","slug":"lappaventtiili-cepex-classic","status":"publish","type":"product","link":"https:\/\/basseinimeistrid.ee\/fi\/pood\/lappaventtiili-cepex-classic\/","title":{"rendered":"L\u00e4pp\u00e4venttiili Cepex CLASSIC"},"content":{"rendered":"<p>EPDM tiiviste<\/p>\n<p>CEPEX PVC L\u00c4PP\u00c4VENTTIILI + SINKKI<br \/>\nTER\u00c4S AKSELI<\/p>\n<p>Pienin paineh\u00e4vi\u00f6<\/p>\n<p>Koko 63 &#8211; 75 mm saatavilla pyynn\u00f6st\u00e4<\/p>\n","protected":false},"excerpt":{"rendered":"<p>EPDM tiiviste CEPEX PVC L\u00c4PP\u00c4VENTTIILI + SINKKI TER\u00c4S AKSELI Pienin paineh\u00e4vi\u00f6 Koko 63 &#8211; 75 mm saatavilla pyynn\u00f6st\u00e4<\/p>\n","protected":false},"featured_media":105738,"template":"","meta":{"_et_pb_use_builder":"","_et_pb_old_content":"","_et_gb_content_width":""},"product_brand":[],"product_cat":[213],"product_tag":[],"class_list":{"0":"post-108381","1":"product","2":"type-product","3":"status-publish","4":"has-post-thumbnail","6":"product_cat-venttiilit","7":"product_shipping_class-pakiautomaat-fi","9":"first","10":"outofstock","11":"taxable","12":"shipping-taxable","13":"purchasable","14":"product-type-simple"},"jetpack_sharing_enabled":true,"_links":{"self":[{"href":"https:\/\/basseinimeistrid.ee\/fi\/wp-json\/wp\/v2\/product\/108381","targetHints":{"allow":["GET"]}}],"collection":[{"href":"https:\/\/basseinimeistrid.ee\/fi\/wp-json\/wp\/v2\/product"}],"about":[{"href":"https:\/\/basseinimeistrid.ee\/fi\/wp-json\/wp\/v2\/types\/product"}],"wp:featuredmedia":[{"embeddable":true,"href":"https:\/\/basseinimeistrid.ee\/fi\/wp-json\/wp\/v2\/media\/105738"}],"wp:attachment":[{"href":"https:\/\/basseinimeistrid.ee\/fi\/wp-json\/wp\/v2\/media?parent=108381"}],"wp:term":[{"taxonomy":"product_brand","embeddable":true,"href":"https:\/\/basseinimeistrid.ee\/fi\/wp-json\/wp\/v2\/product_brand?post=108381"},{"taxonomy":"product_cat","embeddable":true,"href":"https:\/\/basseinimeistrid.ee\/fi\/wp-json\/wp\/v2\/product_cat?post=108381"},{"taxonomy":"product_tag","embeddable":true,"href":"https:\/\/basseinimeistrid.ee\/fi\/wp-json\/wp\/v2\/product_tag?post=108381"}],"curies":[{"name":"wp","href":"https:\/\/api.w.org\/{rel}","templated":true}]}}