{"id":108382,"date":"2025-02-15T07:33:46","date_gmt":"2025-02-15T05:33:46","guid":{"rendered":"https:\/\/basseinimeistrid.ee\/pood\/Ei-luokiteltu\/lappaventtiili-cepex\/"},"modified":"2025-03-15T15:21:38","modified_gmt":"2025-03-15T13:21:38","slug":"lappaventtiili-cepex","status":"publish","type":"product","link":"https:\/\/basseinimeistrid.ee\/fi\/pood\/lappaventtiili-cepex\/","title":{"rendered":"L\u00e4pp\u00e4venttiili Cepex"},"content":{"rendered":"<p>CEPEX PVC L\u00c4PP\u00c4VENTTIILI SINKKILLA<br \/>\nPEITETTU TER\u00c4S AKSELI<\/p>\n<p>Pienin paineh\u00e4vi\u00f6<\/p>\n<p>Mitat 160, 200-225, 250 ja 315 mm saatavilla pyynn\u00f6st\u00e4<\/p>\n","protected":false},"excerpt":{"rendered":"<p>CEPEX PVC L\u00c4PP\u00c4VENTTIILI SINKKILLA PEITETTU TER\u00c4S AKSELI Pienin paineh\u00e4vi\u00f6 Mitat 160, 200-225, 250 ja 315 mm saatavilla pyynn\u00f6st\u00e4<\/p>\n","protected":false},"featured_media":105732,"template":"","meta":{"_et_pb_use_builder":"","_et_pb_old_content":"","_et_gb_content_width":""},"product_brand":[],"product_cat":[213],"product_tag":[],"class_list":{"0":"post-108382","1":"product","2":"type-product","3":"status-publish","4":"has-post-thumbnail","6":"product_cat-venttiilit","7":"product_shipping_class-pakiautomaat-fi","9":"first","10":"outofstock","11":"taxable","12":"shipping-taxable","13":"purchasable","14":"product-type-simple"},"jetpack_sharing_enabled":true,"_links":{"self":[{"href":"https:\/\/basseinimeistrid.ee\/fi\/wp-json\/wp\/v2\/product\/108382","targetHints":{"allow":["GET"]}}],"collection":[{"href":"https:\/\/basseinimeistrid.ee\/fi\/wp-json\/wp\/v2\/product"}],"about":[{"href":"https:\/\/basseinimeistrid.ee\/fi\/wp-json\/wp\/v2\/types\/product"}],"wp:featuredmedia":[{"embeddable":true,"href":"https:\/\/basseinimeistrid.ee\/fi\/wp-json\/wp\/v2\/media\/105732"}],"wp:attachment":[{"href":"https:\/\/basseinimeistrid.ee\/fi\/wp-json\/wp\/v2\/media?parent=108382"}],"wp:term":[{"taxonomy":"product_brand","embeddable":true,"href":"https:\/\/basseinimeistrid.ee\/fi\/wp-json\/wp\/v2\/product_brand?post=108382"},{"taxonomy":"product_cat","embeddable":true,"href":"https:\/\/basseinimeistrid.ee\/fi\/wp-json\/wp\/v2\/product_cat?post=108382"},{"taxonomy":"product_tag","embeddable":true,"href":"https:\/\/basseinimeistrid.ee\/fi\/wp-json\/wp\/v2\/product_tag?post=108382"}],"curies":[{"name":"wp","href":"https:\/\/api.w.org\/{rel}","templated":true}]}}