{"id":108383,"date":"2025-02-15T07:15:31","date_gmt":"2025-02-15T05:15:31","guid":{"rendered":"https:\/\/basseinimeistrid.ee\/pood\/Ei-luokiteltu\/liimattava-lapinakyva-takaiskuventtiili-valterra\/"},"modified":"2025-03-12T21:38:52","modified_gmt":"2025-03-12T19:38:52","slug":"liimattava-lapinakyva-takaiskuventtiili-valterra","status":"publish","type":"product","link":"https:\/\/basseinimeistrid.ee\/fi\/pood\/liimattava-lapinakyva-takaiskuventtiili-valterra\/","title":{"rendered":"Liimattava, l\u00e4pin\u00e4kyv\u00e4 takaiskuventtiili Valterra"},"content":{"rendered":"<p id=\"tw-target-text\" class=\"tw-data-text tw-text-large tw-ta\" dir=\"ltr\" data-placeholder=\"T\u00f5lge\" data-ved=\"2ahUKEwjUg5rS17mLAxXyi8MKHXPtBPcQ3ewLegQIBxAV\" aria-label=\"T\u00f5lgitud tekst: V\u00e4ga t\u00f6\u00f6kindel tagasil\u00f6\u00f6giklapp p\u00f6\u00f6rde- v\u00f5i vedruversioonis (vedruga ja ilma) suure vabavoolualaga. L\u00e4bipaistvuse t\u00f5ttu on majaj\u00e4\u00e4tmed kergesti m\u00e4rgatavad. Sobib nii vertikaalseks kui ka horisontaalseks paigaldamiseks. M\u00f5lemad pooled on varustatud liitmikega.\"><span class=\"Y2IQFc\" lang=\"et\">Eritt\u00e4in luotettava takaiskuventtiili rippuvalla l\u00e4pp\u00e4ll\u00e4 tai rippuva+jousiversiona (jousella ja ilman) suurella vapaavirtausalueella. L\u00e4pin\u00e4kyv\u00e4n venttiilikammion ansiosta mahdolliset tukokset ovat helposti havaittavissa. Sopii sek\u00e4 pysty- ett\u00e4 vaakaasennukseen. Molemmilla puolilla on liimaavat liitimet. <\/span><\/p>\n","protected":false},"excerpt":{"rendered":"<p>Eritt\u00e4in luotettava takaiskuventtiili rippuvalla l\u00e4pp\u00e4ll\u00e4 tai rippuva+jousiversiona (jousella ja ilman) suurella vapaavirtausalueella. L\u00e4pin\u00e4kyv\u00e4n venttiilikammion ansiosta mahdolliset tukokset ovat helposti havaittavissa. Sopii sek\u00e4 pysty- ett\u00e4 vaakaasennukseen. Molemmilla puolilla on liimaavat liitimet.<\/p>\n","protected":false},"featured_media":105726,"template":"","meta":{"_et_pb_use_builder":"","_et_pb_old_content":"","_et_gb_content_width":""},"product_brand":[],"product_cat":[213],"product_tag":[],"class_list":{"0":"post-108383","1":"product","2":"type-product","3":"status-publish","4":"has-post-thumbnail","6":"product_cat-venttiilit","7":"product_shipping_class-pakiautomaat-fi","9":"first","10":"instock","11":"taxable","12":"shipping-taxable","13":"purchasable","14":"product-type-simple"},"jetpack_sharing_enabled":true,"_links":{"self":[{"href":"https:\/\/basseinimeistrid.ee\/fi\/wp-json\/wp\/v2\/product\/108383","targetHints":{"allow":["GET"]}}],"collection":[{"href":"https:\/\/basseinimeistrid.ee\/fi\/wp-json\/wp\/v2\/product"}],"about":[{"href":"https:\/\/basseinimeistrid.ee\/fi\/wp-json\/wp\/v2\/types\/product"}],"wp:featuredmedia":[{"embeddable":true,"href":"https:\/\/basseinimeistrid.ee\/fi\/wp-json\/wp\/v2\/media\/105726"}],"wp:attachment":[{"href":"https:\/\/basseinimeistrid.ee\/fi\/wp-json\/wp\/v2\/media?parent=108383"}],"wp:term":[{"taxonomy":"product_brand","embeddable":true,"href":"https:\/\/basseinimeistrid.ee\/fi\/wp-json\/wp\/v2\/product_brand?post=108383"},{"taxonomy":"product_cat","embeddable":true,"href":"https:\/\/basseinimeistrid.ee\/fi\/wp-json\/wp\/v2\/product_cat?post=108383"},{"taxonomy":"product_tag","embeddable":true,"href":"https:\/\/basseinimeistrid.ee\/fi\/wp-json\/wp\/v2\/product_tag?post=108383"}],"curies":[{"name":"wp","href":"https:\/\/api.w.org\/{rel}","templated":true}]}}