{"id":108385,"date":"2025-02-15T04:58:55","date_gmt":"2025-02-15T02:58:55","guid":{"rendered":"https:\/\/basseinimeistrid.ee\/pood\/Ei-luokiteltu\/kolmitie-sahkoinen-pyoriva-venttiili-cepex\/"},"modified":"2025-03-12T21:22:18","modified_gmt":"2025-03-12T19:22:18","slug":"kolmitie-sahkoinen-pyoriva-venttiili-cepex","status":"publish","type":"product","link":"https:\/\/basseinimeistrid.ee\/fi\/pood\/kolmitie-sahkoinen-pyoriva-venttiili-cepex\/","title":{"rendered":"Kolmitie s\u00e4hk\u00f6inen py\u00f6riv\u00e4 venttiili Cepex"},"content":{"rendered":"<p>S\u00e4hk\u00f6inen 3-tieventtiili py\u00f6riv\u00e4ll\u00e4 l\u00e4pp\u00e4ll\u00e4.<\/p>\n<p>Valikoimassa:<\/p>\n<ul>\n<li>50\/63mm 230VAC 180\u00b0 liikkuva l\u00e4pp\u00e4venttiili<\/li>\n<li>63\/75mm 230VAC 90\u00b0 liikkuva l\u00e4pp\u00e4venttiili<\/li>\n<\/ul>\n<p>Venttiilit on suunniteltu nesteiden automaattiseen siirtoon linjasta toiseen. 90\u00b0 liike n. 26 sekuntia, 180\u00b0 liike n. 52 sekuntia. IP65. Neste 0-45\u00b0C. EPDM tiivisteet.<\/p>\n<p>Englanninkielinen tuotesivu <a href=\"https:\/\/basseinimeistrid.ee\/wp-content\/uploads\/2025\/02\/kolmesuunaline-kraan-cepex.pdf\" target=\"_blank\" rel=\"noopener\">T\u00c4\u00c4LT\u00c4<\/a><\/p>\n<p>Englanninkielinen k\u00e4ytt\u00f6ohje <a href=\"https:\/\/basseinimeistrid.ee\/wp-content\/uploads\/2025\/02\/kolmesuunalise-kraani-manual.pdf\" target=\"_blank\" rel=\"noopener\">T\u00c4\u00c4LT\u00c4<\/a><\/p>\n<p>Juomavesitodistus <a href=\"https:\/\/basseinimeistrid.ee\/wp-content\/uploads\/2025\/02\/DA_Drinking_Water_Certificate_CEPEX_ES_V2212.pdf\" target=\"_blank\" rel=\"noopener\">T\u00c4\u00c4LT\u00c4<\/a><\/p>\n","protected":false},"excerpt":{"rendered":"<p>S\u00e4hk\u00f6inen 3-tieventtiili py\u00f6riv\u00e4ll\u00e4 l\u00e4pp\u00e4ll\u00e4. Valikoimassa: 50\/63mm 230VAC 180\u00b0 liikkuva l\u00e4pp\u00e4venttiili 63\/75mm 230VAC 90\u00b0 liikkuva l\u00e4pp\u00e4venttiili Venttiilit on suunniteltu nesteiden automaattiseen siirtoon linjasta toiseen. 90\u00b0 liike n. 26 sekuntia, 180\u00b0 liike n. 52 sekuntia. IP65. Neste 0-45\u00b0C. EPDM tiivisteet. Englanninkielinen tuotesivu T\u00c4\u00c4LT\u00c4 Englanninkielinen k\u00e4ytt\u00f6ohje T\u00c4\u00c4LT\u00c4 Juomavesitodistus T\u00c4\u00c4LT\u00c4<\/p>\n","protected":false},"featured_media":105708,"template":"","meta":{"_et_pb_use_builder":"","_et_pb_old_content":"","_et_gb_content_width":""},"product_brand":[],"product_cat":[213],"product_tag":[],"class_list":{"0":"post-108385","1":"product","2":"type-product","3":"status-publish","4":"has-post-thumbnail","6":"product_cat-venttiilit","7":"product_shipping_class-pakiautomaat-fi","9":"first","10":"instock","11":"taxable","12":"shipping-taxable","13":"purchasable","14":"product-type-simple"},"jetpack_sharing_enabled":true,"_links":{"self":[{"href":"https:\/\/basseinimeistrid.ee\/fi\/wp-json\/wp\/v2\/product\/108385","targetHints":{"allow":["GET"]}}],"collection":[{"href":"https:\/\/basseinimeistrid.ee\/fi\/wp-json\/wp\/v2\/product"}],"about":[{"href":"https:\/\/basseinimeistrid.ee\/fi\/wp-json\/wp\/v2\/types\/product"}],"wp:featuredmedia":[{"embeddable":true,"href":"https:\/\/basseinimeistrid.ee\/fi\/wp-json\/wp\/v2\/media\/105708"}],"wp:attachment":[{"href":"https:\/\/basseinimeistrid.ee\/fi\/wp-json\/wp\/v2\/media?parent=108385"}],"wp:term":[{"taxonomy":"product_brand","embeddable":true,"href":"https:\/\/basseinimeistrid.ee\/fi\/wp-json\/wp\/v2\/product_brand?post=108385"},{"taxonomy":"product_cat","embeddable":true,"href":"https:\/\/basseinimeistrid.ee\/fi\/wp-json\/wp\/v2\/product_cat?post=108385"},{"taxonomy":"product_tag","embeddable":true,"href":"https:\/\/basseinimeistrid.ee\/fi\/wp-json\/wp\/v2\/product_tag?post=108385"}],"curies":[{"name":"wp","href":"https:\/\/api.w.org\/{rel}","templated":true}]}}