{"id":108386,"date":"2025-02-15T04:47:19","date_gmt":"2025-02-15T02:47:19","guid":{"rendered":"https:\/\/basseinimeistrid.ee\/pood\/Ei-luokiteltu\/kolmisuuntainen-liimattava-hana-pvc-cepex\/"},"modified":"2025-03-12T21:18:09","modified_gmt":"2025-03-12T19:18:09","slug":"kolmisuuntainen-liimattava-hana-pvc-cepex","status":"publish","type":"product","link":"https:\/\/basseinimeistrid.ee\/fi\/pood\/kolmisuuntainen-liimattava-hana-pvc-cepex\/","title":{"rendered":"Kolmisuuntainen liimattava hana PVC Cepex"},"content":{"rendered":"<p>Manuaalinen 3-tie PVC-suuntaventtiili. Py\u00f6riv\u00e4ll\u00e4 levyll\u00e4(rotary disc). EPDM tiivisteet. K\u00e4tev\u00e4 ja kompakti ratkaisu ohitusratkaisujen (vedenk\u00e4sittelylaitteet, l\u00e4mmityslaitteet, l\u00e4mp\u00f6pumput jne.) rakentamiseen.<\/p>\n<p>Cepex 3-tiepalloventtiilin tiedot englanniksi valmistajan verkkosivuilla <a href=\"https:\/\/www.cepex.com\/products\/ball-valves\/std\/\" target=\"_blank\" rel=\"noopener\">T\u00c4\u00c4LL\u00c4<\/a><\/p>\n","protected":false},"excerpt":{"rendered":"<p>Laadukas PVC-U-palloventtiili, joka voidaan liimata. PE-pallo ja EPDM-tiiviste.<\/p>\n","protected":false},"featured_media":105700,"template":"","meta":{"_et_pb_use_builder":"","_et_pb_old_content":"","_et_gb_content_width":""},"product_brand":[],"product_cat":[213],"product_tag":[],"class_list":{"0":"post-108386","1":"product","2":"type-product","3":"status-publish","4":"has-post-thumbnail","6":"product_cat-venttiilit","7":"product_shipping_class-pakiautomaat-fi","9":"first","10":"instock","11":"taxable","12":"shipping-taxable","13":"purchasable","14":"product-type-simple"},"jetpack_sharing_enabled":true,"_links":{"self":[{"href":"https:\/\/basseinimeistrid.ee\/fi\/wp-json\/wp\/v2\/product\/108386","targetHints":{"allow":["GET"]}}],"collection":[{"href":"https:\/\/basseinimeistrid.ee\/fi\/wp-json\/wp\/v2\/product"}],"about":[{"href":"https:\/\/basseinimeistrid.ee\/fi\/wp-json\/wp\/v2\/types\/product"}],"wp:featuredmedia":[{"embeddable":true,"href":"https:\/\/basseinimeistrid.ee\/fi\/wp-json\/wp\/v2\/media\/105700"}],"wp:attachment":[{"href":"https:\/\/basseinimeistrid.ee\/fi\/wp-json\/wp\/v2\/media?parent=108386"}],"wp:term":[{"taxonomy":"product_brand","embeddable":true,"href":"https:\/\/basseinimeistrid.ee\/fi\/wp-json\/wp\/v2\/product_brand?post=108386"},{"taxonomy":"product_cat","embeddable":true,"href":"https:\/\/basseinimeistrid.ee\/fi\/wp-json\/wp\/v2\/product_cat?post=108386"},{"taxonomy":"product_tag","embeddable":true,"href":"https:\/\/basseinimeistrid.ee\/fi\/wp-json\/wp\/v2\/product_tag?post=108386"}],"curies":[{"name":"wp","href":"https:\/\/api.w.org\/{rel}","templated":true}]}}