{"id":108387,"date":"2025-02-20T13:42:15","date_gmt":"2025-02-20T11:42:15","guid":{"rendered":"https:\/\/basseinimeistrid.ee\/pood\/Ei-luokiteltu\/zodiac-nature%c2%b2-spa\/"},"modified":"2025-03-15T00:16:46","modified_gmt":"2025-03-14T22:16:46","slug":"zodiac-nature%c2%b2-spa","status":"publish","type":"product","link":"https:\/\/basseinimeistrid.ee\/fi\/pood\/zodiac-nature%c2%b2-spa\/","title":{"rendered":"Zodiac Nature\u00b2 Spa"},"content":{"rendered":"<h4 dir=\"ltr\" data-placeholder=\"T\u00f5lge\" data-ved=\"2ahUKEwjUg5rS17mLAxXyi8MKHXPtBPcQ3ewLegQIBxAV\" aria-label=\"T\u00f5lgitud tekst: Lihtne viis loomulikumalt spaastamiseks Spaa looduslikult, kasutades t\u00f5estatud mineraalide j\u00f5udu. Nature2 Spa on v\u00e4hese hooldusega alternatiiv kloorile*, mis kasutab mineraalide antimikroobset j\u00f5udu, et pakkuda teile puhtamat ja selgemat vett, tagades samal ajal \u00f6\u00f6p\u00e4evaringse vetikat\u00f5rje* \u2013 isegi siis, kui pump ei t\u00f6\u00f6ta**. Mugav ja lihtne desinfitseerimislahendus Nature2 Spa v\u00e4hendab drastiliselt kemikaalide kasutamist, aidates hoida pH neutraalses vahemikus ja pikendades teie seadmete eluiga. Garanteeritud, et Nature2 Spa ei m\u00e4\u00e4ri pindu, paigaldatakse sekunditega ja seda on lihtne hooldada \u2013 nii saate lihtsalt istuda, l\u00f5\u00f5gastuda ja nautida oma spaast ilma, et te tunneksite, haistaksite v\u00f5i karmide kemikaalide m\u00f5jul. Omadused V\u00e4hendab kloori tarbimist H\u00e4vitab vetikaid* ja baktereid T\u00f6\u00f6tab kloori v\u00f5i MPS-iga (kaaliumperoks\u00fcmonosulfaat) Madal hooldus; kestab kuni 4 kuud * Kombineerituna MPS-iga (kaaliumperoks\u00fcmonosulfaat) **Vaadake pumba n\u00f5utavaid t\u00f6\u00f6aegu omaniku k\u00e4siraamatu(de)st.\">Zodiac Nature\u00b2 SPA Stick<\/h4>\n<h5 class=\"tw-data-text tw-text-large tw-ta\" dir=\"ltr\" data-placeholder=\"T\u00f5lge\" data-ved=\"2ahUKEwjUg5rS17mLAxXyi8MKHXPtBPcQ3ewLegQIBxAV\" aria-label=\"T\u00f5lgitud tekst: Lihtne viis loomulikumalt spaastamiseks Spaa looduslikult, kasutades t\u00f5estatud mineraalide j\u00f5udu. Nature2 Spa on v\u00e4hese hooldusega alternatiiv kloorile*, mis kasutab mineraalide antimikroobset j\u00f5udu, et pakkuda teile puhtamat ja selgemat vett, tagades samal ajal \u00f6\u00f6p\u00e4evaringse vetikat\u00f5rje* \u2013 isegi siis, kui pump ei t\u00f6\u00f6ta**. Mugav ja lihtne desinfitseerimislahendus Nature2 Spa v\u00e4hendab drastiliselt kemikaalide kasutamist, aidates hoida pH neutraalses vahemikus ja pikendades teie seadmete eluiga. Garanteeritud, et Nature2 Spa ei m\u00e4\u00e4ri pindu, paigaldatakse sekunditega ja seda on lihtne hooldada \u2013 nii saate lihtsalt istuda, l\u00f5\u00f5gastuda ja nautida oma spaast ilma, et te tunneksite, haistaksite v\u00f5i karmide kemikaalide m\u00f5jul. Omadused V\u00e4hendab kloori tarbimist H\u00e4vitab vetikaid* ja baktereid T\u00f6\u00f6tab kloori v\u00f5i MPS-iga (kaaliumperoks\u00fcmonosulfaat) Madal hooldus; kestab kuni 4 kuud * Kombineerituna MPS-iga (kaaliumperoks\u00fcmonosulfaat) **Vaadake pumba n\u00f5utavaid t\u00f6\u00f6aegu omaniku k\u00e4siraamatu(de)st.\"><span class=\"Y2IQFc\" lang=\"et\">Helppo tapa kylpe\u00e4 luonnollisemmin<\/span><\/h5>\n<p class=\"tw-data-text tw-text-large tw-ta\" dir=\"ltr\" data-placeholder=\"T\u00f5lge\" data-ved=\"2ahUKEwjUg5rS17mLAxXyi8MKHXPtBPcQ3ewLegQIBxAV\" aria-label=\"T\u00f5lgitud tekst: Lihtne viis loomulikumalt spaastamiseks Spaa looduslikult, kasutades t\u00f5estatud mineraalide j\u00f5udu. Nature2 Spa on v\u00e4hese hooldusega alternatiiv kloorile*, mis kasutab mineraalide antimikroobset j\u00f5udu, et pakkuda teile puhtamat ja selgemat vett, tagades samal ajal \u00f6\u00f6p\u00e4evaringse vetikat\u00f5rje* \u2013 isegi siis, kui pump ei t\u00f6\u00f6ta**. Mugav ja lihtne desinfitseerimislahendus Nature2 Spa v\u00e4hendab drastiliselt kemikaalide kasutamist, aidates hoida pH neutraalses vahemikus ja pikendades teie seadmete eluiga. Garanteeritud, et Nature2 Spa ei m\u00e4\u00e4ri pindu, paigaldatakse sekunditega ja seda on lihtne hooldada \u2013 nii saate lihtsalt istuda, l\u00f5\u00f5gastuda ja nautida oma spaast ilma, et te tunneksite, haistaksite v\u00f5i karmide kemikaalide m\u00f5jul. Omadused V\u00e4hendab kloori tarbimist H\u00e4vitab vetikaid* ja baktereid T\u00f6\u00f6tab kloori v\u00f5i MPS-iga (kaaliumperoks\u00fcmonosulfaat) Madal hooldus; kestab kuni 4 kuud * Kombineerituna MPS-iga (kaaliumperoks\u00fcmonosulfaat) **Vaadake pumba n\u00f5utavaid t\u00f6\u00f6aegu omaniku k\u00e4siraamatu(de)st.\"><span class=\"Y2IQFc\" lang=\"et\">Nauti kuumasta kylvyst\u00e4 k\u00e4ytt\u00e4m\u00e4ll\u00e4 hyv\u00e4ksi todettujen luonnon mineraalien voimaa. Nature Spa on v\u00e4h\u00e4n huoltoa vaativa vaihtoehto kloorille*, joka valjastaa luonnon mineraalien antimikrobisen voiman puhtaamman ja kirkkaamman veden saamiseksi ja tarjoaa ymp\u00e4rivuorokautisen lev\u00e4npoiston* my\u00f6s silloin, kun pumppu ei ole k\u00e4ynniss\u00e4**. Nature Span k\u00e4tev\u00e4 ja yksinkertainen desinfiointiratkaisu v\u00e4hent\u00e4\u00e4 huomattavasti kemikaalien tarvetta, auttaa pit\u00e4m\u00e4\u00e4n pH:n neutraalilla alueella ja pident\u00e4\u00e4 siten laitteistosi k\u00e4ytt\u00f6ik\u00e4\u00e4. Nature Spa ei tahraa pintoja, se asennetaan muutamassa sekunnissa ja sit\u00e4 on helppo huoltaa.   <\/span><\/p>\n<p dir=\"ltr\" data-placeholder=\"T\u00f5lge\" data-ved=\"2ahUKEwjUg5rS17mLAxXyi8MKHXPtBPcQ3ewLegQIBxAV\" aria-label=\"T\u00f5lgitud tekst: Lihtne viis loomulikumalt spaastamiseks Spaa looduslikult, kasutades t\u00f5estatud mineraalide j\u00f5udu. Nature2 Spa on v\u00e4hese hooldusega alternatiiv kloorile*, mis kasutab mineraalide antimikroobset j\u00f5udu, et pakkuda teile puhtamat ja selgemat vett, tagades samal ajal \u00f6\u00f6p\u00e4evaringse vetikat\u00f5rje* \u2013 isegi siis, kui pump ei t\u00f6\u00f6ta**. Mugav ja lihtne desinfitseerimislahendus Nature2 Spa v\u00e4hendab drastiliselt kemikaalide kasutamist, aidates hoida pH neutraalses vahemikus ja pikendades teie seadmete eluiga. Garanteeritud, et Nature2 Spa ei m\u00e4\u00e4ri pindu, paigaldatakse sekunditega ja seda on lihtne hooldada \u2013 nii saate lihtsalt istuda, l\u00f5\u00f5gastuda ja nautida oma spaast ilma, et te tunneksite, haistaksite v\u00f5i karmide kemikaalide m\u00f5jul. Omadused V\u00e4hendab kloori tarbimist H\u00e4vitab vetikaid* ja baktereid T\u00f6\u00f6tab kloori v\u00f5i MPS-iga (kaaliumperoks\u00fcmonosulfaat) Madal hooldus; kestab kuni 4 kuud * Kombineerituna MPS-iga (kaaliumperoks\u00fcmonosulfaat) **Vaadake pumba n\u00f5utavaid t\u00f6\u00f6aegu omaniku k\u00e4siraamatu(de)st.\"><sup>NATURE\u00b2 <\/sup>SPA Stick Ominaisuudet<span class=\"Y2IQFc\" lang=\"et\">: <\/span> <\/p>\n<ul>\n<li class=\"tw-data-text tw-text-large tw-ta\" dir=\"ltr\" data-placeholder=\"T\u00f5lge\" data-ved=\"2ahUKEwjUg5rS17mLAxXyi8MKHXPtBPcQ3ewLegQIBxAV\" aria-label=\"T\u00f5lgitud tekst: Lihtne viis loomulikumalt spaastamiseks Spaa looduslikult, kasutades t\u00f5estatud mineraalide j\u00f5udu. Nature2 Spa on v\u00e4hese hooldusega alternatiiv kloorile*, mis kasutab mineraalide antimikroobset j\u00f5udu, et pakkuda teile puhtamat ja selgemat vett, tagades samal ajal \u00f6\u00f6p\u00e4evaringse vetikat\u00f5rje* \u2013 isegi siis, kui pump ei t\u00f6\u00f6ta**. Mugav ja lihtne desinfitseerimislahendus Nature2 Spa v\u00e4hendab drastiliselt kemikaalide kasutamist, aidates hoida pH neutraalses vahemikus ja pikendades teie seadmete eluiga. Garanteeritud, et Nature2 Spa ei m\u00e4\u00e4ri pindu, paigaldatakse sekunditega ja seda on lihtne hooldada \u2013 nii saate lihtsalt istuda, l\u00f5\u00f5gastuda ja nautida oma spaast ilma, et te tunneksite, haistaksite v\u00f5i karmide kemikaalide m\u00f5jul. Omadused V\u00e4hendab kloori tarbimist H\u00e4vitab vetikaid* ja baktereid T\u00f6\u00f6tab kloori v\u00f5i MPS-iga (kaaliumperoks\u00fcmonosulfaat) Madal hooldus; kestab kuni 4 kuud * Kombineerituna MPS-iga (kaaliumperoks\u00fcmonosulfaat) **Vaadake pumba n\u00f5utavaid t\u00f6\u00f6aegu omaniku k\u00e4siraamatu(de)st.\">Sopii porealtaisiin, minialtaisiin, poreammeisiin jne.<\/li>\n<li dir=\"ltr\" data-placeholder=\"T\u00f5lge\" data-ved=\"2ahUKEwjUg5rS17mLAxXyi8MKHXPtBPcQ3ewLegQIBxAV\" aria-label=\"T\u00f5lgitud tekst: Lihtne viis loomulikumalt spaastamiseks Spaa looduslikult, kasutades t\u00f5estatud mineraalide j\u00f5udu. Nature2 Spa on v\u00e4hese hooldusega alternatiiv kloorile*, mis kasutab mineraalide antimikroobset j\u00f5udu, et pakkuda teile puhtamat ja selgemat vett, tagades samal ajal \u00f6\u00f6p\u00e4evaringse vetikat\u00f5rje* \u2013 isegi siis, kui pump ei t\u00f6\u00f6ta**. Mugav ja lihtne desinfitseerimislahendus Nature2 Spa v\u00e4hendab drastiliselt kemikaalide kasutamist, aidates hoida pH neutraalses vahemikus ja pikendades teie seadmete eluiga. Garanteeritud, et Nature2 Spa ei m\u00e4\u00e4ri pindu, paigaldatakse sekunditega ja seda on lihtne hooldada \u2013 nii saate lihtsalt istuda, l\u00f5\u00f5gastuda ja nautida oma spaast ilma, et te tunneksite, haistaksite v\u00f5i karmide kemikaalide m\u00f5jul. Omadused V\u00e4hendab kloori tarbimist H\u00e4vitab vetikaid* ja baktereid T\u00f6\u00f6tab kloori v\u00f5i MPS-iga (kaaliumperoks\u00fcmonosulfaat) Madal hooldus; kestab kuni 4 kuud * Kombineerituna MPS-iga (kaaliumperoks\u00fcmonosulfaat) **Vaadake pumba n\u00f5utavaid t\u00f6\u00f6aegu omaniku k\u00e4siraamatu(de)st.\">Pit\u00e4\u00e4 veden kristallinkirkkaana, hajuttomana ja raikkaana.<\/li>\n<li class=\"tw-data-text tw-text-large tw-ta\" dir=\"ltr\" data-placeholder=\"T\u00f5lge\" data-ved=\"2ahUKEwjUg5rS17mLAxXyi8MKHXPtBPcQ3ewLegQIBxAV\" aria-label=\"T\u00f5lgitud tekst: Lihtne viis loomulikumalt spaastamiseks Spaa looduslikult, kasutades t\u00f5estatud mineraalide j\u00f5udu. Nature2 Spa on v\u00e4hese hooldusega alternatiiv kloorile*, mis kasutab mineraalide antimikroobset j\u00f5udu, et pakkuda teile puhtamat ja selgemat vett, tagades samal ajal \u00f6\u00f6p\u00e4evaringse vetikat\u00f5rje* \u2013 isegi siis, kui pump ei t\u00f6\u00f6ta**. Mugav ja lihtne desinfitseerimislahendus Nature2 Spa v\u00e4hendab drastiliselt kemikaalide kasutamist, aidates hoida pH neutraalses vahemikus ja pikendades teie seadmete eluiga. Garanteeritud, et Nature2 Spa ei m\u00e4\u00e4ri pindu, paigaldatakse sekunditega ja seda on lihtne hooldada \u2013 nii saate lihtsalt istuda, l\u00f5\u00f5gastuda ja nautida oma spaast ilma, et te tunneksite, haistaksite v\u00f5i karmide kemikaalide m\u00f5jul. Omadused V\u00e4hendab kloori tarbimist H\u00e4vitab vetikaid* ja baktereid T\u00f6\u00f6tab kloori v\u00f5i MPS-iga (kaaliumperoks\u00fcmonosulfaat) Madal hooldus; kestab kuni 4 kuud * Kombineerituna MPS-iga (kaaliumperoks\u00fcmonosulfaat) **Vaadake pumba n\u00f5utavaid t\u00f6\u00f6aegu omaniku k\u00e4siraamatu(de)st.\"><span class=\"Y2IQFc\" lang=\"et\">V\u00e4hent\u00e4\u00e4 kloorin lis\u00e4\u00e4misen tarvetta<\/span><\/li>\n<li class=\"tw-data-text tw-text-large tw-ta\" dir=\"ltr\" data-placeholder=\"T\u00f5lge\" data-ved=\"2ahUKEwjUg5rS17mLAxXyi8MKHXPtBPcQ3ewLegQIBxAV\" aria-label=\"T\u00f5lgitud tekst: Lihtne viis loomulikumalt spaastamiseks Spaa looduslikult, kasutades t\u00f5estatud mineraalide j\u00f5udu. Nature2 Spa on v\u00e4hese hooldusega alternatiiv kloorile*, mis kasutab mineraalide antimikroobset j\u00f5udu, et pakkuda teile puhtamat ja selgemat vett, tagades samal ajal \u00f6\u00f6p\u00e4evaringse vetikat\u00f5rje* \u2013 isegi siis, kui pump ei t\u00f6\u00f6ta**. Mugav ja lihtne desinfitseerimislahendus Nature2 Spa v\u00e4hendab drastiliselt kemikaalide kasutamist, aidates hoida pH neutraalses vahemikus ja pikendades teie seadmete eluiga. Garanteeritud, et Nature2 Spa ei m\u00e4\u00e4ri pindu, paigaldatakse sekunditega ja seda on lihtne hooldada \u2013 nii saate lihtsalt istuda, l\u00f5\u00f5gastuda ja nautida oma spaast ilma, et te tunneksite, haistaksite v\u00f5i karmide kemikaalide m\u00f5jul. Omadused V\u00e4hendab kloori tarbimist H\u00e4vitab vetikaid* ja baktereid T\u00f6\u00f6tab kloori v\u00f5i MPS-iga (kaaliumperoks\u00fcmonosulfaat) Madal hooldus; kestab kuni 4 kuud * Kombineerituna MPS-iga (kaaliumperoks\u00fcmonosulfaat) **Vaadake pumba n\u00f5utavaid t\u00f6\u00f6aegu omaniku k\u00e4siraamatu(de)st.\"><span class=\"Y2IQFc\" lang=\"et\">Tuhoaa lev\u00e4t* ja bakteerit.<\/span><\/li>\n<li class=\"tw-data-text tw-text-large tw-ta\" dir=\"ltr\" data-placeholder=\"T\u00f5lge\" data-ved=\"2ahUKEwjUg5rS17mLAxXyi8MKHXPtBPcQ3ewLegQIBxAV\" aria-label=\"T\u00f5lgitud tekst: Lihtne viis loomulikumalt spaastamiseks Spaa looduslikult, kasutades t\u00f5estatud mineraalide j\u00f5udu. Nature2 Spa on v\u00e4hese hooldusega alternatiiv kloorile*, mis kasutab mineraalide antimikroobset j\u00f5udu, et pakkuda teile puhtamat ja selgemat vett, tagades samal ajal \u00f6\u00f6p\u00e4evaringse vetikat\u00f5rje* \u2013 isegi siis, kui pump ei t\u00f6\u00f6ta**. Mugav ja lihtne desinfitseerimislahendus Nature2 Spa v\u00e4hendab drastiliselt kemikaalide kasutamist, aidates hoida pH neutraalses vahemikus ja pikendades teie seadmete eluiga. Garanteeritud, et Nature2 Spa ei m\u00e4\u00e4ri pindu, paigaldatakse sekunditega ja seda on lihtne hooldada \u2013 nii saate lihtsalt istuda, l\u00f5\u00f5gastuda ja nautida oma spaast ilma, et te tunneksite, haistaksite v\u00f5i karmide kemikaalide m\u00f5jul. Omadused V\u00e4hendab kloori tarbimist H\u00e4vitab vetikaid* ja baktereid T\u00f6\u00f6tab kloori v\u00f5i MPS-iga (kaaliumperoks\u00fcmonosulfaat) Madal hooldus; kestab kuni 4 kuud * Kombineerituna MPS-iga (kaaliumperoks\u00fcmonosulfaat) **Vaadake pumba n\u00f5utavaid t\u00f6\u00f6aegu omaniku k\u00e4siraamatu(de)st.\"><span class=\"Y2IQFc\" lang=\"et\">Toimii yhdess\u00e4 kloorin tai oksonin kanssa (hyvin pieni m\u00e4\u00e4r\u00e4 (24 g\/1000 l) tarvitaan prosessin k\u00e4ynnist\u00e4miseen\/suodattimen aktivointiin).<\/span><\/li>\n<li class=\"tw-data-text tw-text-large tw-ta\" dir=\"ltr\" data-placeholder=\"T\u00f5lge\" data-ved=\"2ahUKEwjUg5rS17mLAxXyi8MKHXPtBPcQ3ewLegQIBxAV\" aria-label=\"T\u00f5lgitud tekst: Lihtne viis loomulikumalt spaastamiseks Spaa looduslikult, kasutades t\u00f5estatud mineraalide j\u00f5udu. Nature2 Spa on v\u00e4hese hooldusega alternatiiv kloorile*, mis kasutab mineraalide antimikroobset j\u00f5udu, et pakkuda teile puhtamat ja selgemat vett, tagades samal ajal \u00f6\u00f6p\u00e4evaringse vetikat\u00f5rje* \u2013 isegi siis, kui pump ei t\u00f6\u00f6ta**. Mugav ja lihtne desinfitseerimislahendus Nature2 Spa v\u00e4hendab drastiliselt kemikaalide kasutamist, aidates hoida pH neutraalses vahemikus ja pikendades teie seadmete eluiga. Garanteeritud, et Nature2 Spa ei m\u00e4\u00e4ri pindu, paigaldatakse sekunditega ja seda on lihtne hooldada \u2013 nii saate lihtsalt istuda, l\u00f5\u00f5gastuda ja nautida oma spaast ilma, et te tunneksite, haistaksite v\u00f5i karmide kemikaalide m\u00f5jul. Omadused V\u00e4hendab kloori tarbimist H\u00e4vitab vetikaid* ja baktereid T\u00f6\u00f6tab kloori v\u00f5i MPS-iga (kaaliumperoks\u00fcmonosulfaat) Madal hooldus; kestab kuni 4 kuud * Kombineerituna MPS-iga (kaaliumperoks\u00fcmonosulfaat) **Vaadake pumba n\u00f5utavaid t\u00f6\u00f6aegu omaniku k\u00e4siraamatu(de)st.\"><span class=\"Y2IQFc\" lang=\"et\">V\u00e4h\u00e4n huoltoa vaativa ja helppok\u00e4ytt\u00f6inen; kest\u00e4\u00e4 jopa 4 kuukautta.<\/span><\/li>\n<li dir=\"ltr\" data-placeholder=\"T\u00f5lge\" data-ved=\"2ahUKEwjUg5rS17mLAxXyi8MKHXPtBPcQ3ewLegQIBxAV\" aria-label=\"T\u00f5lgitud tekst: Lihtne viis loomulikumalt spaastamiseks Spaa looduslikult, kasutades t\u00f5estatud mineraalide j\u00f5udu. Nature2 Spa on v\u00e4hese hooldusega alternatiiv kloorile*, mis kasutab mineraalide antimikroobset j\u00f5udu, et pakkuda teile puhtamat ja selgemat vett, tagades samal ajal \u00f6\u00f6p\u00e4evaringse vetikat\u00f5rje* \u2013 isegi siis, kui pump ei t\u00f6\u00f6ta**. Mugav ja lihtne desinfitseerimislahendus Nature2 Spa v\u00e4hendab drastiliselt kemikaalide kasutamist, aidates hoida pH neutraalses vahemikus ja pikendades teie seadmete eluiga. Garanteeritud, et Nature2 Spa ei m\u00e4\u00e4ri pindu, paigaldatakse sekunditega ja seda on lihtne hooldada \u2013 nii saate lihtsalt istuda, l\u00f5\u00f5gastuda ja nautida oma spaast ilma, et te tunneksite, haistaksite v\u00f5i karmide kemikaalide m\u00f5jul. Omadused V\u00e4hendab kloori tarbimist H\u00e4vitab vetikaid* ja baktereid T\u00f6\u00f6tab kloori v\u00f5i MPS-iga (kaaliumperoks\u00fcmonosulfaat) Madal hooldus; kestab kuni 4 kuud * Kombineerituna MPS-iga (kaaliumperoks\u00fcmonosulfaat) **Vaadake pumba n\u00f5utavaid t\u00f6\u00f6aegu omaniku k\u00e4siraamatu(de)st.\">Soveltuu asennettavaksi useimpiin patruunasuodatinosastoihin.<\/li>\n<li dir=\"ltr\" data-placeholder=\"T\u00f5lge\" data-ved=\"2ahUKEwjUg5rS17mLAxXyi8MKHXPtBPcQ3ewLegQIBxAV\" aria-label=\"T\u00f5lgitud tekst: Lihtne viis loomulikumalt spaastamiseks Spaa looduslikult, kasutades t\u00f5estatud mineraalide j\u00f5udu. Nature2 Spa on v\u00e4hese hooldusega alternatiiv kloorile*, mis kasutab mineraalide antimikroobset j\u00f5udu, et pakkuda teile puhtamat ja selgemat vett, tagades samal ajal \u00f6\u00f6p\u00e4evaringse vetikat\u00f5rje* \u2013 isegi siis, kui pump ei t\u00f6\u00f6ta**. Mugav ja lihtne desinfitseerimislahendus Nature2 Spa v\u00e4hendab drastiliselt kemikaalide kasutamist, aidates hoida pH neutraalses vahemikus ja pikendades teie seadmete eluiga. Garanteeritud, et Nature2 Spa ei m\u00e4\u00e4ri pindu, paigaldatakse sekunditega ja seda on lihtne hooldada \u2013 nii saate lihtsalt istuda, l\u00f5\u00f5gastuda ja nautida oma spaast ilma, et te tunneksite, haistaksite v\u00f5i karmide kemikaalide m\u00f5jul. Omadused V\u00e4hendab kloori tarbimist H\u00e4vitab vetikaid* ja baktereid T\u00f6\u00f6tab kloori v\u00f5i MPS-iga (kaaliumperoks\u00fcmonosulfaat) Madal hooldus; kestab kuni 4 kuud * Kombineerituna MPS-iga (kaaliumperoks\u00fcmonosulfaat) **Vaadake pumba n\u00f5utavaid t\u00f6\u00f6aegu omaniku k\u00e4siraamatu(de)st.\">Mitat 3x16cm (suodatinelementti)<\/li>\n<\/ul>\n<p>&nbsp;<\/p>\n<p>SPA Stick tuotetiedot englanniksi <a href=\"https:\/\/basseinimeistrid.ee\/wp-content\/uploads\/2025\/02\/spa-stick.pdf\" target=\"_blank\" rel=\"noopener\">T\u00c4ST\u00c4<\/a><\/p>\n<p>SPA Stickin k\u00e4ytt\u00f6opas englanniksi <a href=\"https:\/\/basseinimeistrid.ee\/wp-content\/uploads\/2025\/02\/spa-stick-kasutusjuhend-en.pdf\" target=\"_blank\" rel=\"noopener\">T\u00c4\u00c4LL\u00c4<\/a><\/p>\n<p><span class=\"Y2IQFc\" lang=\"et\">* Yhdess\u00e4 oksonin (kaliumperoksymonosulfaatti) kanssa.<\/span><\/p>\n<p><span class=\"Y2IQFc\" lang=\"et\">** Tarkista pumpun v\u00e4himm\u00e4isk\u00e4ytt\u00f6ajat tuotteen k\u00e4ytt\u00f6ohjeesta.<\/span><\/p>\n","protected":false},"excerpt":{"rendered":"<p>Zodiac Nature\u00b2 SPA Stick Helppo tapa kylpe\u00e4 luonnollisemmin Nauti kuumasta kylvyst\u00e4 k\u00e4ytt\u00e4m\u00e4ll\u00e4 hyv\u00e4ksi todettujen luonnon mineraalien voimaa. Nature Spa on v\u00e4h\u00e4n huoltoa vaativa vaihtoehto kloorille*, joka valjastaa luonnon mineraalien antimikrobisen voiman puhtaamman ja kirkkaamman veden saamiseksi ja tarjoaa ymp\u00e4rivuorokautisen lev\u00e4npoiston* my\u00f6s silloin, kun pumppu ei ole k\u00e4ynniss\u00e4**. Nature Span k\u00e4tev\u00e4 ja yksinkertainen desinfiointiratkaisu v\u00e4hent\u00e4\u00e4 huomattavasti [&hellip;]<\/p>\n","protected":false},"featured_media":107075,"template":"","meta":{"_et_pb_use_builder":"","_et_pb_old_content":"","_et_gb_content_width":""},"product_brand":[],"product_cat":[225,130,129],"product_tag":[],"class_list":{"0":"post-108387","1":"product","2":"type-product","3":"status-publish","4":"has-post-thumbnail","6":"product_cat-allasveden-huolto-kemikaalittomille-uima-altaille","7":"product_cat-porealtaat","8":"product_cat-tynnyreille-ja-ammeille","9":"product_shipping_class-pakiautomaat-fi","11":"first","12":"onbackorder","13":"sold-individually","14":"taxable","15":"shipping-taxable","16":"purchasable","17":"product-type-simple"},"jetpack_sharing_enabled":true,"_links":{"self":[{"href":"https:\/\/basseinimeistrid.ee\/fi\/wp-json\/wp\/v2\/product\/108387","targetHints":{"allow":["GET"]}}],"collection":[{"href":"https:\/\/basseinimeistrid.ee\/fi\/wp-json\/wp\/v2\/product"}],"about":[{"href":"https:\/\/basseinimeistrid.ee\/fi\/wp-json\/wp\/v2\/types\/product"}],"wp:featuredmedia":[{"embeddable":true,"href":"https:\/\/basseinimeistrid.ee\/fi\/wp-json\/wp\/v2\/media\/107075"}],"wp:attachment":[{"href":"https:\/\/basseinimeistrid.ee\/fi\/wp-json\/wp\/v2\/media?parent=108387"}],"wp:term":[{"taxonomy":"product_brand","embeddable":true,"href":"https:\/\/basseinimeistrid.ee\/fi\/wp-json\/wp\/v2\/product_brand?post=108387"},{"taxonomy":"product_cat","embeddable":true,"href":"https:\/\/basseinimeistrid.ee\/fi\/wp-json\/wp\/v2\/product_cat?post=108387"},{"taxonomy":"product_tag","embeddable":true,"href":"https:\/\/basseinimeistrid.ee\/fi\/wp-json\/wp\/v2\/product_tag?post=108387"}],"curies":[{"name":"wp","href":"https:\/\/api.w.org\/{rel}","templated":true}]}}