{"id":108388,"date":"2025-02-14T17:31:20","date_gmt":"2025-02-14T15:31:20","guid":{"rendered":"https:\/\/basseinimeistrid.ee\/pood\/Ei-luokiteltu\/palloventtiili-pvc-cepex-std\/"},"modified":"2025-03-12T20:30:35","modified_gmt":"2025-03-12T18:30:35","slug":"palloventtiili-pvc-cepex-std","status":"publish","type":"product","link":"https:\/\/basseinimeistrid.ee\/fi\/pood\/palloventtiili-pvc-cepex-std\/","title":{"rendered":"Palloventtiili PVC Cepex STD"},"content":{"rendered":"<p>Laadukas PVC-U-palloventtiili, joka voidaan liimata. PE-pallo ja EPDM-tiiviste.<\/p>\n<p>Cepex STD -palloventtiilin tiedot englanniksi valmistajan verkkosivuilla <a href=\"https:\/\/www.cepex.com\/products\/ball-valves\/std\/\" target=\"_blank\" rel=\"noopener\">T\u00c4\u00c4LL\u00c4<\/a><\/p>\n","protected":false},"excerpt":{"rendered":"<p>Laadukas PVC-U-palloventtiili, joka voidaan liimata. PE-pallo ja EPDM-tiiviste.<\/p>\n","protected":false},"featured_media":105633,"template":"","meta":{"_et_pb_use_builder":"","_et_pb_old_content":"","_et_gb_content_width":""},"product_brand":[],"product_cat":[213],"product_tag":[],"class_list":{"0":"post-108388","1":"product","2":"type-product","3":"status-publish","4":"has-post-thumbnail","6":"product_cat-venttiilit","7":"product_shipping_class-pakiautomaat-fi","9":"first","10":"instock","11":"taxable","12":"shipping-taxable","13":"purchasable","14":"product-type-simple"},"jetpack_sharing_enabled":true,"_links":{"self":[{"href":"https:\/\/basseinimeistrid.ee\/fi\/wp-json\/wp\/v2\/product\/108388","targetHints":{"allow":["GET"]}}],"collection":[{"href":"https:\/\/basseinimeistrid.ee\/fi\/wp-json\/wp\/v2\/product"}],"about":[{"href":"https:\/\/basseinimeistrid.ee\/fi\/wp-json\/wp\/v2\/types\/product"}],"wp:featuredmedia":[{"embeddable":true,"href":"https:\/\/basseinimeistrid.ee\/fi\/wp-json\/wp\/v2\/media\/105633"}],"wp:attachment":[{"href":"https:\/\/basseinimeistrid.ee\/fi\/wp-json\/wp\/v2\/media?parent=108388"}],"wp:term":[{"taxonomy":"product_brand","embeddable":true,"href":"https:\/\/basseinimeistrid.ee\/fi\/wp-json\/wp\/v2\/product_brand?post=108388"},{"taxonomy":"product_cat","embeddable":true,"href":"https:\/\/basseinimeistrid.ee\/fi\/wp-json\/wp\/v2\/product_cat?post=108388"},{"taxonomy":"product_tag","embeddable":true,"href":"https:\/\/basseinimeistrid.ee\/fi\/wp-json\/wp\/v2\/product_tag?post=108388"}],"curies":[{"name":"wp","href":"https:\/\/api.w.org\/{rel}","templated":true}]}}