{"id":108389,"date":"2025-02-14T17:31:20","date_gmt":"2025-02-14T15:31:20","guid":{"rendered":"https:\/\/basseinimeistrid.ee\/pood\/Ei-luokiteltu\/liimattava-luistiventtiili-valterra-pvc\/"},"modified":"2025-03-12T20:42:35","modified_gmt":"2025-03-12T18:42:35","slug":"liimattava-luistiventtiili-valterra-pvc","status":"publish","type":"product","link":"https:\/\/basseinimeistrid.ee\/fi\/pood\/liimattava-luistiventtiili-valterra-pvc\/","title":{"rendered":"Liimattava luistiventtiili Valterra PVC"},"content":{"rendered":"<p>PVC-muovista liimattava luistiventtiili ruostumattomasta ter\u00e4ksest\u00e4 valmistetulla karalla ja kolminkertaisella tiivisteell\u00e4 (3 x O-rengasta). K\u00e4ytt\u00f6 matalapainej\u00e4rjestelmiss\u00e4: uimalammikoissa, uima-altaiden viem\u00e4riss\u00e4, kylpytynnyreiss\u00e4, s\u00e4ili\u00f6iss\u00e4, kasvihuoneissa jne. Valterran luistiventtiilit on varustettu uusilla Santoprene-tiivisteill\u00e4 (100 % kemikaalinkest\u00e4v\u00e4), jotka sopivat sek\u00e4 tyhji\u00f6\u00f6n ett\u00e4 paineeseen. Itse venttiili on valmistettu muovista, paitsi 110\/160\/200mm ventiilit, joissa on ruostumattomasta ter\u00e4ksest\u00e4 valmistettu kiila. Saatavana pyynn\u00f6st\u00e4 my\u00f6s tuuman kokoisina. Jatkotangot saatavana karaan 0,5 m:n v\u00e4lein.<\/p>\n","protected":false},"excerpt":{"rendered":"<p>PVC-kiilaventtiili ruostumattomasta ter\u00e4ksest\u00e4 valmistetulla karalla, kolminkertainen tiiviste (3 x O-rengas)<\/p>\n","protected":false},"featured_media":105621,"template":"","meta":{"_et_pb_use_builder":"","_et_pb_old_content":"","_et_gb_content_width":""},"product_brand":[],"product_cat":[213],"product_tag":[],"class_list":{"0":"post-108389","1":"product","2":"type-product","3":"status-publish","4":"has-post-thumbnail","6":"product_cat-venttiilit","7":"product_shipping_class-pakiautomaat-fi","9":"first","10":"instock","11":"taxable","12":"shipping-taxable","13":"purchasable","14":"product-type-simple"},"jetpack_sharing_enabled":true,"_links":{"self":[{"href":"https:\/\/basseinimeistrid.ee\/fi\/wp-json\/wp\/v2\/product\/108389","targetHints":{"allow":["GET"]}}],"collection":[{"href":"https:\/\/basseinimeistrid.ee\/fi\/wp-json\/wp\/v2\/product"}],"about":[{"href":"https:\/\/basseinimeistrid.ee\/fi\/wp-json\/wp\/v2\/types\/product"}],"wp:featuredmedia":[{"embeddable":true,"href":"https:\/\/basseinimeistrid.ee\/fi\/wp-json\/wp\/v2\/media\/105621"}],"wp:attachment":[{"href":"https:\/\/basseinimeistrid.ee\/fi\/wp-json\/wp\/v2\/media?parent=108389"}],"wp:term":[{"taxonomy":"product_brand","embeddable":true,"href":"https:\/\/basseinimeistrid.ee\/fi\/wp-json\/wp\/v2\/product_brand?post=108389"},{"taxonomy":"product_cat","embeddable":true,"href":"https:\/\/basseinimeistrid.ee\/fi\/wp-json\/wp\/v2\/product_cat?post=108389"},{"taxonomy":"product_tag","embeddable":true,"href":"https:\/\/basseinimeistrid.ee\/fi\/wp-json\/wp\/v2\/product_tag?post=108389"}],"curies":[{"name":"wp","href":"https:\/\/api.w.org\/{rel}","templated":true}]}}