{"id":108390,"date":"2025-02-14T17:31:20","date_gmt":"2025-02-14T15:31:20","guid":{"rendered":"https:\/\/basseinimeistrid.ee\/pood\/Ei-luokiteltu\/letku-heavy-duty-50m\/"},"modified":"2025-03-12T21:01:00","modified_gmt":"2025-03-12T19:01:00","slug":"letku-heavy-duty-50m","status":"publish","type":"product","link":"https:\/\/basseinimeistrid.ee\/fi\/pood\/letku-heavy-duty-50m\/","title":{"rendered":"Letku Heavy Duty 50m"},"content":{"rendered":"<p>Mustat heavy duty vesiletkut, jotka ovat eritt\u00e4in joustavia, mutta joilla on korkea radiaalinen lujuus. Soveltuu k\u00e4ytett\u00e4v\u00e4ksi esimerkiksi lampien, biologisten uimalammikoiden ja uima-altaiden putkistoissa. Tietysti my\u00f6s kaikenlaiset tyhjennykset ja muut pumppaukset.<\/p>\n<ul>\n<li>Sile\u00e4t sis\u00e4- ja ulkopinnat<\/li>\n<li>Paineenkesto jopa 4 bar @ 23\u00b0C, jopa 6 bar @ 20\u00b0C<\/li>\n<li>Tyhji\u00f6 6m\/ <sub>H2O<\/sub><\/li>\n<li>K\u00e4ytt\u00f6l\u00e4mp\u00f6tila -10 &#8230; +60\u00b0C<\/li>\n<\/ul>\n<p>Letkujen sis\u00e4-\/ulkohalkaisijat:<\/p>\n<ul>\n<li>20 x 25 mm (noin 218)<\/li>\n<li>25 x 31 mm (noin 220)<\/li>\n<li>32 x 37,2 mm (noin 222)<\/li>\n<li>38 x 44 mm (noin 223)<\/li>\n<li>40 x 46 mm (noin 224)<\/li>\n<li>50 x 57,2 mm (noin 226)<\/li>\n<\/ul>\n","protected":false},"excerpt":{"rendered":"<p>Mustat heavy duty vesiletkut, jotka ovat eritt\u00e4in joustavia, mutta joilla on korkea radiaalinen lujuus. Soveltuu k\u00e4ytett\u00e4v\u00e4ksi esimerkiksi lampien, biologisten uimalammikoiden ja uima-altaiden putkistoissa. Tietysti my\u00f6s kaikenlaiset tyhjennykset ja muut pumppaukset. Sile\u00e4t sis\u00e4- ja ulkopinnat Paineenkesto jopa 4 bar @ 23\u00b0C, jopa 6 bar @ 20\u00b0C Tyhji\u00f6 6m\/ H2O K\u00e4ytt\u00f6l\u00e4mp\u00f6tila -10 &#8230; +60\u00b0C Letkujen sis\u00e4-\/ulkohalkaisijat: 20 [&hellip;]<\/p>\n","protected":false},"featured_media":105606,"template":"","meta":{"_et_pb_use_builder":"","_et_pb_old_content":"","_et_gb_content_width":""},"product_brand":[],"product_cat":[169],"product_tag":[],"class_list":{"0":"post-108390","1":"product","2":"type-product","3":"status-publish","4":"has-post-thumbnail","6":"product_cat-letkut","7":"product_shipping_class-kuller-fi","9":"first","10":"instock","11":"taxable","12":"shipping-taxable","13":"purchasable","14":"product-type-simple"},"jetpack_sharing_enabled":true,"_links":{"self":[{"href":"https:\/\/basseinimeistrid.ee\/fi\/wp-json\/wp\/v2\/product\/108390","targetHints":{"allow":["GET"]}}],"collection":[{"href":"https:\/\/basseinimeistrid.ee\/fi\/wp-json\/wp\/v2\/product"}],"about":[{"href":"https:\/\/basseinimeistrid.ee\/fi\/wp-json\/wp\/v2\/types\/product"}],"wp:featuredmedia":[{"embeddable":true,"href":"https:\/\/basseinimeistrid.ee\/fi\/wp-json\/wp\/v2\/media\/105606"}],"wp:attachment":[{"href":"https:\/\/basseinimeistrid.ee\/fi\/wp-json\/wp\/v2\/media?parent=108390"}],"wp:term":[{"taxonomy":"product_brand","embeddable":true,"href":"https:\/\/basseinimeistrid.ee\/fi\/wp-json\/wp\/v2\/product_brand?post=108390"},{"taxonomy":"product_cat","embeddable":true,"href":"https:\/\/basseinimeistrid.ee\/fi\/wp-json\/wp\/v2\/product_cat?post=108390"},{"taxonomy":"product_tag","embeddable":true,"href":"https:\/\/basseinimeistrid.ee\/fi\/wp-json\/wp\/v2\/product_tag?post=108390"}],"curies":[{"name":"wp","href":"https:\/\/api.w.org\/{rel}","templated":true}]}}