{"id":108392,"date":"2025-02-14T15:11:58","date_gmt":"2025-02-14T13:11:58","guid":{"rendered":"https:\/\/basseinimeistrid.ee\/pood\/Ei-luokiteltu\/kiinnitysalusta-16-110-mm-vdl-putkikiinnittimille\/"},"modified":"2025-03-12T07:44:31","modified_gmt":"2025-03-12T05:44:31","slug":"kiinnitysalusta-16-110-mm-vdl-putkikiinnittimille","status":"publish","type":"product","link":"https:\/\/basseinimeistrid.ee\/fi\/pood\/kiinnitysalusta-16-110-mm-vdl-putkikiinnittimille\/","title":{"rendered":"Kiinnitysalusta 16 &#8211; 110 mm VDL-putkikiinnittimille"},"content":{"rendered":"<p><b>Kiinnitinjalustat VDL-putkikiinnittimille, paksuus 20 mm. Myyd\u00e4\u00e4n 10 kappaleen pakkauksissa. Mahdollistaa puristimien vaihtamisen, ryhmittelyn ja putkien siirt\u00e4misen pois sein\u00e4st\u00e4. Erikoistilauksesta on saatavana my\u00f6s alustat 125 mm puristinkokoon. <\/b><\/p>\n","protected":false},"excerpt":{"rendered":"<p>Kiinnitinjalustat VDL-putkikiinnittimille, paksuus 20 mm. Myyd\u00e4\u00e4n 10 kappaleen pakkauksissa. Mahdollistaa puristimien vaihtamisen, ryhmittelyn ja putkien siirt\u00e4misen pois sein\u00e4st\u00e4. Erikoistilauksesta on saatavana my\u00f6s alustat 125 mm puristinkokoon.<\/p>\n","protected":false},"featured_media":105543,"template":"","meta":{"_et_pb_use_builder":"","_et_pb_old_content":"","_et_gb_content_width":""},"product_brand":[],"product_cat":[173],"product_tag":[],"class_list":{"0":"post-108392","1":"product","2":"type-product","3":"status-publish","4":"has-post-thumbnail","6":"product_cat-pvc-u-putket","7":"product_shipping_class-pakiautomaat-fi","9":"first","10":"instock","11":"taxable","12":"shipping-taxable","13":"purchasable","14":"product-type-simple"},"jetpack_sharing_enabled":true,"_links":{"self":[{"href":"https:\/\/basseinimeistrid.ee\/fi\/wp-json\/wp\/v2\/product\/108392","targetHints":{"allow":["GET"]}}],"collection":[{"href":"https:\/\/basseinimeistrid.ee\/fi\/wp-json\/wp\/v2\/product"}],"about":[{"href":"https:\/\/basseinimeistrid.ee\/fi\/wp-json\/wp\/v2\/types\/product"}],"wp:featuredmedia":[{"embeddable":true,"href":"https:\/\/basseinimeistrid.ee\/fi\/wp-json\/wp\/v2\/media\/105543"}],"wp:attachment":[{"href":"https:\/\/basseinimeistrid.ee\/fi\/wp-json\/wp\/v2\/media?parent=108392"}],"wp:term":[{"taxonomy":"product_brand","embeddable":true,"href":"https:\/\/basseinimeistrid.ee\/fi\/wp-json\/wp\/v2\/product_brand?post=108392"},{"taxonomy":"product_cat","embeddable":true,"href":"https:\/\/basseinimeistrid.ee\/fi\/wp-json\/wp\/v2\/product_cat?post=108392"},{"taxonomy":"product_tag","embeddable":true,"href":"https:\/\/basseinimeistrid.ee\/fi\/wp-json\/wp\/v2\/product_tag?post=108392"}],"curies":[{"name":"wp","href":"https:\/\/api.w.org\/{rel}","templated":true}]}}