{"id":108393,"date":"2025-02-14T14:48:40","date_gmt":"2025-02-14T12:48:40","guid":{"rendered":"https:\/\/basseinimeistrid.ee\/pood\/Ei-luokiteltu\/aasennusteline-putkille-10-200-mm-vdl\/"},"modified":"2025-03-12T07:41:08","modified_gmt":"2025-03-12T05:41:08","slug":"aasennusteline-putkille-10-200-mm-vdl","status":"publish","type":"product","link":"https:\/\/basseinimeistrid.ee\/fi\/pood\/aasennusteline-putkille-10-200-mm-vdl\/","title":{"rendered":"Aasennusteline, putkille 10 &#8211; 200 mm VDL"},"content":{"rendered":"<p><b>Asennuskannattimet putkien kiinnitt\u00e4miseen sein\u00e4\u00e4n. Myyd\u00e4\u00e4n 10 kappaleen pakkauksissa. Voidaan asentaa suoraan sein\u00e4lle tai sopivalle telineelle. Klipsit voidaan yhdist\u00e4\u00e4 toisiinsa visuaalisesti paremman tuloksen saamiseksi. Erikoistilauksesta on saatavana my\u00f6s kiinnittimi\u00e4 halkaisijaltaan 225, 250 ja 315 mm. <\/b><\/p>\n","protected":false},"excerpt":{"rendered":"<p>Asennuskannattimet putkien kiinnitt\u00e4miseen sein\u00e4\u00e4n. Myyd\u00e4\u00e4n 10 kappaleen pakkauksissa. Voidaan asentaa suoraan sein\u00e4lle tai sopivalle telineelle. Klipsit voidaan yhdist\u00e4\u00e4 toisiinsa visuaalisesti paremman tuloksen saamiseksi. Erikoistilauksesta on saatavana my\u00f6s kiinnittimi\u00e4 halkaisijaltaan 225, 250 ja 315 mm.<\/p>\n","protected":false},"featured_media":105537,"template":"","meta":{"_et_pb_use_builder":"","_et_pb_old_content":"","_et_gb_content_width":""},"product_brand":[],"product_cat":[173],"product_tag":[],"class_list":{"0":"post-108393","1":"product","2":"type-product","3":"status-publish","4":"has-post-thumbnail","6":"product_cat-pvc-u-putket","7":"product_shipping_class-pakiautomaat-fi","9":"first","10":"instock","11":"taxable","12":"shipping-taxable","13":"purchasable","14":"product-type-simple"},"jetpack_sharing_enabled":true,"_links":{"self":[{"href":"https:\/\/basseinimeistrid.ee\/fi\/wp-json\/wp\/v2\/product\/108393","targetHints":{"allow":["GET"]}}],"collection":[{"href":"https:\/\/basseinimeistrid.ee\/fi\/wp-json\/wp\/v2\/product"}],"about":[{"href":"https:\/\/basseinimeistrid.ee\/fi\/wp-json\/wp\/v2\/types\/product"}],"wp:featuredmedia":[{"embeddable":true,"href":"https:\/\/basseinimeistrid.ee\/fi\/wp-json\/wp\/v2\/media\/105537"}],"wp:attachment":[{"href":"https:\/\/basseinimeistrid.ee\/fi\/wp-json\/wp\/v2\/media?parent=108393"}],"wp:term":[{"taxonomy":"product_brand","embeddable":true,"href":"https:\/\/basseinimeistrid.ee\/fi\/wp-json\/wp\/v2\/product_brand?post=108393"},{"taxonomy":"product_cat","embeddable":true,"href":"https:\/\/basseinimeistrid.ee\/fi\/wp-json\/wp\/v2\/product_cat?post=108393"},{"taxonomy":"product_tag","embeddable":true,"href":"https:\/\/basseinimeistrid.ee\/fi\/wp-json\/wp\/v2\/product_tag?post=108393"}],"curies":[{"name":"wp","href":"https:\/\/api.w.org\/{rel}","templated":true}]}}