{"id":108394,"date":"2025-02-14T14:27:38","date_gmt":"2025-02-14T12:27:38","guid":{"rendered":"https:\/\/basseinimeistrid.ee\/pood\/Ei-luokiteltu\/renolit-alkorplan-touch-origin\/"},"modified":"2025-03-15T15:21:36","modified_gmt":"2025-03-15T13:21:36","slug":"renolit-alkorplan-touch-origin","status":"publish","type":"product","link":"https:\/\/basseinimeistrid.ee\/fi\/pood\/renolit-alkorplan-touch-origin\/","title":{"rendered":"Renolit Alkorplan Touch Origin"},"content":{"rendered":"<h4>Renolit Alkorplan Touch Origin<\/h4>\n<p id=\"tw-target-text\" class=\"tw-data-text tw-text-large tw-ta\" dir=\"ltr\" data-placeholder=\"T\u00f5lge\" data-ved=\"2ahUKEwjUg5rS17mLAxXyi8MKHXPtBPcQ3ewLegQIBxAV\" aria-label=\"T\u00f5lgitud tekst: RENOLIT ALKORPLAN TOUCH 2 mm tugevdatud laminaat, tr\u00fckitud ja reljeefne, loodusest inspireeritud, et anda basseinidele iseloomu ja isikup\u00e4ra. Tugevdatud vooder eksklusiivse 3D-kujunduse ja prindiga, mis on inspireeritud loodusest. Muudate oma kodu disaini ja iseloomu varjupaigaks. Voodri kujutlusv\u00f5imeline disain muudab selle k\u00f5ige sobivamaks elemendiks teie basseinile isikup\u00e4rase m\u00e4rkuse lisamiseks ja teie kodu ainulaadseks muutmiseks. TOUCH vooderdised j\u00e4ljendavad loodust, lisades eksootilistele vannidele simuleeritud kiviviimistluse, lisades basseinidele, milles neid kasutatakse, isikup\u00e4ra ja omap\u00e4ra, muutes iga basseini ainulaadseks.\"><span class=\"Y2IQFc\" lang=\"et\">RENOLIT ALKORPLAN TOUCH vahvistettu uima-allaskalvo, painettu ja kohokuvioitu, luonnon inspiroima antaa uima-altaille luonnetta ja persoonallisuutta. Vahvistettu allasvuori, jossa on eksklusiivinen 3D-design ja luonnon inspiroima printti. Muutat kotisi suunnittelun ja luonteen paratiisiksi. Linerin mielikuvituksellinen muotoilu tekee siit\u00e4 sopivimman elementin persoonallisuuden lis\u00e4\u00e4miseen uima-altaallesi.    TOUCH-vuoraukset j\u00e4ljittelev\u00e4t luontoa lis\u00e4\u00e4m\u00e4ll\u00e4 simuloidun kiviviimeistelyn eksoottisiin uima-altaisiin, mik\u00e4 tekee jokaisesta uima-altaasta ainutlaatuisen.<\/span><\/p>\n<ul>\n<li dir=\"ltr\" data-placeholder=\"T\u00f5lge\" data-ved=\"2ahUKEwjUg5rS17mLAxXyi8MKHXPtBPcQ3ewLegQIBxAV\" aria-label=\"T\u00f5lgitud tekst: RENOLIT ALKORPLAN TOUCH 2 mm tugevdatud laminaat, tr\u00fckitud ja reljeefne, loodusest inspireeritud, et anda basseinidele iseloomu ja isikup\u00e4ra. Tugevdatud vooder eksklusiivse 3D-kujunduse ja prindiga, mis on inspireeritud loodusest. Muudate oma kodu disaini ja iseloomu varjupaigaks. Voodri kujutlusv\u00f5imeline disain muudab selle k\u00f5ige sobivamaks elemendiks teie basseinile isikup\u00e4rase m\u00e4rkuse lisamiseks ja teie kodu ainulaadseks muutmiseks. TOUCH vooderdised j\u00e4ljendavad loodust, lisades eksootilistele vannidele simuleeritud kiviviimistluse, lisades basseinidele, milles neid kasutatakse, isikup\u00e4ra ja omap\u00e4ra, muutes iga basseini ainulaadseks.\">Materiaali 2mm paksu!<\/li>\n<li dir=\"ltr\" data-placeholder=\"T\u00f5lge\" data-ved=\"2ahUKEwjUg5rS17mLAxXyi8MKHXPtBPcQ3ewLegQIBxAV\" aria-label=\"T\u00f5lgitud tekst: RENOLIT ALKORPLAN TOUCH 2 mm tugevdatud laminaat, tr\u00fckitud ja reljeefne, loodusest inspireeritud, et anda basseinidele iseloomu ja isikup\u00e4ra. Tugevdatud vooder eksklusiivse 3D-kujunduse ja prindiga, mis on inspireeritud loodusest. Muudate oma kodu disaini ja iseloomu varjupaigaks. Voodri kujutlusv\u00f5imeline disain muudab selle k\u00f5ige sobivamaks elemendiks teie basseinile isikup\u00e4rase m\u00e4rkuse lisamiseks ja teie kodu ainulaadseks muutmiseks. TOUCH vooderdised j\u00e4ljendavad loodust, lisades eksootilistele vannidele simuleeritud kiviviimistluse, lisades basseinidele, milles neid kasutatakse, isikup\u00e4ra ja omap\u00e4ra, muutes iga basseini ainulaadseks.\">Rulla 1,65 x 21 m (34,65 m\u00b2)<\/li>\n<li dir=\"ltr\" data-placeholder=\"T\u00f5lge\" data-ved=\"2ahUKEwjUg5rS17mLAxXyi8MKHXPtBPcQ3ewLegQIBxAV\" aria-label=\"T\u00f5lgitud tekst: RENOLIT ALKORPLAN TOUCH 2 mm tugevdatud laminaat, tr\u00fckitud ja reljeefne, loodusest inspireeritud, et anda basseinidele iseloomu ja isikup\u00e4ra. Tugevdatud vooder eksklusiivse 3D-kujunduse ja prindiga, mis on inspireeritud loodusest. Muudate oma kodu disaini ja iseloomu varjupaigaks. Voodri kujutlusv\u00f5imeline disain muudab selle k\u00f5ige sobivamaks elemendiks teie basseinile isikup\u00e4rase m\u00e4rkuse lisamiseks ja teie kodu ainulaadseks muutmiseks. TOUCH vooderdised j\u00e4ljendavad loodust, lisades eksootilistele vannidele simuleeritud kiviviimistluse, lisades basseinidele, milles neid kasutatakse, isikup\u00e4ra ja omap\u00e4ra, muutes iga basseini ainulaadseks.\">5 v\u00e4ri\u00e4<\/li>\n<li dir=\"ltr\" data-placeholder=\"T\u00f5lge\" data-ved=\"2ahUKEwjUg5rS17mLAxXyi8MKHXPtBPcQ3ewLegQIBxAV\" aria-label=\"T\u00f5lgitud tekst: RENOLIT ALKORPLAN TOUCH 2 mm tugevdatud laminaat, tr\u00fckitud ja reljeefne, loodusest inspireeritud, et anda basseinidele iseloomu ja isikup\u00e4ra. Tugevdatud vooder eksklusiivse 3D-kujunduse ja prindiga, mis on inspireeritud loodusest. Muudate oma kodu disaini ja iseloomu varjupaigaks. Voodri kujutlusv\u00f5imeline disain muudab selle k\u00f5ige sobivamaks elemendiks teie basseinile isikup\u00e4rase m\u00e4rkuse lisamiseks ja teie kodu ainulaadseks muutmiseks. TOUCH vooderdised j\u00e4ljendavad loodust, lisades eksootilistele vannidele simuleeritud kiviviimistluse, lisades basseinidele, milles neid kasutatakse, isikup\u00e4ra ja omap\u00e4ra, muutes iga basseini ainulaadseks.\">Liukumaton<\/li>\n<li dir=\"ltr\" data-placeholder=\"T\u00f5lge\" data-ved=\"2ahUKEwjUg5rS17mLAxXyi8MKHXPtBPcQ3ewLegQIBxAV\" aria-label=\"T\u00f5lgitud tekst: RENOLIT ALKORPLAN TOUCH 2 mm tugevdatud laminaat, tr\u00fckitud ja reljeefne, loodusest inspireeritud, et anda basseinidele iseloomu ja isikup\u00e4ra. Tugevdatud vooder eksklusiivse 3D-kujunduse ja prindiga, mis on inspireeritud loodusest. Muudate oma kodu disaini ja iseloomu varjupaigaks. Voodri kujutlusv\u00f5imeline disain muudab selle k\u00f5ige sobivamaks elemendiks teie basseinile isikup\u00e4rase m\u00e4rkuse lisamiseks ja teie kodu ainulaadseks muutmiseks. TOUCH vooderdised j\u00e4ljendavad loodust, lisades eksootilistele vannidele simuleeritud kiviviimistluse, lisades basseinidele, milles neid kasutatakse, isikup\u00e4ra ja omap\u00e4ra, muutes iga basseini ainulaadseks.\">Ainoa 2 mm paksu uima-allaskalvo 3D-pinnalla<\/li>\n<li dir=\"ltr\" data-placeholder=\"T\u00f5lge\" data-ved=\"2ahUKEwjUg5rS17mLAxXyi8MKHXPtBPcQ3ewLegQIBxAV\" aria-label=\"T\u00f5lgitud tekst: RENOLIT ALKORPLAN TOUCH 2 mm tugevdatud laminaat, tr\u00fckitud ja reljeefne, loodusest inspireeritud, et anda basseinidele iseloomu ja isikup\u00e4ra. Tugevdatud vooder eksklusiivse 3D-kujunduse ja prindiga, mis on inspireeritud loodusest. Muudate oma kodu disaini ja iseloomu varjupaigaks. Voodri kujutlusv\u00f5imeline disain muudab selle k\u00f5ige sobivamaks elemendiks teie basseinile isikup\u00e4rase m\u00e4rkuse lisamiseks ja teie kodu ainulaadseks muutmiseks. TOUCH vooderdised j\u00e4ljendavad loodust, lisades eksootilistele vannidele simuleeritud kiviviimistluse, lisades basseinidele, milles neid kasutatakse, isikup\u00e4ra ja omap\u00e4ra, muutes iga basseini ainulaadseks.\">Soveltuu limihitsaukseen ja my\u00f6s p\u00e4itt\u00e4shitsaukseen<\/li>\n<li dir=\"ltr\" data-placeholder=\"T\u00f5lge\" data-ved=\"2ahUKEwjUg5rS17mLAxXyi8MKHXPtBPcQ3ewLegQIBxAV\" aria-label=\"T\u00f5lgitud tekst: RENOLIT ALKORPLAN TOUCH 2 mm tugevdatud laminaat, tr\u00fckitud ja reljeefne, loodusest inspireeritud, et anda basseinidele iseloomu ja isikup\u00e4ra. Tugevdatud vooder eksklusiivse 3D-kujunduse ja prindiga, mis on inspireeritud loodusest. Muudate oma kodu disaini ja iseloomu varjupaigaks. Voodri kujutlusv\u00f5imeline disain muudab selle k\u00f5ige sobivamaks elemendiks teie basseinile isikup\u00e4rase m\u00e4rkuse lisamiseks ja teie kodu ainulaadseks muutmiseks. TOUCH vooderdised j\u00e4ljendavad loodust, lisades eksootilistele vannidele simuleeritud kiviviimistluse, lisades basseinidele, milles neid kasutatakse, isikup\u00e4ra ja omap\u00e4ra, muutes iga basseini ainulaadseks.\">Useimmissa v\u00e4reiss\u00e4 on nestem\u00e4ist\u00e4 PVC:t\u00e4 saumojen lis\u00e4tiivist\u00e4miseksi<\/li>\n<li dir=\"ltr\" data-placeholder=\"T\u00f5lge\" data-ved=\"2ahUKEwjUg5rS17mLAxXyi8MKHXPtBPcQ3ewLegQIBxAV\" aria-label=\"T\u00f5lgitud tekst: RENOLIT ALKORPLAN TOUCH 2 mm tugevdatud laminaat, tr\u00fckitud ja reljeefne, loodusest inspireeritud, et anda basseinidele iseloomu ja isikup\u00e4ra. Tugevdatud vooder eksklusiivse 3D-kujunduse ja prindiga, mis on inspireeritud loodusest. Muudate oma kodu disaini ja iseloomu varjupaigaks. Voodri kujutlusv\u00f5imeline disain muudab selle k\u00f5ige sobivamaks elemendiks teie basseinile isikup\u00e4rase m\u00e4rkuse lisamiseks ja teie kodu ainulaadseks muutmiseks. TOUCH vooderdised j\u00e4ljendavad loodust, lisades eksootilistele vannidele simuleeritud kiviviimistluse, lisades basseinidele, milles neid kasutatakse, isikup\u00e4ra ja omap\u00e4ra, muutes iga basseini ainulaadseks.\">Hinta 34,65 m\u00b2 rullalle on 1 665 \u20ac + alv. Neli\u00f6metrihinta tulee olemaan 48,05 \u20ac + alv. <\/li>\n<\/ul>\n<p>&nbsp;<\/p>\n<p>Renolit Alkorplan Touch -valmistajan verkkosivusto <a href=\"https:\/\/www.renolit.com\/en\/industries\/home-building\/surrounding\/swimming-pools\/renolit-alkorplan-touch\" target=\"_blank\" rel=\"noopener\">T\u00c4ST\u00c4<\/a><\/p>\n<p>Tekniset tiedot englanniksi <a href=\"https:\/\/basseinimeistrid.ee\/wp-content\/uploads\/2025\/02\/35517_2017_-_EN_-_TDS_-_ALKORPLAN_TOUCH.pdf\" target=\"_blank\" rel=\"noopener\">T\u00c4\u00c4LT\u00c4<\/a><\/p>\n","protected":false},"excerpt":{"rendered":"<p>1,65 m x 21 m (34,65 m\u00b2)<\/p>\n","protected":false},"featured_media":105502,"template":"","meta":{"_et_pb_use_builder":"","_et_pb_old_content":"","_et_gb_content_width":""},"product_brand":[],"product_cat":[204],"product_tag":[],"class_list":{"0":"post-108394","1":"product","2":"type-product","3":"status-publish","4":"has-post-thumbnail","6":"product_cat-uima-altaan-vuoraus","7":"product_shipping_class-kuller-fi","9":"first","10":"instock","11":"taxable","12":"shipping-taxable","13":"purchasable","14":"product-type-simple"},"jetpack_sharing_enabled":true,"_links":{"self":[{"href":"https:\/\/basseinimeistrid.ee\/fi\/wp-json\/wp\/v2\/product\/108394","targetHints":{"allow":["GET"]}}],"collection":[{"href":"https:\/\/basseinimeistrid.ee\/fi\/wp-json\/wp\/v2\/product"}],"about":[{"href":"https:\/\/basseinimeistrid.ee\/fi\/wp-json\/wp\/v2\/types\/product"}],"wp:featuredmedia":[{"embeddable":true,"href":"https:\/\/basseinimeistrid.ee\/fi\/wp-json\/wp\/v2\/media\/105502"}],"wp:attachment":[{"href":"https:\/\/basseinimeistrid.ee\/fi\/wp-json\/wp\/v2\/media?parent=108394"}],"wp:term":[{"taxonomy":"product_brand","embeddable":true,"href":"https:\/\/basseinimeistrid.ee\/fi\/wp-json\/wp\/v2\/product_brand?post=108394"},{"taxonomy":"product_cat","embeddable":true,"href":"https:\/\/basseinimeistrid.ee\/fi\/wp-json\/wp\/v2\/product_cat?post=108394"},{"taxonomy":"product_tag","embeddable":true,"href":"https:\/\/basseinimeistrid.ee\/fi\/wp-json\/wp\/v2\/product_tag?post=108394"}],"curies":[{"name":"wp","href":"https:\/\/api.w.org\/{rel}","templated":true}]}}