{"id":108399,"date":"2025-02-14T14:33:42","date_gmt":"2025-02-14T12:33:42","guid":{"rendered":"https:\/\/basseinimeistrid.ee\/pood\/Ei-luokiteltu\/renolit-alkorplan-touch-seam-sealant-900ml\/"},"modified":"2025-03-12T07:34:00","modified_gmt":"2025-03-12T05:34:00","slug":"renolit-alkorplan-touch-seam-sealant-900ml","status":"publish","type":"product","link":"https:\/\/basseinimeistrid.ee\/fi\/pood\/renolit-alkorplan-touch-seam-sealant-900ml\/","title":{"rendered":"Renolit Alkorplan Touch seam sealant 900ml"},"content":{"rendered":"<h4>Renolit Alkorplan seam finish<\/h4>\n<p>Nestem\u00e4inen PVC sopii Alkorplan Touch -sarjan allaskalvoihin. 900 ml astia. Arvioitu kulutus on 20g\/m\u00b2 yht\u00e4 ohutta liimaa\/nestem\u00e4ist\u00e4 PVC:t\u00e4.<\/p>\n<p>Hitsausalueiden lis\u00e4liimaukseen\/viimeistelyyn. Sis\u00e4- ja ulkokulmien lis\u00e4tiivist\u00e4miseen jne.<\/p>\n<p>T\u00e4ll\u00e4 hetkell\u00e4 saatavilla 2 v\u00e4riss\u00e4:<\/p>\n<ul>\n<li>Authentic seam sealer 81023003F<\/li>\n<li>Relax seam sealer 81023002F<\/li>\n<\/ul>\n<p>Tuotteen tekniset tiedot <a href=\"https:\/\/basseinimeistrid.ee\/wp-content\/uploads\/2025\/02\/81023_2016_-_EN_-_TDS_-_TOUCH_SEAM_SEALANT.pdf\" target=\"_blank\" rel=\"noopener\">T\u00c4\u00c4LT\u00c4<\/a><\/p>\n","protected":false},"excerpt":{"rendered":"<p>Renolit Alkorplan seam finish Nestem\u00e4inen PVC sopii Alkorplan Touch -sarjan allaskalvoihin. 900 ml astia. Arvioitu kulutus on 20g\/m\u00b2 yht\u00e4 ohutta liimaa\/nestem\u00e4ist\u00e4 PVC:t\u00e4. Hitsausalueiden lis\u00e4liimaukseen\/viimeistelyyn. Sis\u00e4- ja ulkokulmien lis\u00e4tiivist\u00e4miseen jne. T\u00e4ll\u00e4 hetkell\u00e4 saatavilla 2 v\u00e4riss\u00e4: Authentic seam sealer 81023003F Relax seam sealer 81023002F Tuotteen tekniset tiedot T\u00c4\u00c4LT\u00c4<\/p>\n","protected":false},"featured_media":105522,"template":"","meta":{"_et_pb_use_builder":"","_et_pb_old_content":"","_et_gb_content_width":""},"product_brand":[],"product_cat":[204],"product_tag":[],"class_list":{"0":"post-108399","1":"product","2":"type-product","3":"status-publish","4":"has-post-thumbnail","6":"product_cat-uima-altaan-vuoraus","7":"product_shipping_class-pakiautomaat-fi","9":"first","10":"instock","11":"taxable","12":"shipping-taxable","13":"purchasable","14":"product-type-simple"},"jetpack_sharing_enabled":true,"_links":{"self":[{"href":"https:\/\/basseinimeistrid.ee\/fi\/wp-json\/wp\/v2\/product\/108399","targetHints":{"allow":["GET"]}}],"collection":[{"href":"https:\/\/basseinimeistrid.ee\/fi\/wp-json\/wp\/v2\/product"}],"about":[{"href":"https:\/\/basseinimeistrid.ee\/fi\/wp-json\/wp\/v2\/types\/product"}],"wp:featuredmedia":[{"embeddable":true,"href":"https:\/\/basseinimeistrid.ee\/fi\/wp-json\/wp\/v2\/media\/105522"}],"wp:attachment":[{"href":"https:\/\/basseinimeistrid.ee\/fi\/wp-json\/wp\/v2\/media?parent=108399"}],"wp:term":[{"taxonomy":"product_brand","embeddable":true,"href":"https:\/\/basseinimeistrid.ee\/fi\/wp-json\/wp\/v2\/product_brand?post=108399"},{"taxonomy":"product_cat","embeddable":true,"href":"https:\/\/basseinimeistrid.ee\/fi\/wp-json\/wp\/v2\/product_cat?post=108399"},{"taxonomy":"product_tag","embeddable":true,"href":"https:\/\/basseinimeistrid.ee\/fi\/wp-json\/wp\/v2\/product_tag?post=108399"}],"curies":[{"name":"wp","href":"https:\/\/api.w.org\/{rel}","templated":true}]}}