{"id":108400,"date":"2025-02-14T14:19:47","date_gmt":"2025-02-14T12:19:47","guid":{"rendered":"https:\/\/basseinimeistrid.ee\/pood\/Ei-luokiteltu\/putkenpidin-40-110-mm-unibody\/"},"modified":"2025-03-12T07:30:44","modified_gmt":"2025-03-12T05:30:44","slug":"putkenpidin-40-110-mm-unibody","status":"publish","type":"product","link":"https:\/\/basseinimeistrid.ee\/fi\/pood\/putkenpidin-40-110-mm-unibody\/","title":{"rendered":"Putkenpidin 40 &#8211; 110 mm Unibody"},"content":{"rendered":"<p><b>Asennuskannattimet putkien kiinnitt\u00e4miseen sein\u00e4\u00e4n. Myyd\u00e4\u00e4n 10 kappaleen pakkauksissa. <\/b><\/p>\n","protected":false},"excerpt":{"rendered":"<p>Asennuskannattimet putkien kiinnitt\u00e4miseen sein\u00e4\u00e4n. Myyd\u00e4\u00e4n 10 kappaleen pakkauksissa.<\/p>\n","protected":false},"featured_media":105517,"template":"","meta":{"_et_pb_use_builder":"","_et_pb_old_content":"","_et_gb_content_width":""},"product_brand":[],"product_cat":[173],"product_tag":[],"class_list":{"0":"post-108400","1":"product","2":"type-product","3":"status-publish","4":"has-post-thumbnail","6":"product_cat-pvc-u-putket","7":"product_shipping_class-pakiautomaat-fi","9":"first","10":"instock","11":"taxable","12":"shipping-taxable","13":"purchasable","14":"product-type-simple"},"jetpack_sharing_enabled":true,"_links":{"self":[{"href":"https:\/\/basseinimeistrid.ee\/fi\/wp-json\/wp\/v2\/product\/108400","targetHints":{"allow":["GET"]}}],"collection":[{"href":"https:\/\/basseinimeistrid.ee\/fi\/wp-json\/wp\/v2\/product"}],"about":[{"href":"https:\/\/basseinimeistrid.ee\/fi\/wp-json\/wp\/v2\/types\/product"}],"wp:featuredmedia":[{"embeddable":true,"href":"https:\/\/basseinimeistrid.ee\/fi\/wp-json\/wp\/v2\/media\/105517"}],"wp:attachment":[{"href":"https:\/\/basseinimeistrid.ee\/fi\/wp-json\/wp\/v2\/media?parent=108400"}],"wp:term":[{"taxonomy":"product_brand","embeddable":true,"href":"https:\/\/basseinimeistrid.ee\/fi\/wp-json\/wp\/v2\/product_brand?post=108400"},{"taxonomy":"product_cat","embeddable":true,"href":"https:\/\/basseinimeistrid.ee\/fi\/wp-json\/wp\/v2\/product_cat?post=108400"},{"taxonomy":"product_tag","embeddable":true,"href":"https:\/\/basseinimeistrid.ee\/fi\/wp-json\/wp\/v2\/product_tag?post=108400"}],"curies":[{"name":"wp","href":"https:\/\/api.w.org\/{rel}","templated":true}]}}