{"id":108401,"date":"2025-02-14T13:44:37","date_gmt":"2025-02-14T11:44:37","guid":{"rendered":"https:\/\/basseinimeistrid.ee\/pood\/Ei-luokiteltu\/applikaattoripullo-500ml-nestemaiselle-pvclle-seam-sealer-ille\/"},"modified":"2025-03-15T15:21:33","modified_gmt":"2025-03-15T13:21:33","slug":"applikaattoripullo-500ml-nestemaiselle-pvclle-seam-sealer-ille","status":"publish","type":"product","link":"https:\/\/basseinimeistrid.ee\/fi\/pood\/applikaattoripullo-500ml-nestemaiselle-pvclle-seam-sealer-ille\/","title":{"rendered":"Applikaattoripullo 500ml nestem\u00e4iselle PVC:lle, seam sealer-ille"},"content":{"rendered":"<h4>Applikaattoripullo 500ml nestem\u00e4iselle PVC:lle, seam sealer-ille<\/h4>\n<p>Erityinen 500 ml pullo k\u00e4yt\u00e4nn\u00f6llisell\u00e4 suljettavalla applikaattori suutimell\u00e4. Mukana my\u00f6s pullon korkki. Pullo valmistettu LDPE-muovista. Sopii k\u00e4ytett\u00e4v\u00e4ksi nestem\u00e4isen PVC:n, ELBE-saumatiivisteen(seam sealer) kanssa.   <\/p>\n","protected":false},"excerpt":{"rendered":"<p>Applikaattoripullo 500ml nestem\u00e4iselle PVC:lle, seam sealer-ille Erityinen 500 ml pullo k\u00e4yt\u00e4nn\u00f6llisell\u00e4 suljettavalla applikaattori suutimell\u00e4. Mukana my\u00f6s pullon korkki. Pullo valmistettu LDPE-muovista. Sopii k\u00e4ytett\u00e4v\u00e4ksi nestem\u00e4isen PVC:n, ELBE-saumatiivisteen(seam sealer) kanssa.<\/p>\n","protected":false},"featured_media":105342,"template":"","meta":{"_et_pb_use_builder":"","_et_pb_old_content":"","_et_gb_content_width":""},"product_brand":[],"product_cat":[219],"product_tag":[],"class_list":{"0":"post-108401","1":"product","2":"type-product","3":"status-publish","4":"has-post-thumbnail","6":"product_cat-allasvuorauksen-tarvikkeet","7":"product_shipping_class-pakiautomaat-fi","9":"first","10":"instock","11":"taxable","12":"shipping-taxable","13":"purchasable","14":"product-type-simple"},"jetpack_sharing_enabled":true,"_links":{"self":[{"href":"https:\/\/basseinimeistrid.ee\/fi\/wp-json\/wp\/v2\/product\/108401","targetHints":{"allow":["GET"]}}],"collection":[{"href":"https:\/\/basseinimeistrid.ee\/fi\/wp-json\/wp\/v2\/product"}],"about":[{"href":"https:\/\/basseinimeistrid.ee\/fi\/wp-json\/wp\/v2\/types\/product"}],"wp:featuredmedia":[{"embeddable":true,"href":"https:\/\/basseinimeistrid.ee\/fi\/wp-json\/wp\/v2\/media\/105342"}],"wp:attachment":[{"href":"https:\/\/basseinimeistrid.ee\/fi\/wp-json\/wp\/v2\/media?parent=108401"}],"wp:term":[{"taxonomy":"product_brand","embeddable":true,"href":"https:\/\/basseinimeistrid.ee\/fi\/wp-json\/wp\/v2\/product_brand?post=108401"},{"taxonomy":"product_cat","embeddable":true,"href":"https:\/\/basseinimeistrid.ee\/fi\/wp-json\/wp\/v2\/product_cat?post=108401"},{"taxonomy":"product_tag","embeddable":true,"href":"https:\/\/basseinimeistrid.ee\/fi\/wp-json\/wp\/v2\/product_tag?post=108401"}],"curies":[{"name":"wp","href":"https:\/\/api.w.org\/{rel}","templated":true}]}}