{"id":108402,"date":"2025-02-14T13:32:41","date_gmt":"2025-02-14T11:32:41","guid":{"rendered":"https:\/\/basseinimeistrid.ee\/pood\/Ei-luokiteltu\/renolit-geotekstiili-15x50m\/"},"modified":"2025-03-15T15:21:34","modified_gmt":"2025-03-15T13:21:34","slug":"renolit-geotekstiili-15x50m","status":"publish","type":"product","link":"https:\/\/basseinimeistrid.ee\/fi\/pood\/renolit-geotekstiili-15x50m\/","title":{"rendered":"Renolit geotekstiili 1,5x50m"},"content":{"rendered":"<h4>Renolit geotekstiili<\/h4>\n<p>Geotekstiili asennettavaksi uima-altaan kalvojen aluskatteeksi. Suojaa altaan kalvon takaosaa. &#8221;Tasoittaa&#8221; ja peitt\u00e4\u00e4 hieman alustan ep\u00e4tasaisuudet. Lis\u00e4\u00e4 miellytt\u00e4v\u00e4\u00e4 pehmeytt\u00e4 jalkojen alle k\u00e4velless\u00e4 allaskalvolla.   <\/p>\n<ul>\n<li>Geotekstiili k\u00e4sitelty metalli-ioneja antibakteerisilla lis\u00e4aineilla<\/li>\n<li>Rulla 1,5x50m<\/li>\n<li>400g\/m\u00b2<\/li>\n<li>Vaaleansininen<\/li>\n<\/ul>\n","protected":false},"excerpt":{"rendered":"<p>Renolit geotekstiili Geotekstiili asennettavaksi uima-altaan kalvojen aluskatteeksi. Suojaa altaan kalvon takaosaa. &#8221;Tasoittaa&#8221; ja peitt\u00e4\u00e4 hieman alustan ep\u00e4tasaisuudet. Lis\u00e4\u00e4 miellytt\u00e4v\u00e4\u00e4 pehmeytt\u00e4 jalkojen alle k\u00e4velless\u00e4 allaskalvolla. Geotekstiili k\u00e4sitelty metalli-ioneja antibakteerisilla lis\u00e4aineilla Rulla 1,5x50m 400g\/m\u00b2 Vaaleansininen<\/p>\n","protected":false},"featured_media":105479,"template":"","meta":{"_et_pb_use_builder":"","_et_pb_old_content":"","_et_gb_content_width":""},"product_brand":[],"product_cat":[219],"product_tag":[],"class_list":{"0":"post-108402","1":"product","2":"type-product","3":"status-publish","4":"has-post-thumbnail","6":"product_cat-allasvuorauksen-tarvikkeet","7":"product_shipping_class-kuller-fi","9":"first","10":"instock","11":"taxable","12":"shipping-taxable","13":"purchasable","14":"product-type-simple"},"jetpack_sharing_enabled":true,"_links":{"self":[{"href":"https:\/\/basseinimeistrid.ee\/fi\/wp-json\/wp\/v2\/product\/108402","targetHints":{"allow":["GET"]}}],"collection":[{"href":"https:\/\/basseinimeistrid.ee\/fi\/wp-json\/wp\/v2\/product"}],"about":[{"href":"https:\/\/basseinimeistrid.ee\/fi\/wp-json\/wp\/v2\/types\/product"}],"wp:featuredmedia":[{"embeddable":true,"href":"https:\/\/basseinimeistrid.ee\/fi\/wp-json\/wp\/v2\/media\/105479"}],"wp:attachment":[{"href":"https:\/\/basseinimeistrid.ee\/fi\/wp-json\/wp\/v2\/media?parent=108402"}],"wp:term":[{"taxonomy":"product_brand","embeddable":true,"href":"https:\/\/basseinimeistrid.ee\/fi\/wp-json\/wp\/v2\/product_brand?post=108402"},{"taxonomy":"product_cat","embeddable":true,"href":"https:\/\/basseinimeistrid.ee\/fi\/wp-json\/wp\/v2\/product_cat?post=108402"},{"taxonomy":"product_tag","embeddable":true,"href":"https:\/\/basseinimeistrid.ee\/fi\/wp-json\/wp\/v2\/product_tag?post=108402"}],"curies":[{"name":"wp","href":"https:\/\/api.w.org\/{rel}","templated":true}]}}