{"id":108404,"date":"2025-02-14T13:13:52","date_gmt":"2025-02-14T11:13:52","guid":{"rendered":"https:\/\/basseinimeistrid.ee\/pood\/Ei-luokiteltu\/aluskate-tekstiililiima-5kg\/"},"modified":"2025-03-15T15:21:32","modified_gmt":"2025-03-15T13:21:32","slug":"aluskate-tekstiililiima-5kg","status":"publish","type":"product","link":"https:\/\/basseinimeistrid.ee\/fi\/pood\/aluskate-tekstiililiima-5kg\/","title":{"rendered":"Aluskate\/tekstiililiima 5kg"},"content":{"rendered":"<h4>ELBE fleece adhesive 5kg<\/h4>\n<p>Kontaktiliima uima-altaan kalvoaluskerroksen\/geotekstiilin liimaamiseen mihin tahansa alustaan \u200b\u200b*<\/p>\n<p>Soveltuu my\u00f6s lattianp\u00e4\u00e4llysteiden liimaamiseen (linoleumi jne.) *<\/p>\n<ul>\n<li>Pakkaus 5kg<\/li>\n<li>Keskikulutus 300g\/m\u00b2 (riippuu valitusta liimakammasta)<\/li>\n<\/ul>\n<p>&nbsp;<\/p>\n<p>Taara ja\/tai taaratarra voivat poiketa kuvissa n\u00e4kyv\u00e4st\u00e4.<\/p>\n<p>*Suosittelemme ensin testaamaan yhteensopivuuden alustan kanssa.<\/p>\n","protected":false},"excerpt":{"rendered":"<p>ELBE fleece adhesive 5kg Kontaktiliima uima-altaan kalvoaluskerroksen\/geotekstiilin liimaamiseen mihin tahansa alustaan \u200b\u200b* Soveltuu my\u00f6s lattianp\u00e4\u00e4llysteiden liimaamiseen (linoleumi jne.) * Pakkaus 5kg Keskikulutus 300g\/m\u00b2 (riippuu valitusta liimakammasta) &nbsp; Taara ja\/tai taaratarra voivat poiketa kuvissa n\u00e4kyv\u00e4st\u00e4. *Suosittelemme ensin testaamaan yhteensopivuuden alustan kanssa.<\/p>\n","protected":false},"featured_media":105461,"template":"","meta":{"_et_pb_use_builder":"","_et_pb_old_content":"","_et_gb_content_width":""},"product_brand":[],"product_cat":[219],"product_tag":[],"class_list":{"0":"post-108404","1":"product","2":"type-product","3":"status-publish","4":"has-post-thumbnail","6":"product_cat-allasvuorauksen-tarvikkeet","7":"product_shipping_class-pakiautomaat-fi","9":"first","10":"instock","11":"taxable","12":"shipping-taxable","13":"purchasable","14":"product-type-simple"},"jetpack_sharing_enabled":true,"_links":{"self":[{"href":"https:\/\/basseinimeistrid.ee\/fi\/wp-json\/wp\/v2\/product\/108404","targetHints":{"allow":["GET"]}}],"collection":[{"href":"https:\/\/basseinimeistrid.ee\/fi\/wp-json\/wp\/v2\/product"}],"about":[{"href":"https:\/\/basseinimeistrid.ee\/fi\/wp-json\/wp\/v2\/types\/product"}],"wp:featuredmedia":[{"embeddable":true,"href":"https:\/\/basseinimeistrid.ee\/fi\/wp-json\/wp\/v2\/media\/105461"}],"wp:attachment":[{"href":"https:\/\/basseinimeistrid.ee\/fi\/wp-json\/wp\/v2\/media?parent=108404"}],"wp:term":[{"taxonomy":"product_brand","embeddable":true,"href":"https:\/\/basseinimeistrid.ee\/fi\/wp-json\/wp\/v2\/product_brand?post=108404"},{"taxonomy":"product_cat","embeddable":true,"href":"https:\/\/basseinimeistrid.ee\/fi\/wp-json\/wp\/v2\/product_cat?post=108404"},{"taxonomy":"product_tag","embeddable":true,"href":"https:\/\/basseinimeistrid.ee\/fi\/wp-json\/wp\/v2\/product_tag?post=108404"}],"curies":[{"name":"wp","href":"https:\/\/api.w.org\/{rel}","templated":true}]}}