{"id":108405,"date":"2025-02-14T13:03:46","date_gmt":"2025-02-14T11:03:46","guid":{"rendered":"https:\/\/basseinimeistrid.ee\/pood\/Ei-luokiteltu\/pvc-pohjateippi\/"},"modified":"2025-03-15T15:21:30","modified_gmt":"2025-03-15T13:21:30","slug":"pvc-pohjateippi","status":"publish","type":"product","link":"https:\/\/basseinimeistrid.ee\/fi\/pood\/pvc-pohjateippi\/","title":{"rendered":"PVC pohjateippi"},"content":{"rendered":"<h4>PVC pohjateippi<\/h4>\n<p>Alkorplan PVC alusteippi 1,5 mm x 15 cm x 20 m harmaa<\/p>\n<p>Taustateippi k\u00e4ytett\u00e4v\u00e4ksi hitsin alla p\u00e4ihitsauksessa. <\/p>\n","protected":false},"excerpt":{"rendered":"<p>PVC pohjateippi Alkorplan PVC alusteippi 1,5 mm x 15 cm x 20 m harmaa Taustateippi k\u00e4ytett\u00e4v\u00e4ksi hitsin alla p\u00e4ihitsauksessa.<\/p>\n","protected":false},"featured_media":105471,"template":"","meta":{"_et_pb_use_builder":"","_et_pb_old_content":"","_et_gb_content_width":""},"product_brand":[],"product_cat":[219,204],"product_tag":[],"class_list":{"0":"post-108405","1":"product","2":"type-product","3":"status-publish","4":"has-post-thumbnail","6":"product_cat-allasvuorauksen-tarvikkeet","7":"product_cat-uima-altaan-vuoraus","8":"product_shipping_class-pakiautomaat-fi","10":"first","11":"instock","12":"taxable","13":"shipping-taxable","14":"purchasable","15":"product-type-simple"},"jetpack_sharing_enabled":true,"_links":{"self":[{"href":"https:\/\/basseinimeistrid.ee\/fi\/wp-json\/wp\/v2\/product\/108405","targetHints":{"allow":["GET"]}}],"collection":[{"href":"https:\/\/basseinimeistrid.ee\/fi\/wp-json\/wp\/v2\/product"}],"about":[{"href":"https:\/\/basseinimeistrid.ee\/fi\/wp-json\/wp\/v2\/types\/product"}],"wp:featuredmedia":[{"embeddable":true,"href":"https:\/\/basseinimeistrid.ee\/fi\/wp-json\/wp\/v2\/media\/105471"}],"wp:attachment":[{"href":"https:\/\/basseinimeistrid.ee\/fi\/wp-json\/wp\/v2\/media?parent=108405"}],"wp:term":[{"taxonomy":"product_brand","embeddable":true,"href":"https:\/\/basseinimeistrid.ee\/fi\/wp-json\/wp\/v2\/product_brand?post=108405"},{"taxonomy":"product_cat","embeddable":true,"href":"https:\/\/basseinimeistrid.ee\/fi\/wp-json\/wp\/v2\/product_cat?post=108405"},{"taxonomy":"product_tag","embeddable":true,"href":"https:\/\/basseinimeistrid.ee\/fi\/wp-json\/wp\/v2\/product_tag?post=108405"}],"curies":[{"name":"wp","href":"https:\/\/api.w.org\/{rel}","templated":true}]}}