{"id":108406,"date":"2025-02-14T12:55:15","date_gmt":"2025-02-14T10:55:15","guid":{"rendered":"https:\/\/basseinimeistrid.ee\/pood\/Ei-luokiteltu\/zettex-x-45-aerosoliliima\/"},"modified":"2025-03-15T15:21:29","modified_gmt":"2025-03-15T13:21:29","slug":"zettex-x-45-aerosoliliima","status":"publish","type":"product","link":"https:\/\/basseinimeistrid.ee\/fi\/pood\/zettex-x-45-aerosoliliima\/","title":{"rendered":"Zettex X-45 aerosoliliima"},"content":{"rendered":"<h4>Zettex X-45 Spraybond aerosoliliima<\/h4>\n<p id=\"tw-target-text\" class=\"tw-data-text tw-text-large tw-ta\" dir=\"ltr\" data-placeholder=\"T\u00f5lge\" data-ved=\"2ahUKEwjUg5rS17mLAxXyi8MKHXPtBPcQ3ewLegQIBxAV\" aria-label=\"T\u00f5lgitud tekst: Kirjeldus Zettex X45 on v\u00e4ga kvaliteetne kuumakindel kontaktliim igat t\u00fc\u00fcpi membraanide ja katuste liimimiseks k\u00f5ikide aluspindadega. T\u00e4nu ainulaadsele koostisele ja keskkonnas\u00f5bralikkusele ei sisalda Zettex Spraybond X45 CFC-sid ega kahjulikke lahusteid. Omadused: - \u00fcliv\u00f5imas - kuumakindel - kiiresti kuivav - universaalne kasutus - kasutusvalmis - DCM-vaba. Kasutusalad: igat t\u00fc\u00fcpi aluspindade liimimiseks. K\u00f5rge kuivaine- ja kummisisalduse t\u00f5ttu on see liim \u00e4\u00e4rmiselt vastupidav ja ohutu kasutada. Zettex Spraybond X45 sobib ka plastifikaatori suhtes tundlike aluspindade, n\u00e4iteks PVC, liimimiseks. Maksimaalne plastifikaatori osakaal PVC-s ei tohi \u00fcletada 16%. Soovitatav on teha eelkatse.\"><span class=\"Y2IQFc\" lang=\"et\">Zettex X45 on korkealaatuinen l\u00e4mm\u00f6nkest\u00e4v\u00e4 kontaktiliima kaikentyyppisten kalvojen, tekstiilien ja muiden rullamateriaalien liimaamiseen kaikkiin alustoihin*. Ainutlaatuisen koostumuksensa ja ymp\u00e4rist\u00f6yst\u00e4v\u00e4llisyytens\u00e4 ansiosta Zettex Spraybond X45 ei sis\u00e4ll\u00e4 CFC-yhdisteit\u00e4 tai haitallisia liuottimia. <\/span><\/p>\n<p class=\"tw-data-text tw-text-large tw-ta\" dir=\"ltr\" data-placeholder=\"T\u00f5lge\" data-ved=\"2ahUKEwjUg5rS17mLAxXyi8MKHXPtBPcQ3ewLegQIBxAV\" aria-label=\"T\u00f5lgitud tekst: Kirjeldus Zettex X45 on v\u00e4ga kvaliteetne kuumakindel kontaktliim igat t\u00fc\u00fcpi membraanide ja katuste liimimiseks k\u00f5ikide aluspindadega. T\u00e4nu ainulaadsele koostisele ja keskkonnas\u00f5bralikkusele ei sisalda Zettex Spraybond X45 CFC-sid ega kahjulikke lahusteid. Omadused: - \u00fcliv\u00f5imas - kuumakindel - kiiresti kuivav - universaalne kasutus - kasutusvalmis - DCM-vaba. Kasutusalad: igat t\u00fc\u00fcpi aluspindade liimimiseks. K\u00f5rge kuivaine- ja kummisisalduse t\u00f5ttu on see liim \u00e4\u00e4rmiselt vastupidav ja ohutu kasutada. Zettex Spraybond X45 sobib ka plastifikaatori suhtes tundlike aluspindade, n\u00e4iteks PVC, liimimiseks. Maksimaalne plastifikaatori osakaal PVC-s ei tohi \u00fcletada 16%. Soovitatav on teha eelkatse.\"><span class=\"Y2IQFc\" lang=\"et\">Ominaisuudet:<\/span><\/p>\n<ul>\n<li class=\"tw-data-text tw-text-large tw-ta\" dir=\"ltr\" data-placeholder=\"T\u00f5lge\" data-ved=\"2ahUKEwjUg5rS17mLAxXyi8MKHXPtBPcQ3ewLegQIBxAV\" aria-label=\"T\u00f5lgitud tekst: Kirjeldus Zettex X45 on v\u00e4ga kvaliteetne kuumakindel kontaktliim igat t\u00fc\u00fcpi membraanide ja katuste liimimiseks k\u00f5ikide aluspindadega. T\u00e4nu ainulaadsele koostisele ja keskkonnas\u00f5bralikkusele ei sisalda Zettex Spraybond X45 CFC-sid ega kahjulikke lahusteid. Omadused: - \u00fcliv\u00f5imas - kuumakindel - kiiresti kuivav - universaalne kasutus - kasutusvalmis - DCM-vaba. Kasutusalad: igat t\u00fc\u00fcpi aluspindade liimimiseks. K\u00f5rge kuivaine- ja kummisisalduse t\u00f5ttu on see liim \u00e4\u00e4rmiselt vastupidav ja ohutu kasutada. Zettex Spraybond X45 sobib ka plastifikaatori suhtes tundlike aluspindade, n\u00e4iteks PVC, liimimiseks. Maksimaalne plastifikaatori osakaal PVC-s ei tohi \u00fcletada 16%. Soovitatav on teha eelkatse.\"><span class=\"Y2IQFc\" lang=\"et\">supervoimakas<\/span><\/li>\n<li class=\"tw-data-text tw-text-large tw-ta\" dir=\"ltr\" data-placeholder=\"T\u00f5lge\" data-ved=\"2ahUKEwjUg5rS17mLAxXyi8MKHXPtBPcQ3ewLegQIBxAV\" aria-label=\"T\u00f5lgitud tekst: Kirjeldus Zettex X45 on v\u00e4ga kvaliteetne kuumakindel kontaktliim igat t\u00fc\u00fcpi membraanide ja katuste liimimiseks k\u00f5ikide aluspindadega. T\u00e4nu ainulaadsele koostisele ja keskkonnas\u00f5bralikkusele ei sisalda Zettex Spraybond X45 CFC-sid ega kahjulikke lahusteid. Omadused: - \u00fcliv\u00f5imas - kuumakindel - kiiresti kuivav - universaalne kasutus - kasutusvalmis - DCM-vaba. Kasutusalad: igat t\u00fc\u00fcpi aluspindade liimimiseks. K\u00f5rge kuivaine- ja kummisisalduse t\u00f5ttu on see liim \u00e4\u00e4rmiselt vastupidav ja ohutu kasutada. Zettex Spraybond X45 sobib ka plastifikaatori suhtes tundlike aluspindade, n\u00e4iteks PVC, liimimiseks. Maksimaalne plastifikaatori osakaal PVC-s ei tohi \u00fcletada 16%. Soovitatav on teha eelkatse.\"><span class=\"Y2IQFc\" lang=\"et\">l\u00e4mm\u00f6nkest\u00e4v\u00e4<\/span><\/li>\n<li class=\"tw-data-text tw-text-large tw-ta\" dir=\"ltr\" data-placeholder=\"T\u00f5lge\" data-ved=\"2ahUKEwjUg5rS17mLAxXyi8MKHXPtBPcQ3ewLegQIBxAV\" aria-label=\"T\u00f5lgitud tekst: Kirjeldus Zettex X45 on v\u00e4ga kvaliteetne kuumakindel kontaktliim igat t\u00fc\u00fcpi membraanide ja katuste liimimiseks k\u00f5ikide aluspindadega. T\u00e4nu ainulaadsele koostisele ja keskkonnas\u00f5bralikkusele ei sisalda Zettex Spraybond X45 CFC-sid ega kahjulikke lahusteid. Omadused: - \u00fcliv\u00f5imas - kuumakindel - kiiresti kuivav - universaalne kasutus - kasutusvalmis - DCM-vaba. Kasutusalad: igat t\u00fc\u00fcpi aluspindade liimimiseks. K\u00f5rge kuivaine- ja kummisisalduse t\u00f5ttu on see liim \u00e4\u00e4rmiselt vastupidav ja ohutu kasutada. Zettex Spraybond X45 sobib ka plastifikaatori suhtes tundlike aluspindade, n\u00e4iteks PVC, liimimiseks. Maksimaalne plastifikaatori osakaal PVC-s ei tohi \u00fcletada 16%. Soovitatav on teha eelkatse.\"><span class=\"Y2IQFc\" lang=\"et\">nopeasti kuivuva<\/span><\/li>\n<li class=\"tw-data-text tw-text-large tw-ta\" dir=\"ltr\" data-placeholder=\"T\u00f5lge\" data-ved=\"2ahUKEwjUg5rS17mLAxXyi8MKHXPtBPcQ3ewLegQIBxAV\" aria-label=\"T\u00f5lgitud tekst: Kirjeldus Zettex X45 on v\u00e4ga kvaliteetne kuumakindel kontaktliim igat t\u00fc\u00fcpi membraanide ja katuste liimimiseks k\u00f5ikide aluspindadega. T\u00e4nu ainulaadsele koostisele ja keskkonnas\u00f5bralikkusele ei sisalda Zettex Spraybond X45 CFC-sid ega kahjulikke lahusteid. Omadused: - \u00fcliv\u00f5imas - kuumakindel - kiiresti kuivav - universaalne kasutus - kasutusvalmis - DCM-vaba. Kasutusalad: igat t\u00fc\u00fcpi aluspindade liimimiseks. K\u00f5rge kuivaine- ja kummisisalduse t\u00f5ttu on see liim \u00e4\u00e4rmiselt vastupidav ja ohutu kasutada. Zettex Spraybond X45 sobib ka plastifikaatori suhtes tundlike aluspindade, n\u00e4iteks PVC, liimimiseks. Maksimaalne plastifikaatori osakaal PVC-s ei tohi \u00fcletada 16%. Soovitatav on teha eelkatse.\"><span class=\"Y2IQFc\" lang=\"et\">yleisk\u00e4ytt\u00f6\u00f6n<\/span><\/li>\n<li class=\"tw-data-text tw-text-large tw-ta\" dir=\"ltr\" data-placeholder=\"T\u00f5lge\" data-ved=\"2ahUKEwjUg5rS17mLAxXyi8MKHXPtBPcQ3ewLegQIBxAV\" aria-label=\"T\u00f5lgitud tekst: Kirjeldus Zettex X45 on v\u00e4ga kvaliteetne kuumakindel kontaktliim igat t\u00fc\u00fcpi membraanide ja katuste liimimiseks k\u00f5ikide aluspindadega. T\u00e4nu ainulaadsele koostisele ja keskkonnas\u00f5bralikkusele ei sisalda Zettex Spraybond X45 CFC-sid ega kahjulikke lahusteid. Omadused: - \u00fcliv\u00f5imas - kuumakindel - kiiresti kuivav - universaalne kasutus - kasutusvalmis - DCM-vaba. Kasutusalad: igat t\u00fc\u00fcpi aluspindade liimimiseks. K\u00f5rge kuivaine- ja kummisisalduse t\u00f5ttu on see liim \u00e4\u00e4rmiselt vastupidav ja ohutu kasutada. Zettex Spraybond X45 sobib ka plastifikaatori suhtes tundlike aluspindade, n\u00e4iteks PVC, liimimiseks. Maksimaalne plastifikaatori osakaal PVC-s ei tohi \u00fcletada 16%. Soovitatav on teha eelkatse.\"><span class=\"Y2IQFc\" lang=\"et\">valmis k\u00e4ytett\u00e4v\u00e4ksi<\/span><\/li>\n<li class=\"tw-data-text tw-text-large tw-ta\" dir=\"ltr\" data-placeholder=\"T\u00f5lge\" data-ved=\"2ahUKEwjUg5rS17mLAxXyi8MKHXPtBPcQ3ewLegQIBxAV\" aria-label=\"T\u00f5lgitud tekst: Kirjeldus Zettex X45 on v\u00e4ga kvaliteetne kuumakindel kontaktliim igat t\u00fc\u00fcpi membraanide ja katuste liimimiseks k\u00f5ikide aluspindadega. T\u00e4nu ainulaadsele koostisele ja keskkonnas\u00f5bralikkusele ei sisalda Zettex Spraybond X45 CFC-sid ega kahjulikke lahusteid. Omadused: - \u00fcliv\u00f5imas - kuumakindel - kiiresti kuivav - universaalne kasutus - kasutusvalmis - DCM-vaba. Kasutusalad: igat t\u00fc\u00fcpi aluspindade liimimiseks. K\u00f5rge kuivaine- ja kummisisalduse t\u00f5ttu on see liim \u00e4\u00e4rmiselt vastupidav ja ohutu kasutada. Zettex Spraybond X45 sobib ka plastifikaatori suhtes tundlike aluspindade, n\u00e4iteks PVC, liimimiseks. Maksimaalne plastifikaatori osakaal PVC-s ei tohi \u00fcletada 16%. Soovitatav on teha eelkatse.\"><span class=\"Y2IQFc\" lang=\"et\">DCM-vapaa<\/span><\/li>\n<\/ul>\n<p><span class=\"Y2IQFc\" lang=\"et\">K\u00e4ytt\u00f6alueet: liimaukseen kaikentyyppisille alustoille. Korkean kiintoaine- ja kumipitoisuutensa ansiosta t\u00e4m\u00e4 liima on eritt\u00e4in kest\u00e4v\u00e4 ja turvallinen k\u00e4ytt\u00e4\u00e4. Zettex Spraybond X45 soveltuu my\u00f6s pehmittimelle herkkien alustojen, kuten PVC:n, liimaamiseen. PVC:n pehmitinpitoisuus saa olla enint\u00e4\u00e4n 16 %*.     <\/span><\/p>\n<p dir=\"ltr\" data-placeholder=\"T\u00f5lge\" data-ved=\"2ahUKEwjUg5rS17mLAxXyi8MKHXPtBPcQ3ewLegQIBxAV\" aria-label=\"T\u00f5lgitud tekst: Kirjeldus Zettex X45 on v\u00e4ga kvaliteetne kuumakindel kontaktliim igat t\u00fc\u00fcpi membraanide ja katuste liimimiseks k\u00f5ikide aluspindadega. T\u00e4nu ainulaadsele koostisele ja keskkonnas\u00f5bralikkusele ei sisalda Zettex Spraybond X45 CFC-sid ega kahjulikke lahusteid. Omadused: - \u00fcliv\u00f5imas - kuumakindel - kiiresti kuivav - universaalne kasutus - kasutusvalmis - DCM-vaba. Kasutusalad: igat t\u00fc\u00fcpi aluspindade liimimiseks. K\u00f5rge kuivaine- ja kummisisalduse t\u00f5ttu on see liim \u00e4\u00e4rmiselt vastupidav ja ohutu kasutada. Zettex Spraybond X45 sobib ka plastifikaatori suhtes tundlike aluspindade, n\u00e4iteks PVC, liimimiseks. Maksimaalne plastifikaatori osakaal PVC-s ei tohi \u00fcletada 16%. Soovitatav on teha eelkatse.\">Pullo<\/p>\n<p class=\"tw-data-text tw-text-large tw-ta\" dir=\"ltr\" data-placeholder=\"T\u00f5lge\" data-ved=\"2ahUKEwjUg5rS17mLAxXyi8MKHXPtBPcQ3ewLegQIBxAV\" aria-label=\"T\u00f5lgitud tekst: Kirjeldus Zettex X45 on v\u00e4ga kvaliteetne kuumakindel kontaktliim igat t\u00fc\u00fcpi membraanide ja katuste liimimiseks k\u00f5ikide aluspindadega. T\u00e4nu ainulaadsele koostisele ja keskkonnas\u00f5bralikkusele ei sisalda Zettex Spraybond X45 CFC-sid ega kahjulikke lahusteid. Omadused: - \u00fcliv\u00f5imas - kuumakindel - kiiresti kuivav - universaalne kasutus - kasutusvalmis - DCM-vaba. Kasutusalad: igat t\u00fc\u00fcpi aluspindade liimimiseks. K\u00f5rge kuivaine- ja kummisisalduse t\u00f5ttu on see liim \u00e4\u00e4rmiselt vastupidav ja ohutu kasutada. Zettex Spraybond X45 sobib ka plastifikaatori suhtes tundlike aluspindade, n\u00e4iteks PVC, liimimiseks. Maksimaalne plastifikaatori osakaal PVC-s ei tohi \u00fcletada 16%. Soovitatav on teha eelkatse.\"><span class=\"Y2IQFc\" lang=\"et\">* On suositeltavaa testata ensin materiaalin yhteensopivuus liiman kanssa.<\/span><\/p>\n<p dir=\"ltr\" data-placeholder=\"T\u00f5lge\" data-ved=\"2ahUKEwjUg5rS17mLAxXyi8MKHXPtBPcQ3ewLegQIBxAV\" aria-label=\"T\u00f5lgitud tekst: Kirjeldus Zettex X45 on v\u00e4ga kvaliteetne kuumakindel kontaktliim igat t\u00fc\u00fcpi membraanide ja katuste liimimiseks k\u00f5ikide aluspindadega. T\u00e4nu ainulaadsele koostisele ja keskkonnas\u00f5bralikkusele ei sisalda Zettex Spraybond X45 CFC-sid ega kahjulikke lahusteid. Omadused: - \u00fcliv\u00f5imas - kuumakindel - kiiresti kuivav - universaalne kasutus - kasutusvalmis - DCM-vaba. Kasutusalad: igat t\u00fc\u00fcpi aluspindade liimimiseks. K\u00f5rge kuivaine- ja kummisisalduse t\u00f5ttu on see liim \u00e4\u00e4rmiselt vastupidav ja ohutu kasutada. Zettex Spraybond X45 sobib ka plastifikaatori suhtes tundlike aluspindade, n\u00e4iteks PVC, liimimiseks. Maksimaalne plastifikaatori osakaal PVC-s ei tohi \u00fcletada 16%. Soovitatav on teha eelkatse.\">S\u00e4ili\u00f6n ja\/tai s\u00e4ili\u00f6n etiketti voi poiketa n\u00e4ytetyist\u00e4 kuvista. Sis\u00e4lt\u00f6\/tuote on sama. <\/p>\n<p dir=\"ltr\" data-placeholder=\"T\u00f5lge\" data-ved=\"2ahUKEwjUg5rS17mLAxXyi8MKHXPtBPcQ3ewLegQIBxAV\" aria-label=\"T\u00f5lgitud tekst: Kirjeldus Zettex X45 on v\u00e4ga kvaliteetne kuumakindel kontaktliim igat t\u00fc\u00fcpi membraanide ja katuste liimimiseks k\u00f5ikide aluspindadega. T\u00e4nu ainulaadsele koostisele ja keskkonnas\u00f5bralikkusele ei sisalda Zettex Spraybond X45 CFC-sid ega kahjulikke lahusteid. Omadused: - \u00fcliv\u00f5imas - kuumakindel - kiiresti kuivav - universaalne kasutus - kasutusvalmis - DCM-vaba. Kasutusalad: igat t\u00fc\u00fcpi aluspindade liimimiseks. K\u00f5rge kuivaine- ja kummisisalduse t\u00f5ttu on see liim \u00e4\u00e4rmiselt vastupidav ja ohutu kasutada. Zettex Spraybond X45 sobib ka plastifikaatori suhtes tundlike aluspindade, n\u00e4iteks PVC, liimimiseks. Maksimaalne plastifikaatori osakaal PVC-s ei tohi \u00fcletada 16%. Soovitatav on teha eelkatse.\">\n","protected":false},"excerpt":{"rendered":"<p>Zettex X-45 Spraybond aerosoliliima Zettex X45 on korkealaatuinen l\u00e4mm\u00f6nkest\u00e4v\u00e4 kontaktiliima kaikentyyppisten kalvojen, tekstiilien ja muiden rullamateriaalien liimaamiseen kaikkiin alustoihin*. Ainutlaatuisen koostumuksensa ja ymp\u00e4rist\u00f6yst\u00e4v\u00e4llisyytens\u00e4 ansiosta Zettex Spraybond X45 ei sis\u00e4ll\u00e4 CFC-yhdisteit\u00e4 tai haitallisia liuottimia. Ominaisuudet: supervoimakas l\u00e4mm\u00f6nkest\u00e4v\u00e4 nopeasti kuivuva yleisk\u00e4ytt\u00f6\u00f6n valmis k\u00e4ytett\u00e4v\u00e4ksi DCM-vapaa K\u00e4ytt\u00f6alueet: liimaukseen kaikentyyppisille alustoille. Korkean kiintoaine- ja kumipitoisuutensa ansiosta t\u00e4m\u00e4 liima on eritt\u00e4in [&hellip;]<\/p>\n","protected":false},"featured_media":105464,"template":"","meta":{"_et_pb_use_builder":"","_et_pb_old_content":"","_et_gb_content_width":""},"product_brand":[],"product_cat":[219],"product_tag":[],"class_list":{"0":"post-108406","1":"product","2":"type-product","3":"status-publish","4":"has-post-thumbnail","6":"product_cat-allasvuorauksen-tarvikkeet","7":"product_shipping_class-pakiautomaat-fi","9":"first","10":"instock","11":"taxable","12":"shipping-taxable","13":"purchasable","14":"product-type-simple"},"jetpack_sharing_enabled":true,"_links":{"self":[{"href":"https:\/\/basseinimeistrid.ee\/fi\/wp-json\/wp\/v2\/product\/108406","targetHints":{"allow":["GET"]}}],"collection":[{"href":"https:\/\/basseinimeistrid.ee\/fi\/wp-json\/wp\/v2\/product"}],"about":[{"href":"https:\/\/basseinimeistrid.ee\/fi\/wp-json\/wp\/v2\/types\/product"}],"wp:featuredmedia":[{"embeddable":true,"href":"https:\/\/basseinimeistrid.ee\/fi\/wp-json\/wp\/v2\/media\/105464"}],"wp:attachment":[{"href":"https:\/\/basseinimeistrid.ee\/fi\/wp-json\/wp\/v2\/media?parent=108406"}],"wp:term":[{"taxonomy":"product_brand","embeddable":true,"href":"https:\/\/basseinimeistrid.ee\/fi\/wp-json\/wp\/v2\/product_brand?post=108406"},{"taxonomy":"product_cat","embeddable":true,"href":"https:\/\/basseinimeistrid.ee\/fi\/wp-json\/wp\/v2\/product_cat?post=108406"},{"taxonomy":"product_tag","embeddable":true,"href":"https:\/\/basseinimeistrid.ee\/fi\/wp-json\/wp\/v2\/product_tag?post=108406"}],"curies":[{"name":"wp","href":"https:\/\/api.w.org\/{rel}","templated":true}]}}