{"id":108407,"date":"2025-02-14T11:56:08","date_gmt":"2025-02-14T09:56:08","guid":{"rendered":"https:\/\/basseinimeistrid.ee\/pood\/Ei-luokiteltu\/putken-tulppa-sulkupallo-flowstop\/"},"modified":"2025-03-12T07:25:26","modified_gmt":"2025-03-12T05:25:26","slug":"putken-tulppa-sulkupallo-flowstop","status":"publish","type":"product","link":"https:\/\/basseinimeistrid.ee\/fi\/pood\/putken-tulppa-sulkupallo-flowstop\/","title":{"rendered":"Putken tulppa \/ sulkupallo Flowstop"},"content":{"rendered":"<p id=\"tw-target-text\" class=\"tw-data-text tw-text-large tw-ta\" dir=\"ltr\" data-placeholder=\"T\u00f5lge\" data-ved=\"2ahUKEwjUg5rS17mLAxXyi8MKHXPtBPcQ3ewLegQIBxAV\" aria-label=\"T\u00f5lgitud tekst: Ideaalne probleemide lahendaja, st p\u00f5hjakanalisatsiooni tihendamiseks hoolduse ajal. Flowstop 92-145mm on n\u00fc\u00fcd saadaval 3 meetri pikkuse vooliku ja ventiiliga (9 mm vooliku saba \u00fchendus). AH605 ei sobi k\u00e4sipumbale.\"><span class=\"Y2IQFc\" lang=\"et\">Ihanteellinen ongelmanratkaisija. Putken sulkeminen kokonaan huolto-\/rakennustarkoituksiin. Flowstop 92-145mm on nyt saatavana 3 metrin letkulla ja venttiilill\u00e4 (9 mm letkun per\u00e4liit\u00e4nt\u00e4). AH605 ei sovellu k\u00e4sipumpulle. <\/span><\/p>\n","protected":false},"excerpt":{"rendered":"<p>Ihanteellinen ongelmanratkaisija. Putken sulkeminen kokonaan huolto-\/rakennustarkoituksiin. Flowstop 92-145mm on nyt saatavana 3 metrin letkulla ja venttiilill\u00e4 (9 mm letkun per\u00e4liit\u00e4nt\u00e4). AH605 ei sovellu k\u00e4sipumpulle.<\/p>\n","protected":false},"featured_media":105439,"template":"","meta":{"_et_pb_use_builder":"","_et_pb_old_content":"","_et_gb_content_width":""},"product_brand":[],"product_cat":[174],"product_tag":[],"class_list":{"0":"post-108407","1":"product","2":"type-product","3":"status-publish","4":"has-post-thumbnail","6":"product_cat-tyokaluja","7":"product_shipping_class-pakiautomaat-fi","9":"first","10":"instock","11":"taxable","12":"shipping-taxable","13":"purchasable","14":"product-type-simple"},"jetpack_sharing_enabled":true,"_links":{"self":[{"href":"https:\/\/basseinimeistrid.ee\/fi\/wp-json\/wp\/v2\/product\/108407","targetHints":{"allow":["GET"]}}],"collection":[{"href":"https:\/\/basseinimeistrid.ee\/fi\/wp-json\/wp\/v2\/product"}],"about":[{"href":"https:\/\/basseinimeistrid.ee\/fi\/wp-json\/wp\/v2\/types\/product"}],"wp:featuredmedia":[{"embeddable":true,"href":"https:\/\/basseinimeistrid.ee\/fi\/wp-json\/wp\/v2\/media\/105439"}],"wp:attachment":[{"href":"https:\/\/basseinimeistrid.ee\/fi\/wp-json\/wp\/v2\/media?parent=108407"}],"wp:term":[{"taxonomy":"product_brand","embeddable":true,"href":"https:\/\/basseinimeistrid.ee\/fi\/wp-json\/wp\/v2\/product_brand?post=108407"},{"taxonomy":"product_cat","embeddable":true,"href":"https:\/\/basseinimeistrid.ee\/fi\/wp-json\/wp\/v2\/product_cat?post=108407"},{"taxonomy":"product_tag","embeddable":true,"href":"https:\/\/basseinimeistrid.ee\/fi\/wp-json\/wp\/v2\/product_tag?post=108407"}],"curies":[{"name":"wp","href":"https:\/\/api.w.org\/{rel}","templated":true}]}}