{"id":108408,"date":"2025-02-14T11:47:01","date_gmt":"2025-02-14T09:47:01","guid":{"rendered":"https:\/\/basseinimeistrid.ee\/pood\/Ei-luokiteltu\/muoviputkijyrsin-16-63mm\/"},"modified":"2025-03-15T15:21:31","modified_gmt":"2025-03-15T13:21:31","slug":"muoviputkijyrsin-16-63mm","status":"publish","type":"product","link":"https:\/\/basseinimeistrid.ee\/fi\/pood\/muoviputkijyrsin-16-63mm\/","title":{"rendered":"Muoviputkijyrsin, 16-63mm"},"content":{"rendered":"<p id=\"tw-target-text\" class=\"tw-data-text tw-text-large tw-ta\" dir=\"ltr\" data-placeholder=\"T\u00f5lge\" data-ved=\"2ahUKEwjUg5rS17mLAxXyi8MKHXPtBPcQ3ewLegQIBxAV\" aria-label=\"T\u00f5lgitud tekst: Plasttorude nagu PVC, C-PVC, ABS, PP ja PE faasimiseks. Sobib l\u00e4bim\u00f5\u00f5duga 16 mm &lt;encoded_tag_open \/&gt; 63 mm. - Loob 15\u00b0 kaldenurga - Takistab liimi eemalet\u00f5ukamist Plasttorud peavad olema puhtad, kuivad ja rasvavabad. Viis adapterr\u00f5ngast 20, 25, 32, 40 ja 50 mm jaoks on integreeritud faasimist\u00f6\u00f6riista sisse. Nende paigaldamine: Keerake kruvid lahti. Asetage soovitud l\u00e4bim\u00f5\u00f5duga adapterr\u00f5ngad (n\u00e4iteks 40 mm l\u00e4bim\u00f5\u00f5duga asetage adapteri r\u00f5ngas l\u00e4bim\u00f5\u00f5duga 50 ja 40). Pingutage kruvi (mitte kaugemale kui adapteri r\u00f5ngad). Teised adapterr\u00f5ngad saab asetada faasimist\u00f6\u00f6riista tagak\u00fcljele. Asetage faasimist\u00f6\u00f6riist toru kohale ja liigutage seda, kuni kogu toru serv on 15\u00b0. \u00c4rge avaldage torule survet.\"><span class=\"Y2IQFc\" lang=\"et\">Muoviputkien, kuten PVC, C-PVC, ABS, PP ja PE, viistoon. T\u00e4rke\u00e4 ty\u00f6kalu oikeaan asennukseen. Viistetty putken p\u00e4\u00e4 ei ty\u00f6nn\u00e4 liimaa\/tiivistett\u00e4 pois asennuksen aikana. Sopii halkaisijaltaan 16 mm&lt; 63 mm. Luo viisteen, jonka viistekulma on 15\u00b0. Putkien tulee olla puhtaita, kuivia ja rasvattomia. Viisteusty\u00f6kaluun on integroitu viisi sovitinrengasta 20, 25, 32, 40 ja 50 mm.      <\/span><\/p>\n<p>&nbsp;<\/p>\n","protected":false},"excerpt":{"rendered":"<p>Muoviputkien, kuten PVC, C-PVC, ABS, PP ja PE, viistoon. T\u00e4rke\u00e4 ty\u00f6kalu oikeaan asennukseen. Viistetty putken p\u00e4\u00e4 ei ty\u00f6nn\u00e4 liimaa\/tiivistett\u00e4 pois asennuksen aikana. Sopii halkaisijaltaan 16 mm&lt; 63 mm. Luo viisteen, jonka viistekulma on 15\u00b0. Putkien tulee olla puhtaita, kuivia ja rasvattomia. Viisteusty\u00f6kaluun on integroitu viisi sovitinrengasta 20, 25, 32, 40 ja 50 mm. &nbsp;<\/p>\n","protected":false},"featured_media":105433,"template":"","meta":{"_et_pb_use_builder":"","_et_pb_old_content":"","_et_gb_content_width":""},"product_brand":[],"product_cat":[174],"product_tag":[],"class_list":{"0":"post-108408","1":"product","2":"type-product","3":"status-publish","4":"has-post-thumbnail","6":"product_cat-tyokaluja","7":"product_shipping_class-pakiautomaat-fi","9":"first","10":"instock","11":"taxable","12":"shipping-taxable","13":"purchasable","14":"product-type-simple"},"jetpack_sharing_enabled":true,"_links":{"self":[{"href":"https:\/\/basseinimeistrid.ee\/fi\/wp-json\/wp\/v2\/product\/108408","targetHints":{"allow":["GET"]}}],"collection":[{"href":"https:\/\/basseinimeistrid.ee\/fi\/wp-json\/wp\/v2\/product"}],"about":[{"href":"https:\/\/basseinimeistrid.ee\/fi\/wp-json\/wp\/v2\/types\/product"}],"wp:featuredmedia":[{"embeddable":true,"href":"https:\/\/basseinimeistrid.ee\/fi\/wp-json\/wp\/v2\/media\/105433"}],"wp:attachment":[{"href":"https:\/\/basseinimeistrid.ee\/fi\/wp-json\/wp\/v2\/media?parent=108408"}],"wp:term":[{"taxonomy":"product_brand","embeddable":true,"href":"https:\/\/basseinimeistrid.ee\/fi\/wp-json\/wp\/v2\/product_brand?post=108408"},{"taxonomy":"product_cat","embeddable":true,"href":"https:\/\/basseinimeistrid.ee\/fi\/wp-json\/wp\/v2\/product_cat?post=108408"},{"taxonomy":"product_tag","embeddable":true,"href":"https:\/\/basseinimeistrid.ee\/fi\/wp-json\/wp\/v2\/product_tag?post=108408"}],"curies":[{"name":"wp","href":"https:\/\/api.w.org\/{rel}","templated":true}]}}