{"id":108410,"date":"2025-02-14T11:43:22","date_gmt":"2025-02-14T09:43:22","guid":{"rendered":"https:\/\/basseinimeistrid.ee\/pood\/Ei-luokiteltu\/lankasaha-muoviputkille\/"},"modified":"2025-03-15T15:21:29","modified_gmt":"2025-03-15T13:21:29","slug":"lankasaha-muoviputkille","status":"publish","type":"product","link":"https:\/\/basseinimeistrid.ee\/fi\/pood\/lankasaha-muoviputkille\/","title":{"rendered":"Lankasaha muoviputkille"},"content":{"rendered":"<p>Hyv\u00e4 apulainen muoviputkien leikkaamiseen eritt\u00e4in ahtaissa tiloissa. K\u00f6ysi 88,5 cm. Vahvat k\u00e4densijat.  <\/p>\n<p>PVC, PVC-C, PP, PE<\/p>\n","protected":false},"excerpt":{"rendered":"<p>Hyv\u00e4 apulainen muoviputkien leikkaamiseen eritt\u00e4in ahtaissa tiloissa. K\u00f6ysi 88,5 cm. Vahvat k\u00e4densijat. PVC, PVC-C, PP, PE<\/p>\n","protected":false},"featured_media":105424,"template":"","meta":{"_et_pb_use_builder":"","_et_pb_old_content":"","_et_gb_content_width":""},"product_brand":[],"product_cat":[174],"product_tag":[],"class_list":{"0":"post-108410","1":"product","2":"type-product","3":"status-publish","4":"has-post-thumbnail","6":"product_cat-tyokaluja","7":"product_shipping_class-pakiautomaat-fi","9":"first","10":"instock","11":"taxable","12":"shipping-taxable","13":"purchasable","14":"product-type-simple"},"jetpack_sharing_enabled":true,"_links":{"self":[{"href":"https:\/\/basseinimeistrid.ee\/fi\/wp-json\/wp\/v2\/product\/108410","targetHints":{"allow":["GET"]}}],"collection":[{"href":"https:\/\/basseinimeistrid.ee\/fi\/wp-json\/wp\/v2\/product"}],"about":[{"href":"https:\/\/basseinimeistrid.ee\/fi\/wp-json\/wp\/v2\/types\/product"}],"wp:featuredmedia":[{"embeddable":true,"href":"https:\/\/basseinimeistrid.ee\/fi\/wp-json\/wp\/v2\/media\/105424"}],"wp:attachment":[{"href":"https:\/\/basseinimeistrid.ee\/fi\/wp-json\/wp\/v2\/media?parent=108410"}],"wp:term":[{"taxonomy":"product_brand","embeddable":true,"href":"https:\/\/basseinimeistrid.ee\/fi\/wp-json\/wp\/v2\/product_brand?post=108410"},{"taxonomy":"product_cat","embeddable":true,"href":"https:\/\/basseinimeistrid.ee\/fi\/wp-json\/wp\/v2\/product_cat?post=108410"},{"taxonomy":"product_tag","embeddable":true,"href":"https:\/\/basseinimeistrid.ee\/fi\/wp-json\/wp\/v2\/product_tag?post=108410"}],"curies":[{"name":"wp","href":"https:\/\/api.w.org\/{rel}","templated":true}]}}