{"id":108411,"date":"2025-02-14T11:19:05","date_gmt":"2025-02-14T09:19:05","guid":{"rendered":"https:\/\/basseinimeistrid.ee\/pood\/Ei-luokiteltu\/letku-ja-jousta-putki-leikkuri-premium-16-64mm\/"},"modified":"2025-03-15T15:23:08","modified_gmt":"2025-03-15T13:23:08","slug":"letku-ja-jousta-putki-leikkuri-premium-16-64mm","status":"publish","type":"product","link":"https:\/\/basseinimeistrid.ee\/fi\/pood\/letku-ja-jousta-putki-leikkuri-premium-16-64mm\/","title":{"rendered":"Letku- ja joustava putki leikkuri PREMIUM 16-64mm"},"content":{"rendered":"<p>Ammattilaatuiset leikkauspihdit. Ruostumattomasta ter\u00e4ksest\u00e4 valmistettu ter\u00e4. 16-64mm putkille, letkuille.  <\/p>\n","protected":false},"excerpt":{"rendered":"<p>Ammattilaatuiset leikkauspihdit. Ruostumattomasta ter\u00e4ksest\u00e4 valmistettu ter\u00e4. 16-64mm putkille, letkuille.<\/p>\n","protected":false},"featured_media":105419,"template":"","meta":{"_et_pb_use_builder":"","_et_pb_old_content":"","_et_gb_content_width":""},"product_brand":[],"product_cat":[174],"product_tag":[],"class_list":{"0":"post-108411","1":"product","2":"type-product","3":"status-publish","4":"has-post-thumbnail","6":"product_cat-tyokaluja","7":"product_shipping_class-pakiautomaat-fi","9":"first","10":"instock","11":"taxable","12":"shipping-taxable","13":"purchasable","14":"product-type-variable"},"jetpack_sharing_enabled":true,"_links":{"self":[{"href":"https:\/\/basseinimeistrid.ee\/fi\/wp-json\/wp\/v2\/product\/108411","targetHints":{"allow":["GET"]}}],"collection":[{"href":"https:\/\/basseinimeistrid.ee\/fi\/wp-json\/wp\/v2\/product"}],"about":[{"href":"https:\/\/basseinimeistrid.ee\/fi\/wp-json\/wp\/v2\/types\/product"}],"wp:featuredmedia":[{"embeddable":true,"href":"https:\/\/basseinimeistrid.ee\/fi\/wp-json\/wp\/v2\/media\/105419"}],"wp:attachment":[{"href":"https:\/\/basseinimeistrid.ee\/fi\/wp-json\/wp\/v2\/media?parent=108411"}],"wp:term":[{"taxonomy":"product_brand","embeddable":true,"href":"https:\/\/basseinimeistrid.ee\/fi\/wp-json\/wp\/v2\/product_brand?post=108411"},{"taxonomy":"product_cat","embeddable":true,"href":"https:\/\/basseinimeistrid.ee\/fi\/wp-json\/wp\/v2\/product_cat?post=108411"},{"taxonomy":"product_tag","embeddable":true,"href":"https:\/\/basseinimeistrid.ee\/fi\/wp-json\/wp\/v2\/product_tag?post=108411"}],"curies":[{"name":"wp","href":"https:\/\/api.w.org\/{rel}","templated":true}]}}