{"id":108414,"date":"2025-02-14T11:12:13","date_gmt":"2025-02-14T09:12:13","guid":{"rendered":"https:\/\/basseinimeistrid.ee\/pood\/Ei-luokiteltu\/letku-ja-joustava-putki-leikkuri-basic-16-42mm\/"},"modified":"2025-03-15T15:23:07","modified_gmt":"2025-03-15T13:23:07","slug":"letku-ja-joustava-putki-leikkuri-basic-16-42mm","status":"publish","type":"product","link":"https:\/\/basseinimeistrid.ee\/fi\/pood\/letku-ja-joustava-putki-leikkuri-basic-16-42mm\/","title":{"rendered":"Letku ja joustava putki leikkuri BASIC 16-42mm"},"content":{"rendered":"<p>16-42mm putkileikkuri. Letkuille, pehmeille muoviputkille ja taipuisalle PVC-putkelle. Ter\u00e4 ruostumatonta ter\u00e4st\u00e4.  <\/p>\n","protected":false},"excerpt":{"rendered":"<p>16-42mm putkileikkuri. Letkuille, pehmeille muoviputkille ja taipuisalle PVC-putkelle. Ter\u00e4 ruostumatonta ter\u00e4st\u00e4.<\/p>\n","protected":false},"featured_media":105409,"template":"","meta":{"_et_pb_use_builder":"","_et_pb_old_content":"","_et_gb_content_width":""},"product_brand":[],"product_cat":[174],"product_tag":[],"class_list":{"0":"post-108414","1":"product","2":"type-product","3":"status-publish","4":"has-post-thumbnail","6":"product_cat-tyokaluja","7":"product_shipping_class-pakiautomaat-fi","9":"first","10":"instock","11":"taxable","12":"shipping-taxable","13":"purchasable","14":"product-type-variable"},"jetpack_sharing_enabled":true,"_links":{"self":[{"href":"https:\/\/basseinimeistrid.ee\/fi\/wp-json\/wp\/v2\/product\/108414","targetHints":{"allow":["GET"]}}],"collection":[{"href":"https:\/\/basseinimeistrid.ee\/fi\/wp-json\/wp\/v2\/product"}],"about":[{"href":"https:\/\/basseinimeistrid.ee\/fi\/wp-json\/wp\/v2\/types\/product"}],"wp:featuredmedia":[{"embeddable":true,"href":"https:\/\/basseinimeistrid.ee\/fi\/wp-json\/wp\/v2\/media\/105409"}],"wp:attachment":[{"href":"https:\/\/basseinimeistrid.ee\/fi\/wp-json\/wp\/v2\/media?parent=108414"}],"wp:term":[{"taxonomy":"product_brand","embeddable":true,"href":"https:\/\/basseinimeistrid.ee\/fi\/wp-json\/wp\/v2\/product_brand?post=108414"},{"taxonomy":"product_cat","embeddable":true,"href":"https:\/\/basseinimeistrid.ee\/fi\/wp-json\/wp\/v2\/product_cat?post=108414"},{"taxonomy":"product_tag","embeddable":true,"href":"https:\/\/basseinimeistrid.ee\/fi\/wp-json\/wp\/v2\/product_tag?post=108414"}],"curies":[{"name":"wp","href":"https:\/\/api.w.org\/{rel}","templated":true}]}}